{"id":878,"date":"2023-01-20T19:36:40","date_gmt":"2023-01-20T19:36:40","guid":{"rendered":"https:\/\/moroccoeverydaytrip.com\/it\/?post_type=themo_tour&#038;p=878"},"modified":"2024-11-20T14:31:36","modified_gmt":"2024-11-20T14:31:36","slug":"gita-di-un-giorno-da-marrakech-a-essaouira","status":"publish","type":"page","link":"https:\/\/moroccoeverydaytrip.com\/it\/gita-di-un-giorno-da-marrakech-a-essaouira\/","title":{"rendered":"Gita Di Un Giorno Da Marrakech a Essaouira"},"content":{"rendered":"\t\t<div data-elementor-type=\"wp-post\" data-elementor-id=\"878\" class=\"elementor elementor-878\">\n\t\t\t\t\t\t<section class=\"elementor-section elementor-top-section elementor-element elementor-element-26207402 elementor-section-height-min-height elementor-section-boxed elementor-section-height-default elementor-section-items-middle\" data-id=\"26207402\" data-element_type=\"section\" data-e-type=\"section\" data-settings=\"{&quot;background_background&quot;:&quot;classic&quot;}\">\n\t\t\t\t\t\t<div class=\"elementor-container elementor-column-gap-default\">\n\t\t\t\t\t<div class=\"elementor-column elementor-col-100 elementor-top-column elementor-element elementor-element-31339511\" data-id=\"31339511\" data-element_type=\"column\" data-e-type=\"column\">\n\t\t\t<div class=\"elementor-widget-wrap elementor-element-populated\">\n\t\t\t\t\t\t<div class=\"elementor-element elementor-element-62d6e94c elementor-widget elementor-widget-heading\" data-id=\"62d6e94c\" data-element_type=\"widget\" data-e-type=\"widget\" data-widget_type=\"heading.default\">\n\t\t\t\t<div class=\"elementor-widget-container\">\n\t\t\t\t\t<h1 class=\"elementor-heading-title elementor-size-default\">Gita di un giorno da Marrakech a Essaouira\n<\/h1>\t\t\t\t<\/div>\n\t\t\t\t<\/div>\n\t\t\t\t\t<\/div>\n\t\t<\/div>\n\t\t\t\t\t<\/div>\n\t\t<\/section>\n\t\t\t\t<section class=\"elementor-section elementor-top-section elementor-element elementor-element-62f6798e elementor-section-boxed elementor-section-height-default elementor-section-height-default\" data-id=\"62f6798e\" data-element_type=\"section\" data-e-type=\"section\">\n\t\t\t\t\t\t<div class=\"elementor-container elementor-column-gap-default\">\n\t\t\t\t\t<div class=\"elementor-column elementor-col-100 elementor-top-column elementor-element elementor-element-73e8a105\" data-id=\"73e8a105\" data-element_type=\"column\" data-e-type=\"column\">\n\t\t\t<div class=\"elementor-widget-wrap elementor-element-populated\">\n\t\t\t\t\t\t<div class=\"elementor-element elementor-element-9beffe3 elementor-widget elementor-widget-heading\" data-id=\"9beffe3\" data-element_type=\"widget\" data-e-type=\"widget\" data-widget_type=\"heading.default\">\n\t\t\t\t<div class=\"elementor-widget-container\">\n\t\t\t\t\t<h2 class=\"elementor-heading-title elementor-size-default\">Gita di un giorno da Marrakech a Essaouira<\/h2>\t\t\t\t<\/div>\n\t\t\t\t<\/div>\n\t\t\t\t<div class=\"elementor-element elementor-element-3b6375 elementor-widget elementor-widget-text-editor\" data-id=\"3b6375\" data-element_type=\"widget\" data-e-type=\"widget\" data-widget_type=\"text-editor.default\">\n\t\t\t\t<div class=\"elementor-widget-container\">\n\t\t\t\t\t\t\t\t\t<p>La gita di un giorno da Marrakech a Essaouira vi permetter\u00e0 di esplorare la splendida citt\u00e0 balneare di Essaouira, di visitare il porto tradizionale, la\u00a0<a href=\"https:\/\/it.wikipedia.org\/wiki\/Provincia_di_Essaouira\">spiaggia<\/a>\u00a0mozzafiato, la magnifica medina e di ammirare gli abili intagliatori del legno. La gita di un giorno a Essaouira vi offre l\u2019opportunit\u00e0 di scorrere lungo i bastioni storici e di fare un salto indietro nel tempo. Essaouira, precedentemente nota come Mogador, si trova a 180 km da <a href=\"https:\/\/moroccoeverydaytrip.com\/it\/\">Marrakech<\/a>. Fu fortificata da un architetto francese allievo di S\u00e9bastien Le Prestre de Vauban. Queste influenze e molte altre hanno dato un risultato molto unico e attraente. Oggi, la citt\u00e0 sta gradualmente diventando una citt\u00e0 di artisti.<\/p><p>Essaouira ha un microclima molto favorevole che le conferisce un inverno mite e un\u2019estate fresca. Da segnalare anche una bellissima spiaggia, protetta dalle Iles Purpuraires, un insieme di piccole isole che prendono il nome dalla tintura viola che veniva ricavata dal mollusco murex che prospera negli oceani che circondano le isole. Gli artigiani di Essaouira sono noti per l\u2019intarsio sulla radice di cedro e offrono una vasta gamma di oggetti, dai ricordi ai piccoli mobili, alle opere d\u2019arte. Gita di un giorno da Marrakech a Essaouira.<\/p>\t\t\t\t\t\t\t\t<\/div>\n\t\t\t\t<\/div>\n\t\t\t\t<div class=\"elementor-element elementor-element-ea8ecf2 elementor-widget elementor-widget-heading\" data-id=\"ea8ecf2\" data-element_type=\"widget\" data-e-type=\"widget\" data-widget_type=\"heading.default\">\n\t\t\t\t<div class=\"elementor-widget-container\">\n\t\t\t\t\t<h4 class=\"elementor-heading-title elementor-size-default\">Il viaggio include:<\/h4>\t\t\t\t<\/div>\n\t\t\t\t<\/div>\n\t\t\t\t<div class=\"elementor-element elementor-element-199e8d4 elementor-icon-list--layout-traditional elementor-list-item-link-full_width elementor-widget elementor-widget-icon-list\" data-id=\"199e8d4\" data-element_type=\"widget\" data-e-type=\"widget\" data-widget_type=\"icon-list.default\">\n\t\t\t\t<div class=\"elementor-widget-container\">\n\t\t\t\t\t\t\t<ul class=\"elementor-icon-list-items\">\n\t\t\t\t\t\t\t<li class=\"elementor-icon-list-item\">\n\t\t\t\t\t\t\t\t\t\t\t<span class=\"elementor-icon-list-icon\">\n\t\t\t\t\t\t\t<i aria-hidden=\"true\" class=\"fas fa-check\"><\/i>\t\t\t\t\t\t<\/span>\n\t\t\t\t\t\t\t\t\t\t<span class=\"elementor-icon-list-text\">Veicolo privato A\/ C, 4WD Toyota Land Cruiser + carburante<\/span>\n\t\t\t\t\t\t\t\t\t<\/li>\n\t\t\t\t\t\t\t\t<li class=\"elementor-icon-list-item\">\n\t\t\t\t\t\t\t\t\t\t\t<span class=\"elementor-icon-list-icon\">\n\t\t\t\t\t\t\t<i aria-hidden=\"true\" class=\"fas fa-check\"><\/i>\t\t\t\t\t\t<\/span>\n\t\t\t\t\t\t\t\t\t\t<span class=\"elementor-icon-list-text\">Autista che parla inglese\/francese\/spagnolo durante il tour<\/span>\n\t\t\t\t\t\t\t\t\t<\/li>\n\t\t\t\t\t\t\t\t<li class=\"elementor-icon-list-item\">\n\t\t\t\t\t\t\t\t\t\t\t<span class=\"elementor-icon-list-icon\">\n\t\t\t\t\t\t\t<i aria-hidden=\"true\" class=\"fas fa-check\"><\/i>\t\t\t\t\t\t<\/span>\n\t\t\t\t\t\t\t\t\t\t<span class=\"elementor-icon-list-text\">Pick up and drop presso il vostro alloggio a Marrakech<\/span>\n\t\t\t\t\t\t\t\t\t<\/li>\n\t\t\t\t\t\t\t\t<li class=\"elementor-icon-list-item\">\n\t\t\t\t\t\t\t\t\t\t\t<span class=\"elementor-icon-list-icon\">\n\t\t\t\t\t\t\t<i aria-hidden=\"true\" class=\"fas fa-check\"><\/i>\t\t\t\t\t\t<\/span>\n\t\t\t\t\t\t\t\t\t\t<span class=\"elementor-icon-list-text\">Tempo libero per esplorare la citt\u00e0<\/span>\n\t\t\t\t\t\t\t\t\t<\/li>\n\t\t\t\t\t\t<\/ul>\n\t\t\t\t\t\t<\/div>\n\t\t\t\t<\/div>\n\t\t\t\t<div class=\"elementor-element elementor-element-38bcd61d elementor-widget elementor-widget-heading\" data-id=\"38bcd61d\" data-element_type=\"widget\" data-e-type=\"widget\" data-widget_type=\"heading.default\">\n\t\t\t\t<div class=\"elementor-widget-container\">\n\t\t\t\t\t<h4 class=\"elementor-heading-title elementor-size-default\">Il viaggio non comprende:<\/h4>\t\t\t\t<\/div>\n\t\t\t\t<\/div>\n\t\t\t\t<div class=\"elementor-element elementor-element-711b148 elementor-icon-list--layout-traditional elementor-list-item-link-full_width elementor-widget elementor-widget-icon-list\" data-id=\"711b148\" data-element_type=\"widget\" data-e-type=\"widget\" data-widget_type=\"icon-list.default\">\n\t\t\t\t<div class=\"elementor-widget-container\">\n\t\t\t\t\t\t\t<ul class=\"elementor-icon-list-items\">\n\t\t\t\t\t\t\t<li class=\"elementor-icon-list-item\">\n\t\t\t\t\t\t\t\t\t\t\t<span class=\"elementor-icon-list-icon\">\n\t\t\t\t\t\t\t<i aria-hidden=\"true\" class=\"fas fa-times\"><\/i>\t\t\t\t\t\t<\/span>\n\t\t\t\t\t\t\t\t\t\t<span class=\"elementor-icon-list-text\">pranzo<\/span>\n\t\t\t\t\t\t\t\t\t<\/li>\n\t\t\t\t\t\t\t\t<li class=\"elementor-icon-list-item\">\n\t\t\t\t\t\t\t\t\t\t\t<span class=\"elementor-icon-list-icon\">\n\t\t\t\t\t\t\t<i aria-hidden=\"true\" class=\"fas fa-times\"><\/i>\t\t\t\t\t\t<\/span>\n\t\t\t\t\t\t\t\t\t\t<span class=\"elementor-icon-list-text\">bevande<\/span>\n\t\t\t\t\t\t\t\t\t<\/li>\n\t\t\t\t\t\t\t\t<li class=\"elementor-icon-list-item\">\n\t\t\t\t\t\t\t\t\t\t\t<span class=\"elementor-icon-list-icon\">\n\t\t\t\t\t\t\t<i aria-hidden=\"true\" class=\"fas fa-times\"><\/i>\t\t\t\t\t\t<\/span>\n\t\t\t\t\t\t\t\t\t\t<span class=\"elementor-icon-list-text\">biglietti d'ingresso ai monumenti<\/span>\n\t\t\t\t\t\t\t\t\t<\/li>\n\t\t\t\t\t\t<\/ul>\n\t\t\t\t\t\t<\/div>\n\t\t\t\t<\/div>\n\t\t\t\t<div class=\"elementor-element elementor-element-3f36e254 elementor-align-center elementor-widget elementor-widget-button\" data-id=\"3f36e254\" data-element_type=\"widget\" data-e-type=\"widget\" data-widget_type=\"button.default\">\n\t\t\t\t<div class=\"elementor-widget-container\">\n\t\t\t\t\t\t\t\t\t<div class=\"elementor-button-wrapper\">\n\t\t\t\t\t<a class=\"elementor-button elementor-button-link elementor-size-sm\" href=\"https:\/\/moroccoeverydaytrip.com\/it\/contattateci\/\">\n\t\t\t\t\t\t<span class=\"elementor-button-content-wrapper\">\n\t\t\t\t\t\t<span class=\"elementor-button-icon\">\n\t\t\t\t<i aria-hidden=\"true\" class=\"far fa-arrow-alt-circle-right\"><\/i>\t\t\t<\/span>\n\t\t\t\t\t\t\t\t\t<span class=\"elementor-button-text\"> Contattateci ora<\/span>\n\t\t\t\t\t<\/span>\n\t\t\t\t\t<\/a>\n\t\t\t\t<\/div>\n\t\t\t\t\t\t\t\t<\/div>\n\t\t\t\t<\/div>\n\t\t\t\t\t<\/div>\n\t\t<\/div>\n\t\t\t\t\t<\/div>\n\t\t<\/section>\n\t\t\t\t<section class=\"elementor-section elementor-top-section elementor-element elementor-element-0feae8b elementor-section-boxed elementor-section-height-default elementor-section-height-default\" data-id=\"0feae8b\" data-element_type=\"section\" data-e-type=\"section\">\n\t\t\t\t\t\t<div class=\"elementor-container elementor-column-gap-default\">\n\t\t\t\t\t<div class=\"elementor-column elementor-col-100 elementor-top-column elementor-element elementor-element-3c2a3ef\" data-id=\"3c2a3ef\" data-element_type=\"column\" data-e-type=\"column\">\n\t\t\t<div class=\"elementor-widget-wrap elementor-element-populated\">\n\t\t\t\t\t\t<div class=\"elementor-element elementor-element-8c80126 elementor-widget elementor-widget-toggle\" data-id=\"8c80126\" data-element_type=\"widget\" data-e-type=\"widget\" data-widget_type=\"toggle.default\">\n\t\t\t\t<div class=\"elementor-widget-container\">\n\t\t\t\t\t\t\t<div class=\"elementor-toggle\">\n\t\t\t\t\t\t\t<div class=\"elementor-toggle-item\">\n\t\t\t\t\t<div id=\"elementor-tab-title-1471\" class=\"elementor-tab-title\" data-tab=\"1\" role=\"button\" aria-controls=\"elementor-tab-content-1471\" aria-expanded=\"false\">\n\t\t\t\t\t\t\t\t\t\t\t\t<span class=\"elementor-toggle-icon elementor-toggle-icon-left\" aria-hidden=\"true\">\n\t\t\t\t\t\t\t\t\t\t\t\t\t\t\t<span class=\"elementor-toggle-icon-closed\"><i class=\"fas fa-caret-right\"><\/i><\/span>\n\t\t\t\t\t\t\t\t<span class=\"elementor-toggle-icon-opened\"><i class=\"elementor-toggle-icon-opened fas fa-caret-up\"><\/i><\/span>\n\t\t\t\t\t\t\t\t\t\t\t\t\t<\/span>\n\t\t\t\t\t\t\t\t\t\t\t\t<a class=\"elementor-toggle-title\" tabindex=\"0\">Gita di un giorno da Marrakech<\/a>\n\t\t\t\t\t<\/div>\n\n\t\t\t\t\t<div id=\"elementor-tab-content-1471\" class=\"elementor-tab-content elementor-clearfix\" data-tab=\"1\" role=\"region\" aria-labelledby=\"elementor-tab-title-1471\"><ul><li><a href=\"https:\/\/moroccoeverydaytrip.com\/it\/gita-di-un-giorno-da-marrakech-a-essaouira\/\">Gita di un giorno da Marrakech a Essaouira<\/a><\/li><li><a href=\"https:\/\/moroccoeverydaytrip.com\/it\/tour-di-un-giorno-da-marrakech-a-ait-ben-haddou\/\">Gita di un giorno da Marrakech a Ait Ben Haddou<\/a><\/li><li><a href=\"https:\/\/moroccoeverydaytrip.com\/it\/escursione-di-un-giorno-da-marrakech-alla-valle-dellourika\/\">Gita di\u00a0un\u00a0giorno\u00a0nella\u00a0valle dell&#8217;Ourika da Marrakech<\/a><\/li><li><a href=\"https:\/\/moroccoeverydaytrip.com\/it\/escursione-di-un-giorno-alle-cascate-di-ouzoud-da-marrakech\/\">Gita di\u00a0un\u00a0giorno\u00a0alle\u00a0cascate di Ouzoud da Marrakech<\/a><\/li><li><a href=\"https:\/\/moroccoeverydaytrip.com\/it\/tour-turistico-di-marrakech\/\">Tour turistico di Marrakech<\/a><\/li><\/ul><\/div>\n\t\t\t\t<\/div>\n\t\t\t\t\t\t\t<div class=\"elementor-toggle-item\">\n\t\t\t\t\t<div id=\"elementor-tab-title-1472\" class=\"elementor-tab-title\" data-tab=\"2\" role=\"button\" aria-controls=\"elementor-tab-content-1472\" aria-expanded=\"false\">\n\t\t\t\t\t\t\t\t\t\t\t\t<span class=\"elementor-toggle-icon elementor-toggle-icon-left\" aria-hidden=\"true\">\n\t\t\t\t\t\t\t\t\t\t\t\t\t\t\t<span class=\"elementor-toggle-icon-closed\"><i class=\"fas fa-caret-right\"><\/i><\/span>\n\t\t\t\t\t\t\t\t<span class=\"elementor-toggle-icon-opened\"><i class=\"elementor-toggle-icon-opened fas fa-caret-up\"><\/i><\/span>\n\t\t\t\t\t\t\t\t\t\t\t\t\t<\/span>\n\t\t\t\t\t\t\t\t\t\t\t\t<a class=\"elementor-toggle-title\" tabindex=\"0\">Gita di un giorno da Fes<\/a>\n\t\t\t\t\t<\/div>\n\n\t\t\t\t\t<div id=\"elementor-tab-content-1472\" class=\"elementor-tab-content elementor-clearfix\" data-tab=\"2\" role=\"region\" aria-labelledby=\"elementor-tab-title-1472\"><ul><li><a href=\"https:\/\/moroccoeverydaytrip.com\/it\/gita-di-un-giorno-da-fes-a-chefchaouen\/\">Gita di un giorno da Fes a Chefchaouen<\/a><\/li><li><a href=\"https:\/\/moroccoeverydaytrip.com\/it\/giro-turistico-di-fes\/\">Giro turistico di Fes<\/a><\/li><li><a href=\"https:\/\/moroccoeverydaytrip.com\/it\/gita-di-un-giorno-da-fes-a-meknes-e-volubilis\/\">Gita di un giorno da Fes a Meknes e Volubilis<\/a><\/li><\/ul><\/div>\n\t\t\t\t<\/div>\n\t\t\t\t\t\t\t\t<\/div>\n\t\t\t\t\t\t<\/div>\n\t\t\t\t<\/div>\n\t\t\t\t\t<\/div>\n\t\t<\/div>\n\t\t\t\t\t<\/div>\n\t\t<\/section>\n\t\t\t\t<\/div>\n\t\t","protected":false},"excerpt":{"rendered":"<p>Gita di un giorno da Marrakech a Essaouira Gita di un giorno da Marrakech a Essaouira La gita di un giorno da Marrakech a Essaouira&hellip;<\/p>\n","protected":false},"author":1,"featured_media":884,"parent":0,"menu_order":0,"comment_status":"closed","ping_status":"open","template":"","meta":{"footnotes":""},"class_list":["post-878","page","type-page","status-publish","has-post-thumbnail","hentry"],"yoast_head":"<!-- This site is optimized with the Yoast SEO plugin v27.4 - https:\/\/yoast.com\/product\/yoast-seo-wordpress\/ -->\n<title>Gita Di Un Giorno Da Marrakech a Essaouira | Tour del Marocco<\/title>\n<meta name=\"description\" content=\"Gita di un giorno da Marrakech a Essaouira. Questo viaggio vi porter\u00e0 in una delle pi\u00f9 belle citt\u00e0 della costa atlantica del Marocco.\u00a0\" \/>\n<meta name=\"robots\" content=\"index, follow, max-snippet:-1, max-image-preview:large, max-video-preview:-1\" \/>\n<link rel=\"canonical\" href=\"https:\/\/moroccoeverydaytrip.com\/it\/gita-di-un-giorno-da-marrakech-a-essaouira\/\" \/>\n<meta property=\"og:locale\" content=\"it_IT\" \/>\n<meta property=\"og:type\" content=\"article\" \/>\n<meta property=\"og:title\" content=\"Gita Di Un Giorno Da Marrakech a Essaouira | Tour del Marocco\" \/>\n<meta property=\"og:description\" content=\"Gita di un giorno da Marrakech a Essaouira. Questo viaggio vi porter\u00e0 in una delle pi\u00f9 belle citt\u00e0 della costa atlantica del Marocco.\u00a0\" \/>\n<meta property=\"og:url\" content=\"https:\/\/moroccoeverydaytrip.com\/it\/gita-di-un-giorno-da-marrakech-a-essaouira\/\" \/>\n<meta property=\"og:site_name\" content=\"Tour del Marocco\" \/>\n<meta property=\"article:modified_time\" content=\"2024-11-20T14:31:36+00:00\" \/>\n<meta property=\"og:image\" content=\"https:\/\/moroccoeverydaytrip.com\/it\/wp-content\/uploads\/2023\/01\/essaouira-768x353-1.jpg\" \/>\n\t<meta property=\"og:image:width\" content=\"768\" \/>\n\t<meta property=\"og:image:height\" content=\"353\" \/>\n\t<meta property=\"og:image:type\" content=\"image\/jpeg\" \/>\n<meta name=\"twitter:card\" content=\"summary_large_image\" \/>\n<meta name=\"twitter:label1\" content=\"Tempo di lettura stimato\" \/>\n\t<meta name=\"twitter:data1\" content=\"2 minuti\" \/>\n<script type=\"application\/ld+json\" class=\"yoast-schema-graph\">{\"@context\":\"https:\\\/\\\/schema.org\",\"@graph\":[{\"@type\":\"WebPage\",\"@id\":\"https:\\\/\\\/moroccoeverydaytrip.com\\\/it\\\/gita-di-un-giorno-da-marrakech-a-essaouira\\\/\",\"url\":\"https:\\\/\\\/moroccoeverydaytrip.com\\\/it\\\/gita-di-un-giorno-da-marrakech-a-essaouira\\\/\",\"name\":\"Gita Di Un Giorno Da Marrakech a Essaouira | Tour del Marocco\",\"isPartOf\":{\"@id\":\"https:\\\/\\\/moroccoeverydaytrip.com\\\/it\\\/#website\"},\"primaryImageOfPage\":{\"@id\":\"https:\\\/\\\/moroccoeverydaytrip.com\\\/it\\\/gita-di-un-giorno-da-marrakech-a-essaouira\\\/#primaryimage\"},\"image\":{\"@id\":\"https:\\\/\\\/moroccoeverydaytrip.com\\\/it\\\/gita-di-un-giorno-da-marrakech-a-essaouira\\\/#primaryimage\"},\"thumbnailUrl\":\"https:\\\/\\\/moroccoeverydaytrip.com\\\/it\\\/wp-content\\\/uploads\\\/2023\\\/01\\\/essaouira-768x353-1.jpg\",\"datePublished\":\"2023-01-20T19:36:40+00:00\",\"dateModified\":\"2024-11-20T14:31:36+00:00\",\"description\":\"Gita di un giorno da Marrakech a Essaouira. Questo viaggio vi porter\u00e0 in una delle pi\u00f9 belle citt\u00e0 della costa atlantica del Marocco.\u00a0\",\"breadcrumb\":{\"@id\":\"https:\\\/\\\/moroccoeverydaytrip.com\\\/it\\\/gita-di-un-giorno-da-marrakech-a-essaouira\\\/#breadcrumb\"},\"inLanguage\":\"it-IT\",\"potentialAction\":[{\"@type\":\"ReadAction\",\"target\":[\"https:\\\/\\\/moroccoeverydaytrip.com\\\/it\\\/gita-di-un-giorno-da-marrakech-a-essaouira\\\/\"]}]},{\"@type\":\"ImageObject\",\"inLanguage\":\"it-IT\",\"@id\":\"https:\\\/\\\/moroccoeverydaytrip.com\\\/it\\\/gita-di-un-giorno-da-marrakech-a-essaouira\\\/#primaryimage\",\"url\":\"https:\\\/\\\/moroccoeverydaytrip.com\\\/it\\\/wp-content\\\/uploads\\\/2023\\\/01\\\/essaouira-768x353-1.jpg\",\"contentUrl\":\"https:\\\/\\\/moroccoeverydaytrip.com\\\/it\\\/wp-content\\\/uploads\\\/2023\\\/01\\\/essaouira-768x353-1.jpg\",\"width\":768,\"height\":353,\"caption\":\"Gita di un giorno da Marrakech a Essaouira\"},{\"@type\":\"BreadcrumbList\",\"@id\":\"https:\\\/\\\/moroccoeverydaytrip.com\\\/it\\\/gita-di-un-giorno-da-marrakech-a-essaouira\\\/#breadcrumb\",\"itemListElement\":[{\"@type\":\"ListItem\",\"position\":1,\"name\":\"Home\",\"item\":\"https:\\\/\\\/moroccoeverydaytrip.com\\\/it\\\/\"},{\"@type\":\"ListItem\",\"position\":2,\"name\":\"Gita Di Un Giorno Da Marrakech a Essaouira\"}]},{\"@type\":\"WebSite\",\"@id\":\"https:\\\/\\\/moroccoeverydaytrip.com\\\/it\\\/#website\",\"url\":\"https:\\\/\\\/moroccoeverydaytrip.com\\\/it\\\/\",\"name\":\"Tour del Marocco\",\"description\":\"Tour del Marocco\",\"potentialAction\":[{\"@type\":\"SearchAction\",\"target\":{\"@type\":\"EntryPoint\",\"urlTemplate\":\"https:\\\/\\\/moroccoeverydaytrip.com\\\/it\\\/?s={search_term_string}\"},\"query-input\":{\"@type\":\"PropertyValueSpecification\",\"valueRequired\":true,\"valueName\":\"search_term_string\"}}],\"inLanguage\":\"it-IT\"}]}<\/script>\n<!-- \/ Yoast SEO plugin. -->","yoast_head_json":{"title":"Gita Di Un Giorno Da Marrakech a Essaouira | Tour del Marocco","description":"Gita di un giorno da Marrakech a Essaouira. Questo viaggio vi porter\u00e0 in una delle pi\u00f9 belle citt\u00e0 della costa atlantica del Marocco.\u00a0","robots":{"index":"index","follow":"follow","max-snippet":"max-snippet:-1","max-image-preview":"max-image-preview:large","max-video-preview":"max-video-preview:-1"},"canonical":"https:\/\/moroccoeverydaytrip.com\/it\/gita-di-un-giorno-da-marrakech-a-essaouira\/","og_locale":"it_IT","og_type":"article","og_title":"Gita Di Un Giorno Da Marrakech a Essaouira | Tour del Marocco","og_description":"Gita di un giorno da Marrakech a Essaouira. Questo viaggio vi porter\u00e0 in una delle pi\u00f9 belle citt\u00e0 della costa atlantica del Marocco.\u00a0","og_url":"https:\/\/moroccoeverydaytrip.com\/it\/gita-di-un-giorno-da-marrakech-a-essaouira\/","og_site_name":"Tour del Marocco","article_modified_time":"2024-11-20T14:31:36+00:00","og_image":[{"width":768,"height":353,"url":"https:\/\/moroccoeverydaytrip.com\/it\/wp-content\/uploads\/2023\/01\/essaouira-768x353-1.jpg","type":"image\/jpeg"}],"twitter_card":"summary_large_image","twitter_misc":{"Tempo di lettura stimato":"2 minuti"},"schema":{"@context":"https:\/\/schema.org","@graph":[{"@type":"WebPage","@id":"https:\/\/moroccoeverydaytrip.com\/it\/gita-di-un-giorno-da-marrakech-a-essaouira\/","url":"https:\/\/moroccoeverydaytrip.com\/it\/gita-di-un-giorno-da-marrakech-a-essaouira\/","name":"Gita Di Un Giorno Da Marrakech a Essaouira | Tour del Marocco","isPartOf":{"@id":"https:\/\/moroccoeverydaytrip.com\/it\/#website"},"primaryImageOfPage":{"@id":"https:\/\/moroccoeverydaytrip.com\/it\/gita-di-un-giorno-da-marrakech-a-essaouira\/#primaryimage"},"image":{"@id":"https:\/\/moroccoeverydaytrip.com\/it\/gita-di-un-giorno-da-marrakech-a-essaouira\/#primaryimage"},"thumbnailUrl":"https:\/\/moroccoeverydaytrip.com\/it\/wp-content\/uploads\/2023\/01\/essaouira-768x353-1.jpg","datePublished":"2023-01-20T19:36:40+00:00","dateModified":"2024-11-20T14:31:36+00:00","description":"Gita di un giorno da Marrakech a Essaouira. Questo viaggio vi porter\u00e0 in una delle pi\u00f9 belle citt\u00e0 della costa atlantica del Marocco.\u00a0","breadcrumb":{"@id":"https:\/\/moroccoeverydaytrip.com\/it\/gita-di-un-giorno-da-marrakech-a-essaouira\/#breadcrumb"},"inLanguage":"it-IT","potentialAction":[{"@type":"ReadAction","target":["https:\/\/moroccoeverydaytrip.com\/it\/gita-di-un-giorno-da-marrakech-a-essaouira\/"]}]},{"@type":"ImageObject","inLanguage":"it-IT","@id":"https:\/\/moroccoeverydaytrip.com\/it\/gita-di-un-giorno-da-marrakech-a-essaouira\/#primaryimage","url":"https:\/\/moroccoeverydaytrip.com\/it\/wp-content\/uploads\/2023\/01\/essaouira-768x353-1.jpg","contentUrl":"https:\/\/moroccoeverydaytrip.com\/it\/wp-content\/uploads\/2023\/01\/essaouira-768x353-1.jpg","width":768,"height":353,"caption":"Gita di un giorno da Marrakech a Essaouira"},{"@type":"BreadcrumbList","@id":"https:\/\/moroccoeverydaytrip.com\/it\/gita-di-un-giorno-da-marrakech-a-essaouira\/#breadcrumb","itemListElement":[{"@type":"ListItem","position":1,"name":"Home","item":"https:\/\/moroccoeverydaytrip.com\/it\/"},{"@type":"ListItem","position":2,"name":"Gita Di Un Giorno Da Marrakech a Essaouira"}]},{"@type":"WebSite","@id":"https:\/\/moroccoeverydaytrip.com\/it\/#website","url":"https:\/\/moroccoeverydaytrip.com\/it\/","name":"Tour del Marocco","description":"Tour del Marocco","potentialAction":[{"@type":"SearchAction","target":{"@type":"EntryPoint","urlTemplate":"https:\/\/moroccoeverydaytrip.com\/it\/?s={search_term_string}"},"query-input":{"@type":"PropertyValueSpecification","valueRequired":true,"valueName":"search_term_string"}}],"inLanguage":"it-IT"}]}},"_links":{"self":[{"href":"https:\/\/moroccoeverydaytrip.com\/it\/wp-json\/wp\/v2\/pages\/878","targetHints":{"allow":["GET"]}}],"collection":[{"href":"https:\/\/moroccoeverydaytrip.com\/it\/wp-json\/wp\/v2\/pages"}],"about":[{"href":"https:\/\/moroccoeverydaytrip.com\/it\/wp-json\/wp\/v2\/types\/page"}],"author":[{"embeddable":true,"href":"https:\/\/moroccoeverydaytrip.com\/it\/wp-json\/wp\/v2\/users\/1"}],"replies":[{"embeddable":true,"href":"https:\/\/moroccoeverydaytrip.com\/it\/wp-json\/wp\/v2\/comments?post=878"}],"version-history":[{"count":39,"href":"https:\/\/moroccoeverydaytrip.com\/it\/wp-json\/wp\/v2\/pages\/878\/revisions"}],"predecessor-version":[{"id":7116,"href":"https:\/\/moroccoeverydaytrip.com\/it\/wp-json\/wp\/v2\/pages\/878\/revisions\/7116"}],"wp:featuredmedia":[{"embeddable":true,"href":"https:\/\/moroccoeverydaytrip.com\/it\/wp-json\/wp\/v2\/media\/884"}],"wp:attachment":[{"href":"https:\/\/moroccoeverydaytrip.com\/it\/wp-json\/wp\/v2\/media?parent=878"}],"curies":[{"name":"wp","href":"https:\/\/api.w.org\/{rel}","templated":true}]}}