{"id":182,"date":"2023-01-12T15:12:39","date_gmt":"2023-01-12T15:12:39","guid":{"rendered":"https:\/\/moroccoeverydaytrip.com\/it\/?page_id=182"},"modified":"2024-11-13T21:50:34","modified_gmt":"2024-11-13T21:50:34","slug":"storia-del-marocco","status":"publish","type":"page","link":"https:\/\/moroccoeverydaytrip.com\/it\/storia-del-marocco\/","title":{"rendered":"Storia del Marocco"},"content":{"rendered":"\t\t<div data-elementor-type=\"wp-page\" data-elementor-id=\"182\" class=\"elementor elementor-182\">\n\t\t\t\t\t\t<section class=\"elementor-section elementor-top-section elementor-element elementor-element-f11ef86 elementor-section-height-min-height elementor-section-boxed elementor-section-height-default elementor-section-items-middle\" data-id=\"f11ef86\" data-element_type=\"section\" data-e-type=\"section\" data-settings=\"{&quot;background_background&quot;:&quot;classic&quot;}\">\n\t\t\t\t\t\t<div class=\"elementor-container elementor-column-gap-default\">\n\t\t\t\t\t<div class=\"elementor-column elementor-col-100 elementor-top-column elementor-element elementor-element-ea1e2df\" data-id=\"ea1e2df\" data-element_type=\"column\" data-e-type=\"column\">\n\t\t\t<div class=\"elementor-widget-wrap elementor-element-populated\">\n\t\t\t\t\t\t<div class=\"elementor-element elementor-element-07d6d23 elementor-widget elementor-widget-heading\" data-id=\"07d6d23\" data-element_type=\"widget\" data-e-type=\"widget\" data-widget_type=\"heading.default\">\n\t\t\t\t<div class=\"elementor-widget-container\">\n\t\t\t\t\t<h1 class=\"elementor-heading-title elementor-size-default\">Storia del Marocco<\/h1>\t\t\t\t<\/div>\n\t\t\t\t<\/div>\n\t\t\t\t\t<\/div>\n\t\t<\/div>\n\t\t\t\t\t<\/div>\n\t\t<\/section>\n\t\t\t\t<section class=\"elementor-section elementor-top-section elementor-element elementor-element-2e77375 elementor-section-boxed elementor-section-height-default elementor-section-height-default\" data-id=\"2e77375\" data-element_type=\"section\" data-e-type=\"section\" data-settings=\"{&quot;background_background&quot;:&quot;classic&quot;}\">\n\t\t\t\t\t\t<div class=\"elementor-container elementor-column-gap-default\">\n\t\t\t\t\t<div class=\"elementor-column elementor-col-100 elementor-top-column elementor-element elementor-element-7d6b476a\" data-id=\"7d6b476a\" data-element_type=\"column\" data-e-type=\"column\">\n\t\t\t<div class=\"elementor-widget-wrap elementor-element-populated\">\n\t\t\t\t\t\t<div class=\"elementor-element elementor-element-3b43deef elementor-widget elementor-widget-text-editor\" data-id=\"3b43deef\" data-element_type=\"widget\" data-e-type=\"widget\" data-widget_type=\"text-editor.default\">\n\t\t\t\t<div class=\"elementor-widget-container\">\n\t\t\t\t\t\t\t\t\t<p>La storia del Marocco \u00e8 una delle cose principali da ammirare in ambito turistico. Il Marocco \u00e8 un Paese della regione del Maghreb, in Nord Africa. Dal punto di vista geografico, il Marocco offre un interno montuoso e aspro e ampie porzioni di deserto. \u00c8 uno degli unici tre Paesi (insieme a Spagna e Francia) ad avere sia la costa atlantica che quella mediterranea. Il nome arabo al-Mamlakah al-Maghribiyah (arabo: \u0627\u0644\u0645\u0645\u0644\u0643\u0629 \u0627\u0644\u0645\u063a\u0631\u0628\u064a\u0629, che significa &#8220;Il Regno Occidentale&#8221;) e Al-Maghrib (arabo: \u0627\u0644\u0645\u063a\u0631\u0628, che significa &#8220;L&#8217;Occidente&#8221;) sono comunemente usati come nomi alternativi.<\/p><p>Il Marocco ha una popolazione di oltre 33,8 milioni di abitanti e una superficie di 446.550 km2 (172.410 sq mi). La sua capitale politica \u00e8 Rabat. La citt\u00e0 pi\u00f9 grande \u00e8 <a href=\"https:\/\/it.wikipedia.org\/wiki\/Casablanca\">Casablanca<\/a>. Altre citt\u00e0 importanti sono Marrakech, Tangeri, Tetouan, Sal\u00e9, Fes, Agadir, Meknes, Oujda, Kenitra e Nador. Storicamente una potenza regionale di primo piano, il Marocco vanta una storia di indipendenza non condivisa dai suoi vicini. La sua cultura distinta \u00e8 una miscela di influenze arabe, berbere indigene, africane subsahariane ed europee.<\/p><p>Il Marocco rivendica il territorio non autonomo del Sahara Occidentale come sue province meridionali. Il <a href=\"https:\/\/moroccoeverydaytrip.com\/it\/\">Marocco<\/a> ha annesso il territorio nel 1975, provocando una guerriglia con le forze indigene fino al cessate il fuoco del 1991. Finora i processi di pace non sono riusciti a sbloccare la situazione politica.<\/p><h5>In secondo luogo:<\/h5><p>Il Marocco \u00e8 una monarchia costituzionale con un parlamento eletto. Il Re del Marocco detiene ampi poteri esecutivi e legislativi, soprattutto in campo militare, in politica estera e negli affari religiosi. Il governo esercita il potere esecutivo, mentre il potere legislativo spetta sia al governo che alle due camere del Parlamento, l&#8217;Assemblea dei rappresentanti e l&#8217;Assemblea dei consiglieri. Il re pu\u00f2 emettere decreti chiamati Dahir, che hanno forza di legge. Pu\u00f2 anche sciogliere il Parlamento dopo aver consultato il Primo Ministro e il Presidente della Corte Costituzionale.<\/p><p>La religione predominante in Marocco \u00e8 l&#8217;Islam e le lingue ufficiali sono l&#8217;arabo e il berbero. Anche l&#8217;arabo marocchino o darija e il francese sono ampiamente utilizzati. Il Marocco \u00e8 un membro influente della Lega Araba e fa parte dell&#8217;Unione per il Mediterraneo. Ha la sesta economia dell&#8217;Africa.<\/p>\t\t\t\t\t\t\t\t<\/div>\n\t\t\t\t<\/div>\n\t\t\t\t<div class=\"elementor-element elementor-element-16eb117c elementor-widget elementor-widget-spacer\" data-id=\"16eb117c\" data-element_type=\"widget\" data-e-type=\"widget\" data-widget_type=\"spacer.default\">\n\t\t\t\t<div class=\"elementor-widget-container\">\n\t\t\t\t\t\t\t<div class=\"elementor-spacer\">\n\t\t\t<div class=\"elementor-spacer-inner\"><\/div>\n\t\t<\/div>\n\t\t\t\t\t\t<\/div>\n\t\t\t\t<\/div>\n\t\t\t\t\t<\/div>\n\t\t<\/div>\n\t\t\t\t\t<\/div>\n\t\t<\/section>\n\t\t\t\t<\/div>\n\t\t","protected":false},"excerpt":{"rendered":"<p>Storia del Marocco La storia del Marocco \u00e8 una delle cose principali da ammirare in ambito turistico. Il Marocco \u00e8 un Paese della regione del&hellip;<\/p>\n","protected":false},"author":1,"featured_media":437,"parent":0,"menu_order":0,"comment_status":"closed","ping_status":"closed","template":"","meta":{"footnotes":""},"class_list":["post-182","page","type-page","status-publish","has-post-thumbnail","hentry"],"yoast_head":"<!-- This site is optimized with the Yoast SEO plugin v27.4 - https:\/\/yoast.com\/product\/yoast-seo-wordpress\/ -->\n<title>Storia del Marocco | Tour del Marocco<\/title>\n<meta name=\"description\" content=\"La storia del Marocco \u00e8 una storia unica evidenziata nei luoghi dei tour in Marocco da Fes e Tangeri... passando per il deserto di Merzouga.\" \/>\n<meta name=\"robots\" content=\"index, follow, max-snippet:-1, max-image-preview:large, max-video-preview:-1\" \/>\n<link rel=\"canonical\" href=\"https:\/\/moroccoeverydaytrip.com\/it\/storia-del-marocco\/\" \/>\n<meta property=\"og:locale\" content=\"it_IT\" \/>\n<meta property=\"og:type\" content=\"article\" \/>\n<meta property=\"og:title\" content=\"Storia del Marocco | Tour del Marocco\" \/>\n<meta property=\"og:description\" content=\"La storia del Marocco \u00e8 una storia unica evidenziata nei luoghi dei tour in Marocco da Fes e Tangeri... passando per il deserto di Merzouga.\" \/>\n<meta property=\"og:url\" content=\"https:\/\/moroccoeverydaytrip.com\/it\/storia-del-marocco\/\" \/>\n<meta property=\"og:site_name\" content=\"Tour del Marocco\" \/>\n<meta property=\"article:modified_time\" content=\"2024-11-13T21:50:34+00:00\" \/>\n<meta property=\"og:image\" content=\"https:\/\/moroccoeverydaytrip.com\/it\/wp-content\/uploads\/2023\/01\/desert-6223778_1280.jpg\" \/>\n\t<meta property=\"og:image:width\" content=\"1280\" \/>\n\t<meta property=\"og:image:height\" content=\"853\" \/>\n\t<meta property=\"og:image:type\" content=\"image\/jpeg\" \/>\n<meta name=\"twitter:card\" content=\"summary_large_image\" \/>\n<meta name=\"twitter:label1\" content=\"Tempo di lettura stimato\" \/>\n\t<meta name=\"twitter:data1\" content=\"3 minuti\" \/>\n<script type=\"application\/ld+json\" class=\"yoast-schema-graph\">{\"@context\":\"https:\\\/\\\/schema.org\",\"@graph\":[{\"@type\":\"WebPage\",\"@id\":\"https:\\\/\\\/moroccoeverydaytrip.com\\\/it\\\/storia-del-marocco\\\/\",\"url\":\"https:\\\/\\\/moroccoeverydaytrip.com\\\/it\\\/storia-del-marocco\\\/\",\"name\":\"Storia del Marocco | Tour del Marocco\",\"isPartOf\":{\"@id\":\"https:\\\/\\\/moroccoeverydaytrip.com\\\/it\\\/#website\"},\"primaryImageOfPage\":{\"@id\":\"https:\\\/\\\/moroccoeverydaytrip.com\\\/it\\\/storia-del-marocco\\\/#primaryimage\"},\"image\":{\"@id\":\"https:\\\/\\\/moroccoeverydaytrip.com\\\/it\\\/storia-del-marocco\\\/#primaryimage\"},\"thumbnailUrl\":\"https:\\\/\\\/moroccoeverydaytrip.com\\\/it\\\/wp-content\\\/uploads\\\/2023\\\/01\\\/desert-6223778_1280.jpg\",\"datePublished\":\"2023-01-12T15:12:39+00:00\",\"dateModified\":\"2024-11-13T21:50:34+00:00\",\"description\":\"La storia del Marocco \u00e8 una storia unica evidenziata nei luoghi dei tour in Marocco da Fes e Tangeri... passando per il deserto di Merzouga.\",\"breadcrumb\":{\"@id\":\"https:\\\/\\\/moroccoeverydaytrip.com\\\/it\\\/storia-del-marocco\\\/#breadcrumb\"},\"inLanguage\":\"it-IT\",\"potentialAction\":[{\"@type\":\"ReadAction\",\"target\":[\"https:\\\/\\\/moroccoeverydaytrip.com\\\/it\\\/storia-del-marocco\\\/\"]}]},{\"@type\":\"ImageObject\",\"inLanguage\":\"it-IT\",\"@id\":\"https:\\\/\\\/moroccoeverydaytrip.com\\\/it\\\/storia-del-marocco\\\/#primaryimage\",\"url\":\"https:\\\/\\\/moroccoeverydaytrip.com\\\/it\\\/wp-content\\\/uploads\\\/2023\\\/01\\\/desert-6223778_1280.jpg\",\"contentUrl\":\"https:\\\/\\\/moroccoeverydaytrip.com\\\/it\\\/wp-content\\\/uploads\\\/2023\\\/01\\\/desert-6223778_1280.jpg\",\"width\":1280,\"height\":853,\"caption\":\"Storia del Marocco\"},{\"@type\":\"BreadcrumbList\",\"@id\":\"https:\\\/\\\/moroccoeverydaytrip.com\\\/it\\\/storia-del-marocco\\\/#breadcrumb\",\"itemListElement\":[{\"@type\":\"ListItem\",\"position\":1,\"name\":\"Home\",\"item\":\"https:\\\/\\\/moroccoeverydaytrip.com\\\/it\\\/\"},{\"@type\":\"ListItem\",\"position\":2,\"name\":\"Storia del Marocco\"}]},{\"@type\":\"WebSite\",\"@id\":\"https:\\\/\\\/moroccoeverydaytrip.com\\\/it\\\/#website\",\"url\":\"https:\\\/\\\/moroccoeverydaytrip.com\\\/it\\\/\",\"name\":\"Tour del Marocco\",\"description\":\"Tour del Marocco\",\"potentialAction\":[{\"@type\":\"SearchAction\",\"target\":{\"@type\":\"EntryPoint\",\"urlTemplate\":\"https:\\\/\\\/moroccoeverydaytrip.com\\\/it\\\/?s={search_term_string}\"},\"query-input\":{\"@type\":\"PropertyValueSpecification\",\"valueRequired\":true,\"valueName\":\"search_term_string\"}}],\"inLanguage\":\"it-IT\"}]}<\/script>\n<!-- \/ Yoast SEO plugin. -->","yoast_head_json":{"title":"Storia del Marocco | Tour del Marocco","description":"La storia del Marocco \u00e8 una storia unica evidenziata nei luoghi dei tour in Marocco da Fes e Tangeri... passando per il deserto di Merzouga.","robots":{"index":"index","follow":"follow","max-snippet":"max-snippet:-1","max-image-preview":"max-image-preview:large","max-video-preview":"max-video-preview:-1"},"canonical":"https:\/\/moroccoeverydaytrip.com\/it\/storia-del-marocco\/","og_locale":"it_IT","og_type":"article","og_title":"Storia del Marocco | Tour del Marocco","og_description":"La storia del Marocco \u00e8 una storia unica evidenziata nei luoghi dei tour in Marocco da Fes e Tangeri... passando per il deserto di Merzouga.","og_url":"https:\/\/moroccoeverydaytrip.com\/it\/storia-del-marocco\/","og_site_name":"Tour del Marocco","article_modified_time":"2024-11-13T21:50:34+00:00","og_image":[{"width":1280,"height":853,"url":"https:\/\/moroccoeverydaytrip.com\/it\/wp-content\/uploads\/2023\/01\/desert-6223778_1280.jpg","type":"image\/jpeg"}],"twitter_card":"summary_large_image","twitter_misc":{"Tempo di lettura stimato":"3 minuti"},"schema":{"@context":"https:\/\/schema.org","@graph":[{"@type":"WebPage","@id":"https:\/\/moroccoeverydaytrip.com\/it\/storia-del-marocco\/","url":"https:\/\/moroccoeverydaytrip.com\/it\/storia-del-marocco\/","name":"Storia del Marocco | Tour del Marocco","isPartOf":{"@id":"https:\/\/moroccoeverydaytrip.com\/it\/#website"},"primaryImageOfPage":{"@id":"https:\/\/moroccoeverydaytrip.com\/it\/storia-del-marocco\/#primaryimage"},"image":{"@id":"https:\/\/moroccoeverydaytrip.com\/it\/storia-del-marocco\/#primaryimage"},"thumbnailUrl":"https:\/\/moroccoeverydaytrip.com\/it\/wp-content\/uploads\/2023\/01\/desert-6223778_1280.jpg","datePublished":"2023-01-12T15:12:39+00:00","dateModified":"2024-11-13T21:50:34+00:00","description":"La storia del Marocco \u00e8 una storia unica evidenziata nei luoghi dei tour in Marocco da Fes e Tangeri... passando per il deserto di Merzouga.","breadcrumb":{"@id":"https:\/\/moroccoeverydaytrip.com\/it\/storia-del-marocco\/#breadcrumb"},"inLanguage":"it-IT","potentialAction":[{"@type":"ReadAction","target":["https:\/\/moroccoeverydaytrip.com\/it\/storia-del-marocco\/"]}]},{"@type":"ImageObject","inLanguage":"it-IT","@id":"https:\/\/moroccoeverydaytrip.com\/it\/storia-del-marocco\/#primaryimage","url":"https:\/\/moroccoeverydaytrip.com\/it\/wp-content\/uploads\/2023\/01\/desert-6223778_1280.jpg","contentUrl":"https:\/\/moroccoeverydaytrip.com\/it\/wp-content\/uploads\/2023\/01\/desert-6223778_1280.jpg","width":1280,"height":853,"caption":"Storia del Marocco"},{"@type":"BreadcrumbList","@id":"https:\/\/moroccoeverydaytrip.com\/it\/storia-del-marocco\/#breadcrumb","itemListElement":[{"@type":"ListItem","position":1,"name":"Home","item":"https:\/\/moroccoeverydaytrip.com\/it\/"},{"@type":"ListItem","position":2,"name":"Storia del Marocco"}]},{"@type":"WebSite","@id":"https:\/\/moroccoeverydaytrip.com\/it\/#website","url":"https:\/\/moroccoeverydaytrip.com\/it\/","name":"Tour del Marocco","description":"Tour del Marocco","potentialAction":[{"@type":"SearchAction","target":{"@type":"EntryPoint","urlTemplate":"https:\/\/moroccoeverydaytrip.com\/it\/?s={search_term_string}"},"query-input":{"@type":"PropertyValueSpecification","valueRequired":true,"valueName":"search_term_string"}}],"inLanguage":"it-IT"}]}},"_links":{"self":[{"href":"https:\/\/moroccoeverydaytrip.com\/it\/wp-json\/wp\/v2\/pages\/182","targetHints":{"allow":["GET"]}}],"collection":[{"href":"https:\/\/moroccoeverydaytrip.com\/it\/wp-json\/wp\/v2\/pages"}],"about":[{"href":"https:\/\/moroccoeverydaytrip.com\/it\/wp-json\/wp\/v2\/types\/page"}],"author":[{"embeddable":true,"href":"https:\/\/moroccoeverydaytrip.com\/it\/wp-json\/wp\/v2\/users\/1"}],"replies":[{"embeddable":true,"href":"https:\/\/moroccoeverydaytrip.com\/it\/wp-json\/wp\/v2\/comments?post=182"}],"version-history":[{"count":19,"href":"https:\/\/moroccoeverydaytrip.com\/it\/wp-json\/wp\/v2\/pages\/182\/revisions"}],"predecessor-version":[{"id":7088,"href":"https:\/\/moroccoeverydaytrip.com\/it\/wp-json\/wp\/v2\/pages\/182\/revisions\/7088"}],"wp:featuredmedia":[{"embeddable":true,"href":"https:\/\/moroccoeverydaytrip.com\/it\/wp-json\/wp\/v2\/media\/437"}],"wp:attachment":[{"href":"https:\/\/moroccoeverydaytrip.com\/it\/wp-json\/wp\/v2\/media?parent=182"}],"curies":[{"name":"wp","href":"https:\/\/api.w.org\/{rel}","templated":true}]}}