{"id":1126,"date":"2023-01-23T12:35:16","date_gmt":"2023-01-23T12:35:16","guid":{"rendered":"https:\/\/moroccoeverydaytrip.com\/it\/?post_type=themo_tour&#038;p=1126"},"modified":"2024-11-20T14:28:52","modified_gmt":"2024-11-20T14:28:52","slug":"gita-di-un-giorno-da-fes-a-meknes-e-volubilis","status":"publish","type":"page","link":"https:\/\/moroccoeverydaytrip.com\/it\/gita-di-un-giorno-da-fes-a-meknes-e-volubilis\/","title":{"rendered":"Gita Di Un Giorno da Fes a Meknes e Volubilis"},"content":{"rendered":"\t\t<div data-elementor-type=\"wp-post\" data-elementor-id=\"1126\" class=\"elementor elementor-1126\">\n\t\t\t\t\t\t<section class=\"elementor-section elementor-top-section elementor-element elementor-element-31c1c201 elementor-section-height-min-height elementor-section-boxed elementor-section-height-default elementor-section-items-middle\" data-id=\"31c1c201\" data-element_type=\"section\" data-e-type=\"section\" data-settings=\"{&quot;background_background&quot;:&quot;classic&quot;}\">\n\t\t\t\t\t\t<div class=\"elementor-container elementor-column-gap-default\">\n\t\t\t\t\t<div class=\"elementor-column elementor-col-100 elementor-top-column elementor-element elementor-element-548ccde9\" data-id=\"548ccde9\" data-element_type=\"column\" data-e-type=\"column\">\n\t\t\t<div class=\"elementor-widget-wrap elementor-element-populated\">\n\t\t\t\t\t\t<div class=\"elementor-element elementor-element-876adef elementor-widget elementor-widget-heading\" data-id=\"876adef\" data-element_type=\"widget\" data-e-type=\"widget\" data-widget_type=\"heading.default\">\n\t\t\t\t<div class=\"elementor-widget-container\">\n\t\t\t\t\t<h1 class=\"elementor-heading-title elementor-size-default\">Gita di un giorno da Fes a Meknes e Volubilis<\/h1>\t\t\t\t<\/div>\n\t\t\t\t<\/div>\n\t\t\t\t\t<\/div>\n\t\t<\/div>\n\t\t\t\t\t<\/div>\n\t\t<\/section>\n\t\t\t\t<section class=\"elementor-section elementor-top-section elementor-element elementor-element-69e52b34 elementor-section-boxed elementor-section-height-default elementor-section-height-default\" data-id=\"69e52b34\" data-element_type=\"section\" data-e-type=\"section\">\n\t\t\t\t\t\t<div class=\"elementor-container elementor-column-gap-default\">\n\t\t\t\t\t<div class=\"elementor-column elementor-col-100 elementor-top-column elementor-element elementor-element-4e33d451\" data-id=\"4e33d451\" data-element_type=\"column\" data-e-type=\"column\">\n\t\t\t<div class=\"elementor-widget-wrap elementor-element-populated\">\n\t\t\t\t\t\t<div class=\"elementor-element elementor-element-46c7a9b elementor-widget elementor-widget-heading\" data-id=\"46c7a9b\" data-element_type=\"widget\" data-e-type=\"widget\" data-widget_type=\"heading.default\">\n\t\t\t\t<div class=\"elementor-widget-container\">\n\t\t\t\t\t<h2 class=\"elementor-heading-title elementor-size-default\">Gita di un giorno da Fes a Meknes e Volubilis<\/h2>\t\t\t\t<\/div>\n\t\t\t\t<\/div>\n\t\t\t\t<div class=\"elementor-element elementor-element-2aa432bb elementor-widget elementor-widget-text-editor\" data-id=\"2aa432bb\" data-element_type=\"widget\" data-e-type=\"widget\" data-widget_type=\"text-editor.default\">\n\t\t\t\t<div class=\"elementor-widget-container\">\n\t\t\t\t\t\t\t\t\t<p>L\u2019escursione di un giorno da Fes a Meknes e Volubilis vi porter\u00e0 a scoprire una delle quattro citt\u00e0 imperiali del <a href=\"https:\/\/moroccoeverydaytrip.com\/it\/\">Marocco<\/a> e i resti dell\u2019antica capitale del regno di Mauretania con un tour di un\u2019intera giornata da Fez a Meknes e Volubilis.<\/p><p>Dopo il prelievo dall\u2019hotel di Fez, trasferimento in veicolo climatizzato alle rovine romane di Volubilis. Esplorerete i resti del complesso risalente a 2.000 anni fa.<\/p><p>Proseguite verso\u00a0<a href=\"https:\/\/it.wikipedia.org\/wiki\/Moulay_Idriss_Zerhoun\">Moulay Idriss<\/a>, dove scoprirete una delle citt\u00e0 pi\u00f9 sacre del Marocco. Visitate le stradine della citt\u00e0 compatta dove Moulay Idriss I introdusse la religione islamica nel 789 d.C.. Poi, trasferimento alla citt\u00e0 di Meknes, fondata nell\u2019XI secolo dagli Almoravidi come insediamento militare.<\/p><p>Entrate nella Medina e ammirate alcune delle porte monumentali della citt\u00e0 e le decorazioni ornamentali dell\u2019architettura ispano-moresca. Visitate le mura della citt\u00e0 e fermatevi al mausoleo di Moulay Ismail, fondatore della dinastia alauita e sultano quando Meknes era la capitale. In seguito, visiterete il Museo d\u2019arte marocchina per ammirare un\u2019ampia variet\u00e0 di prodotti artigianali, prima del trasferimento pomeridiano a Fez. Quindi, la fine della nostra gita di un giorno.<\/p>\t\t\t\t\t\t\t\t<\/div>\n\t\t\t\t<\/div>\n\t\t\t\t<div class=\"elementor-element elementor-element-6e5880c0 elementor-widget elementor-widget-heading\" data-id=\"6e5880c0\" data-element_type=\"widget\" data-e-type=\"widget\" data-widget_type=\"heading.default\">\n\t\t\t\t<div class=\"elementor-widget-container\">\n\t\t\t\t\t<h4 class=\"elementor-heading-title elementor-size-default\">Il viaggio include:<\/h4>\t\t\t\t<\/div>\n\t\t\t\t<\/div>\n\t\t\t\t<div class=\"elementor-element elementor-element-384c2f7 elementor-icon-list--layout-traditional elementor-list-item-link-full_width elementor-widget elementor-widget-icon-list\" data-id=\"384c2f7\" data-element_type=\"widget\" data-e-type=\"widget\" data-widget_type=\"icon-list.default\">\n\t\t\t\t<div class=\"elementor-widget-container\">\n\t\t\t\t\t\t\t<ul class=\"elementor-icon-list-items\">\n\t\t\t\t\t\t\t<li class=\"elementor-icon-list-item\">\n\t\t\t\t\t\t\t\t\t\t\t<span class=\"elementor-icon-list-icon\">\n\t\t\t\t\t\t\t<i aria-hidden=\"true\" class=\"fas fa-check\"><\/i>\t\t\t\t\t\t<\/span>\n\t\t\t\t\t\t\t\t\t\t<span class=\"elementor-icon-list-text\">Veicolo privato A\/ C, 4WD Toyota Land Cruiser + carburante<\/span>\n\t\t\t\t\t\t\t\t\t<\/li>\n\t\t\t\t\t\t\t\t<li class=\"elementor-icon-list-item\">\n\t\t\t\t\t\t\t\t\t\t\t<span class=\"elementor-icon-list-icon\">\n\t\t\t\t\t\t\t<i aria-hidden=\"true\" class=\"fas fa-check\"><\/i>\t\t\t\t\t\t<\/span>\n\t\t\t\t\t\t\t\t\t\t<span class=\"elementor-icon-list-text\">Autista che parla inglese\/francese\/spagnolo durante il tour<\/span>\n\t\t\t\t\t\t\t\t\t<\/li>\n\t\t\t\t\t\t\t\t<li class=\"elementor-icon-list-item\">\n\t\t\t\t\t\t\t\t\t\t\t<span class=\"elementor-icon-list-icon\">\n\t\t\t\t\t\t\t<i aria-hidden=\"true\" class=\"fas fa-check\"><\/i>\t\t\t\t\t\t<\/span>\n\t\t\t\t\t\t\t\t\t\t<span class=\"elementor-icon-list-text\">Pick up and dro p pressoil vostro alloggio a Fes<\/span>\n\t\t\t\t\t\t\t\t\t<\/li>\n\t\t\t\t\t\t\t\t<li class=\"elementor-icon-list-item\">\n\t\t\t\t\t\t\t\t\t\t\t<span class=\"elementor-icon-list-icon\">\n\t\t\t\t\t\t\t<i aria-hidden=\"true\" class=\"fas fa-check\"><\/i>\t\t\t\t\t\t<\/span>\n\t\t\t\t\t\t\t\t\t\t<span class=\"elementor-icon-list-text\">Tempo libero per esplorare la citt\u00e0<\/span>\n\t\t\t\t\t\t\t\t\t<\/li>\n\t\t\t\t\t\t<\/ul>\n\t\t\t\t\t\t<\/div>\n\t\t\t\t<\/div>\n\t\t\t\t<div class=\"elementor-element elementor-element-6f492455 elementor-widget elementor-widget-heading\" data-id=\"6f492455\" data-element_type=\"widget\" data-e-type=\"widget\" data-widget_type=\"heading.default\">\n\t\t\t\t<div class=\"elementor-widget-container\">\n\t\t\t\t\t<h4 class=\"elementor-heading-title elementor-size-default\">Il viaggio non comprende:<\/h4>\t\t\t\t<\/div>\n\t\t\t\t<\/div>\n\t\t\t\t<div class=\"elementor-element elementor-element-36e3180 elementor-icon-list--layout-traditional elementor-list-item-link-full_width elementor-widget elementor-widget-icon-list\" data-id=\"36e3180\" data-element_type=\"widget\" data-e-type=\"widget\" data-widget_type=\"icon-list.default\">\n\t\t\t\t<div class=\"elementor-widget-container\">\n\t\t\t\t\t\t\t<ul class=\"elementor-icon-list-items\">\n\t\t\t\t\t\t\t<li class=\"elementor-icon-list-item\">\n\t\t\t\t\t\t\t\t\t\t\t<span class=\"elementor-icon-list-icon\">\n\t\t\t\t\t\t\t<i aria-hidden=\"true\" class=\"fas fa-times\"><\/i>\t\t\t\t\t\t<\/span>\n\t\t\t\t\t\t\t\t\t\t<span class=\"elementor-icon-list-text\">pranzo<\/span>\n\t\t\t\t\t\t\t\t\t<\/li>\n\t\t\t\t\t\t\t\t<li class=\"elementor-icon-list-item\">\n\t\t\t\t\t\t\t\t\t\t\t<span class=\"elementor-icon-list-icon\">\n\t\t\t\t\t\t\t<i aria-hidden=\"true\" class=\"fas fa-times\"><\/i>\t\t\t\t\t\t<\/span>\n\t\t\t\t\t\t\t\t\t\t<span class=\"elementor-icon-list-text\">bevande<\/span>\n\t\t\t\t\t\t\t\t\t<\/li>\n\t\t\t\t\t\t\t\t<li class=\"elementor-icon-list-item\">\n\t\t\t\t\t\t\t\t\t\t\t<span class=\"elementor-icon-list-icon\">\n\t\t\t\t\t\t\t<i aria-hidden=\"true\" class=\"fas fa-times\"><\/i>\t\t\t\t\t\t<\/span>\n\t\t\t\t\t\t\t\t\t\t<span class=\"elementor-icon-list-text\">biglietti d'ingresso ai monumenti<\/span>\n\t\t\t\t\t\t\t\t\t<\/li>\n\t\t\t\t\t\t<\/ul>\n\t\t\t\t\t\t<\/div>\n\t\t\t\t<\/div>\n\t\t\t\t<div class=\"elementor-element elementor-element-10455676 elementor-align-center elementor-widget elementor-widget-button\" data-id=\"10455676\" data-element_type=\"widget\" data-e-type=\"widget\" data-widget_type=\"button.default\">\n\t\t\t\t<div class=\"elementor-widget-container\">\n\t\t\t\t\t\t\t\t\t<div class=\"elementor-button-wrapper\">\n\t\t\t\t\t<a class=\"elementor-button elementor-button-link elementor-size-sm\" href=\"https:\/\/moroccoeverydaytrip.com\/it\/contattateci\/\">\n\t\t\t\t\t\t<span class=\"elementor-button-content-wrapper\">\n\t\t\t\t\t\t<span class=\"elementor-button-icon\">\n\t\t\t\t<i aria-hidden=\"true\" class=\"far fa-arrow-alt-circle-right\"><\/i>\t\t\t<\/span>\n\t\t\t\t\t\t\t\t\t<span class=\"elementor-button-text\"> Contattateci ora<\/span>\n\t\t\t\t\t<\/span>\n\t\t\t\t\t<\/a>\n\t\t\t\t<\/div>\n\t\t\t\t\t\t\t\t<\/div>\n\t\t\t\t<\/div>\n\t\t\t\t\t<\/div>\n\t\t<\/div>\n\t\t\t\t\t<\/div>\n\t\t<\/section>\n\t\t\t\t<section class=\"elementor-section elementor-top-section elementor-element elementor-element-a1b9561 elementor-section-boxed elementor-section-height-default elementor-section-height-default\" data-id=\"a1b9561\" data-element_type=\"section\" data-e-type=\"section\">\n\t\t\t\t\t\t<div class=\"elementor-container elementor-column-gap-default\">\n\t\t\t\t\t<div class=\"elementor-column elementor-col-100 elementor-top-column elementor-element elementor-element-50f24f2\" data-id=\"50f24f2\" data-element_type=\"column\" data-e-type=\"column\">\n\t\t\t<div class=\"elementor-widget-wrap elementor-element-populated\">\n\t\t\t\t\t\t<div class=\"elementor-element elementor-element-a4094ea elementor-widget elementor-widget-toggle\" data-id=\"a4094ea\" data-element_type=\"widget\" data-e-type=\"widget\" data-widget_type=\"toggle.default\">\n\t\t\t\t<div class=\"elementor-widget-container\">\n\t\t\t\t\t\t\t<div class=\"elementor-toggle\">\n\t\t\t\t\t\t\t<div class=\"elementor-toggle-item\">\n\t\t\t\t\t<div id=\"elementor-tab-title-1721\" class=\"elementor-tab-title\" data-tab=\"1\" role=\"button\" aria-controls=\"elementor-tab-content-1721\" aria-expanded=\"false\">\n\t\t\t\t\t\t\t\t\t\t\t\t<span class=\"elementor-toggle-icon elementor-toggle-icon-left\" aria-hidden=\"true\">\n\t\t\t\t\t\t\t\t\t\t\t\t\t\t\t<span class=\"elementor-toggle-icon-closed\"><i class=\"fas fa-caret-right\"><\/i><\/span>\n\t\t\t\t\t\t\t\t<span class=\"elementor-toggle-icon-opened\"><i class=\"elementor-toggle-icon-opened fas fa-caret-up\"><\/i><\/span>\n\t\t\t\t\t\t\t\t\t\t\t\t\t<\/span>\n\t\t\t\t\t\t\t\t\t\t\t\t<a class=\"elementor-toggle-title\" tabindex=\"0\">Gita di un giorno da Marrakech<\/a>\n\t\t\t\t\t<\/div>\n\n\t\t\t\t\t<div id=\"elementor-tab-content-1721\" class=\"elementor-tab-content elementor-clearfix\" data-tab=\"1\" role=\"region\" aria-labelledby=\"elementor-tab-title-1721\"><ul><li><a href=\"https:\/\/moroccoeverydaytrip.com\/it\/gita-di-un-giorno-da-marrakech-a-essaouira\/\">Gita di un giorno da Marrakech a Essaouira<\/a><\/li><li><a href=\"https:\/\/moroccoeverydaytrip.com\/it\/tour-di-un-giorno-da-marrakech-a-ait-ben-haddou\/\">Gita di un giorno da Marrakech a Ait Ben Haddou<\/a><\/li><li><a href=\"https:\/\/moroccoeverydaytrip.com\/it\/escursione-di-un-giorno-da-marrakech-alla-valle-dellourika\/\">Gita di\u00a0un\u00a0giorno\u00a0nella\u00a0valle dell&#8217;Ourika da Marrakech<\/a><\/li><li><a href=\"https:\/\/moroccoeverydaytrip.com\/it\/escursione-di-un-giorno-alle-cascate-di-ouzoud-da-marrakech\/\">Gita di\u00a0un\u00a0giorno\u00a0alle\u00a0cascate di Ouzoud da Marrakech<\/a><\/li><li><a href=\"https:\/\/moroccoeverydaytrip.com\/it\/tour-turistico-di-marrakech\/\">Tour turistico di Marrakech<\/a><\/li><\/ul><\/div>\n\t\t\t\t<\/div>\n\t\t\t\t\t\t\t<div class=\"elementor-toggle-item\">\n\t\t\t\t\t<div id=\"elementor-tab-title-1722\" class=\"elementor-tab-title\" data-tab=\"2\" role=\"button\" aria-controls=\"elementor-tab-content-1722\" aria-expanded=\"false\">\n\t\t\t\t\t\t\t\t\t\t\t\t<span class=\"elementor-toggle-icon elementor-toggle-icon-left\" aria-hidden=\"true\">\n\t\t\t\t\t\t\t\t\t\t\t\t\t\t\t<span class=\"elementor-toggle-icon-closed\"><i class=\"fas fa-caret-right\"><\/i><\/span>\n\t\t\t\t\t\t\t\t<span class=\"elementor-toggle-icon-opened\"><i class=\"elementor-toggle-icon-opened fas fa-caret-up\"><\/i><\/span>\n\t\t\t\t\t\t\t\t\t\t\t\t\t<\/span>\n\t\t\t\t\t\t\t\t\t\t\t\t<a class=\"elementor-toggle-title\" tabindex=\"0\">Gita di un giorno da Fes<\/a>\n\t\t\t\t\t<\/div>\n\n\t\t\t\t\t<div id=\"elementor-tab-content-1722\" class=\"elementor-tab-content elementor-clearfix\" data-tab=\"2\" role=\"region\" aria-labelledby=\"elementor-tab-title-1722\"><ul><li><a href=\"https:\/\/moroccoeverydaytrip.com\/it\/gita-di-un-giorno-da-fes-a-chefchaouen\/\">Gita di un giorno da Fes a Chefchaouen<\/a><\/li><li><a href=\"https:\/\/moroccoeverydaytrip.com\/it\/giro-turistico-di-fes\/\">Giro turistico di Fes<\/a><\/li><li><a href=\"https:\/\/moroccoeverydaytrip.com\/it\/gita-di-un-giorno-da-fes-a-meknes-e-volubilis\/\">Gita di un giorno da Fes a Meknes e Volubilis<\/a><\/li><\/ul><\/div>\n\t\t\t\t<\/div>\n\t\t\t\t\t\t\t\t<\/div>\n\t\t\t\t\t\t<\/div>\n\t\t\t\t<\/div>\n\t\t\t\t\t<\/div>\n\t\t<\/div>\n\t\t\t\t\t<\/div>\n\t\t<\/section>\n\t\t\t\t<\/div>\n\t\t","protected":false},"excerpt":{"rendered":"<p>Gita di un giorno da Fes a Meknes e Volubilis Gita di un giorno da Fes a Meknes e Volubilis L\u2019escursione di un giorno da&hellip;<\/p>\n","protected":false},"author":1,"featured_media":1122,"parent":0,"menu_order":0,"comment_status":"closed","ping_status":"open","template":"","meta":{"footnotes":""},"class_list":["post-1126","page","type-page","status-publish","has-post-thumbnail","hentry"],"yoast_head":"<!-- This site is optimized with the Yoast SEO plugin v27.4 - https:\/\/yoast.com\/product\/yoast-seo-wordpress\/ -->\n<title>Gita Di Un Giorno da Fes a Meknes e Volubilis | Tour del Marocco<\/title>\n<meta name=\"description\" content=\"La Gita di un giorno da Fes a Meknes e Volubilis vi permetteranno di visitare la bella citt\u00e0 di Meknes e le rovine romane...\" \/>\n<meta name=\"robots\" content=\"index, follow, max-snippet:-1, max-image-preview:large, max-video-preview:-1\" \/>\n<link rel=\"canonical\" href=\"https:\/\/moroccoeverydaytrip.com\/it\/gita-di-un-giorno-da-fes-a-meknes-e-volubilis\/\" \/>\n<meta property=\"og:locale\" content=\"it_IT\" \/>\n<meta property=\"og:type\" content=\"article\" \/>\n<meta property=\"og:title\" content=\"Gita Di Un Giorno da Fes a Meknes e Volubilis | Tour del Marocco\" \/>\n<meta property=\"og:description\" content=\"La Gita di un giorno da Fes a Meknes e Volubilis vi permetteranno di visitare la bella citt\u00e0 di Meknes e le rovine romane...\" \/>\n<meta property=\"og:url\" content=\"https:\/\/moroccoeverydaytrip.com\/it\/gita-di-un-giorno-da-fes-a-meknes-e-volubilis\/\" \/>\n<meta property=\"og:site_name\" content=\"Tour del Marocco\" \/>\n<meta property=\"article:modified_time\" content=\"2024-11-20T14:28:52+00:00\" \/>\n<meta property=\"og:image\" content=\"https:\/\/moroccoeverydaytrip.com\/it\/wp-content\/uploads\/2023\/01\/bab-mansour-meknes.jpg\" \/>\n\t<meta property=\"og:image:width\" content=\"1200\" \/>\n\t<meta property=\"og:image:height\" content=\"771\" \/>\n\t<meta property=\"og:image:type\" content=\"image\/jpeg\" \/>\n<meta name=\"twitter:card\" content=\"summary_large_image\" \/>\n<meta name=\"twitter:label1\" content=\"Tempo di lettura stimato\" \/>\n\t<meta name=\"twitter:data1\" content=\"2 minuti\" \/>\n<script type=\"application\/ld+json\" class=\"yoast-schema-graph\">{\"@context\":\"https:\\\/\\\/schema.org\",\"@graph\":[{\"@type\":\"WebPage\",\"@id\":\"https:\\\/\\\/moroccoeverydaytrip.com\\\/it\\\/gita-di-un-giorno-da-fes-a-meknes-e-volubilis\\\/\",\"url\":\"https:\\\/\\\/moroccoeverydaytrip.com\\\/it\\\/gita-di-un-giorno-da-fes-a-meknes-e-volubilis\\\/\",\"name\":\"Gita Di Un Giorno da Fes a Meknes e Volubilis | Tour del Marocco\",\"isPartOf\":{\"@id\":\"https:\\\/\\\/moroccoeverydaytrip.com\\\/it\\\/#website\"},\"primaryImageOfPage\":{\"@id\":\"https:\\\/\\\/moroccoeverydaytrip.com\\\/it\\\/gita-di-un-giorno-da-fes-a-meknes-e-volubilis\\\/#primaryimage\"},\"image\":{\"@id\":\"https:\\\/\\\/moroccoeverydaytrip.com\\\/it\\\/gita-di-un-giorno-da-fes-a-meknes-e-volubilis\\\/#primaryimage\"},\"thumbnailUrl\":\"https:\\\/\\\/moroccoeverydaytrip.com\\\/it\\\/wp-content\\\/uploads\\\/2023\\\/01\\\/bab-mansour-meknes.jpg\",\"datePublished\":\"2023-01-23T12:35:16+00:00\",\"dateModified\":\"2024-11-20T14:28:52+00:00\",\"description\":\"La Gita di un giorno da Fes a Meknes e Volubilis vi permetteranno di visitare la bella citt\u00e0 di Meknes e le rovine romane...\",\"breadcrumb\":{\"@id\":\"https:\\\/\\\/moroccoeverydaytrip.com\\\/it\\\/gita-di-un-giorno-da-fes-a-meknes-e-volubilis\\\/#breadcrumb\"},\"inLanguage\":\"it-IT\",\"potentialAction\":[{\"@type\":\"ReadAction\",\"target\":[\"https:\\\/\\\/moroccoeverydaytrip.com\\\/it\\\/gita-di-un-giorno-da-fes-a-meknes-e-volubilis\\\/\"]}]},{\"@type\":\"ImageObject\",\"inLanguage\":\"it-IT\",\"@id\":\"https:\\\/\\\/moroccoeverydaytrip.com\\\/it\\\/gita-di-un-giorno-da-fes-a-meknes-e-volubilis\\\/#primaryimage\",\"url\":\"https:\\\/\\\/moroccoeverydaytrip.com\\\/it\\\/wp-content\\\/uploads\\\/2023\\\/01\\\/bab-mansour-meknes.jpg\",\"contentUrl\":\"https:\\\/\\\/moroccoeverydaytrip.com\\\/it\\\/wp-content\\\/uploads\\\/2023\\\/01\\\/bab-mansour-meknes.jpg\",\"width\":1200,\"height\":771,\"caption\":\"Gita di un giorno da Fes a Meknes e Volubilis\"},{\"@type\":\"BreadcrumbList\",\"@id\":\"https:\\\/\\\/moroccoeverydaytrip.com\\\/it\\\/gita-di-un-giorno-da-fes-a-meknes-e-volubilis\\\/#breadcrumb\",\"itemListElement\":[{\"@type\":\"ListItem\",\"position\":1,\"name\":\"Home\",\"item\":\"https:\\\/\\\/moroccoeverydaytrip.com\\\/it\\\/\"},{\"@type\":\"ListItem\",\"position\":2,\"name\":\"Gita Di Un Giorno da Fes a Meknes e Volubilis\"}]},{\"@type\":\"WebSite\",\"@id\":\"https:\\\/\\\/moroccoeverydaytrip.com\\\/it\\\/#website\",\"url\":\"https:\\\/\\\/moroccoeverydaytrip.com\\\/it\\\/\",\"name\":\"Tour del Marocco\",\"description\":\"Tour del Marocco\",\"potentialAction\":[{\"@type\":\"SearchAction\",\"target\":{\"@type\":\"EntryPoint\",\"urlTemplate\":\"https:\\\/\\\/moroccoeverydaytrip.com\\\/it\\\/?s={search_term_string}\"},\"query-input\":{\"@type\":\"PropertyValueSpecification\",\"valueRequired\":true,\"valueName\":\"search_term_string\"}}],\"inLanguage\":\"it-IT\"}]}<\/script>\n<!-- \/ Yoast SEO plugin. -->","yoast_head_json":{"title":"Gita Di Un Giorno da Fes a Meknes e Volubilis | Tour del Marocco","description":"La Gita di un giorno da Fes a Meknes e Volubilis vi permetteranno di visitare la bella citt\u00e0 di Meknes e le rovine romane...","robots":{"index":"index","follow":"follow","max-snippet":"max-snippet:-1","max-image-preview":"max-image-preview:large","max-video-preview":"max-video-preview:-1"},"canonical":"https:\/\/moroccoeverydaytrip.com\/it\/gita-di-un-giorno-da-fes-a-meknes-e-volubilis\/","og_locale":"it_IT","og_type":"article","og_title":"Gita Di Un Giorno da Fes a Meknes e Volubilis | Tour del Marocco","og_description":"La Gita di un giorno da Fes a Meknes e Volubilis vi permetteranno di visitare la bella citt\u00e0 di Meknes e le rovine romane...","og_url":"https:\/\/moroccoeverydaytrip.com\/it\/gita-di-un-giorno-da-fes-a-meknes-e-volubilis\/","og_site_name":"Tour del Marocco","article_modified_time":"2024-11-20T14:28:52+00:00","og_image":[{"width":1200,"height":771,"url":"https:\/\/moroccoeverydaytrip.com\/it\/wp-content\/uploads\/2023\/01\/bab-mansour-meknes.jpg","type":"image\/jpeg"}],"twitter_card":"summary_large_image","twitter_misc":{"Tempo di lettura stimato":"2 minuti"},"schema":{"@context":"https:\/\/schema.org","@graph":[{"@type":"WebPage","@id":"https:\/\/moroccoeverydaytrip.com\/it\/gita-di-un-giorno-da-fes-a-meknes-e-volubilis\/","url":"https:\/\/moroccoeverydaytrip.com\/it\/gita-di-un-giorno-da-fes-a-meknes-e-volubilis\/","name":"Gita Di Un Giorno da Fes a Meknes e Volubilis | Tour del Marocco","isPartOf":{"@id":"https:\/\/moroccoeverydaytrip.com\/it\/#website"},"primaryImageOfPage":{"@id":"https:\/\/moroccoeverydaytrip.com\/it\/gita-di-un-giorno-da-fes-a-meknes-e-volubilis\/#primaryimage"},"image":{"@id":"https:\/\/moroccoeverydaytrip.com\/it\/gita-di-un-giorno-da-fes-a-meknes-e-volubilis\/#primaryimage"},"thumbnailUrl":"https:\/\/moroccoeverydaytrip.com\/it\/wp-content\/uploads\/2023\/01\/bab-mansour-meknes.jpg","datePublished":"2023-01-23T12:35:16+00:00","dateModified":"2024-11-20T14:28:52+00:00","description":"La Gita di un giorno da Fes a Meknes e Volubilis vi permetteranno di visitare la bella citt\u00e0 di Meknes e le rovine romane...","breadcrumb":{"@id":"https:\/\/moroccoeverydaytrip.com\/it\/gita-di-un-giorno-da-fes-a-meknes-e-volubilis\/#breadcrumb"},"inLanguage":"it-IT","potentialAction":[{"@type":"ReadAction","target":["https:\/\/moroccoeverydaytrip.com\/it\/gita-di-un-giorno-da-fes-a-meknes-e-volubilis\/"]}]},{"@type":"ImageObject","inLanguage":"it-IT","@id":"https:\/\/moroccoeverydaytrip.com\/it\/gita-di-un-giorno-da-fes-a-meknes-e-volubilis\/#primaryimage","url":"https:\/\/moroccoeverydaytrip.com\/it\/wp-content\/uploads\/2023\/01\/bab-mansour-meknes.jpg","contentUrl":"https:\/\/moroccoeverydaytrip.com\/it\/wp-content\/uploads\/2023\/01\/bab-mansour-meknes.jpg","width":1200,"height":771,"caption":"Gita di un giorno da Fes a Meknes e Volubilis"},{"@type":"BreadcrumbList","@id":"https:\/\/moroccoeverydaytrip.com\/it\/gita-di-un-giorno-da-fes-a-meknes-e-volubilis\/#breadcrumb","itemListElement":[{"@type":"ListItem","position":1,"name":"Home","item":"https:\/\/moroccoeverydaytrip.com\/it\/"},{"@type":"ListItem","position":2,"name":"Gita Di Un Giorno da Fes a Meknes e Volubilis"}]},{"@type":"WebSite","@id":"https:\/\/moroccoeverydaytrip.com\/it\/#website","url":"https:\/\/moroccoeverydaytrip.com\/it\/","name":"Tour del Marocco","description":"Tour del Marocco","potentialAction":[{"@type":"SearchAction","target":{"@type":"EntryPoint","urlTemplate":"https:\/\/moroccoeverydaytrip.com\/it\/?s={search_term_string}"},"query-input":{"@type":"PropertyValueSpecification","valueRequired":true,"valueName":"search_term_string"}}],"inLanguage":"it-IT"}]}},"_links":{"self":[{"href":"https:\/\/moroccoeverydaytrip.com\/it\/wp-json\/wp\/v2\/pages\/1126","targetHints":{"allow":["GET"]}}],"collection":[{"href":"https:\/\/moroccoeverydaytrip.com\/it\/wp-json\/wp\/v2\/pages"}],"about":[{"href":"https:\/\/moroccoeverydaytrip.com\/it\/wp-json\/wp\/v2\/types\/page"}],"author":[{"embeddable":true,"href":"https:\/\/moroccoeverydaytrip.com\/it\/wp-json\/wp\/v2\/users\/1"}],"replies":[{"embeddable":true,"href":"https:\/\/moroccoeverydaytrip.com\/it\/wp-json\/wp\/v2\/comments?post=1126"}],"version-history":[{"count":45,"href":"https:\/\/moroccoeverydaytrip.com\/it\/wp-json\/wp\/v2\/pages\/1126\/revisions"}],"predecessor-version":[{"id":7112,"href":"https:\/\/moroccoeverydaytrip.com\/it\/wp-json\/wp\/v2\/pages\/1126\/revisions\/7112"}],"wp:featuredmedia":[{"embeddable":true,"href":"https:\/\/moroccoeverydaytrip.com\/it\/wp-json\/wp\/v2\/media\/1122"}],"wp:attachment":[{"href":"https:\/\/moroccoeverydaytrip.com\/it\/wp-json\/wp\/v2\/media?parent=1126"}],"curies":[{"name":"wp","href":"https:\/\/api.w.org\/{rel}","templated":true}]}}