{"id":1080,"date":"2023-01-23T10:38:03","date_gmt":"2023-01-23T10:38:03","guid":{"rendered":"https:\/\/moroccoeverydaytrip.com\/it\/?post_type=themo_tour&#038;p=1080"},"modified":"2024-11-13T21:54:36","modified_gmt":"2024-11-13T21:54:36","slug":"tour-di-un-giorno-da-marrakech-a-ait-ben-haddou","status":"publish","type":"page","link":"https:\/\/moroccoeverydaytrip.com\/it\/tour-di-un-giorno-da-marrakech-a-ait-ben-haddou\/","title":{"rendered":"Tour Di Un giorno Da Marrakech a Ait Ben Haddou"},"content":{"rendered":"\t\t<div data-elementor-type=\"wp-post\" data-elementor-id=\"1080\" class=\"elementor elementor-1080\">\n\t\t\t\t\t\t<section class=\"elementor-section elementor-top-section elementor-element elementor-element-173505d2 elementor-section-height-min-height elementor-section-boxed elementor-section-height-default elementor-section-items-middle\" data-id=\"173505d2\" data-element_type=\"section\" data-e-type=\"section\" data-settings=\"{&quot;background_background&quot;:&quot;classic&quot;}\">\n\t\t\t\t\t\t<div class=\"elementor-container elementor-column-gap-default\">\n\t\t\t\t\t<div class=\"elementor-column elementor-col-100 elementor-top-column elementor-element elementor-element-75709ea\" data-id=\"75709ea\" data-element_type=\"column\" data-e-type=\"column\">\n\t\t\t<div class=\"elementor-widget-wrap elementor-element-populated\">\n\t\t\t\t\t\t<div class=\"elementor-element elementor-element-469849a elementor-widget elementor-widget-heading\" data-id=\"469849a\" data-element_type=\"widget\" data-e-type=\"widget\" data-widget_type=\"heading.default\">\n\t\t\t\t<div class=\"elementor-widget-container\">\n\t\t\t\t\t<h1 class=\"elementor-heading-title elementor-size-default\">Tour di un giorno da Marrakech a Ait Ben Haddou<\/h1>\t\t\t\t<\/div>\n\t\t\t\t<\/div>\n\t\t\t\t\t<\/div>\n\t\t<\/div>\n\t\t\t\t\t<\/div>\n\t\t<\/section>\n\t\t\t\t<section class=\"elementor-section elementor-top-section elementor-element elementor-element-311fcd15 elementor-section-boxed elementor-section-height-default elementor-section-height-default\" data-id=\"311fcd15\" data-element_type=\"section\" data-e-type=\"section\">\n\t\t\t\t\t\t<div class=\"elementor-container elementor-column-gap-default\">\n\t\t\t\t\t<div class=\"elementor-column elementor-col-100 elementor-top-column elementor-element elementor-element-202cee88\" data-id=\"202cee88\" data-element_type=\"column\" data-e-type=\"column\">\n\t\t\t<div class=\"elementor-widget-wrap elementor-element-populated\">\n\t\t\t\t\t\t<div class=\"elementor-element elementor-element-b3a1701 elementor-widget elementor-widget-heading\" data-id=\"b3a1701\" data-element_type=\"widget\" data-e-type=\"widget\" data-widget_type=\"heading.default\">\n\t\t\t\t<div class=\"elementor-widget-container\">\n\t\t\t\t\t<h2 class=\"elementor-heading-title elementor-size-default\">Tour di un giorno da Marrakech a Ait Ben Haddou<\/h2>\t\t\t\t<\/div>\n\t\t\t\t<\/div>\n\t\t\t\t<div class=\"elementor-element elementor-element-2bf6502 elementor-widget elementor-widget-text-editor\" data-id=\"2bf6502\" data-element_type=\"widget\" data-e-type=\"widget\" data-widget_type=\"text-editor.default\">\n\t\t\t\t<div class=\"elementor-widget-container\">\n\t\t\t\t\t\t\t\t\t<p>IL Tour di un giorno da Marrakech a Ait Ben Haddou \u00e8 la pi\u00f9 ben conservata e bella Kasbah in <a href=\"https:\/\/moroccoeverydaytrip.com\/it\/\">Marocco<\/a>. Inoltre, \u00e8 pi\u00f9 simile a una collezione di piccole kasbah. Ait Ben Haddou Kasbah \u00e8 un patrimonio mondiale dell&#8217;UNESCO. E un villaggio fortificato collina 14 \u00ba secolo che era sulla vecchia strada carovana tra Marrakech e il Sahara. Inoltre, la Kasbah di Ait Ben Haddou \u00e8 stato descritto in innumerevoli film e un intero nuovo villaggio \u00e8 cresciuto intorno a questa bella struttura.<\/p><p>Inizieremo la nostra gita di un giorno a Ait Benhaddou Kasbahs alle 09:00 da Marrakech per passare attraverso il canale dell&#8217;Alto Atlante dalla strada di <a href=\"https:\/\/it.wikipedia.org\/wiki\/Tizi_n%27Tichka\">Tizi N&#8217;Tichka<\/a> Pass, la strada che passa la montagna pi\u00f9 alta in Nord Africa. Questa gita di un giorno ci permetter\u00e0 di vedere le cime della catena e bellissimi villaggi tradizionali berberi lungo la strada. Poi, raggiungeremo il Ksar fortificato di Ait Ben Haddou (patrimonio dell&#8217;umanit\u00e0) per visitare e scoprire il fascino delle sue belle Kasbah. E &#8216;un luogo atmosferico e la Kasbah sembra bella, in particolare all&#8217;alba o al tramonto e tramonto.<\/p><p>Qui si pu\u00f2 salire alle rovine del granaio fortificato con vista mozzafiato sul paesaggio circostante e fare una breve passeggiata lungo il fiume e nel villaggio. In seguito, continuiamo a Ouarzazate la porta del deserto e il centro del deserto del Sahara Turismo nel sud, visiteremo la Kasbah Taourirt e il suo edificio spettacolare che vi offre la possibilit\u00e0 di vedere all&#8217;interno di una vera e propria antica Kasbah e vedere l&#8217;architettura marocchina. L&#8217;ingresso costa 2 euro o 20 dirham a persona. Nel pomeriggio torniamo a Marrakech e alla fine della nostra Tour di un giorno da Marrakech a Ait ben Haddou<\/p>\t\t\t\t\t\t\t\t<\/div>\n\t\t\t\t<\/div>\n\t\t\t\t<div class=\"elementor-element elementor-element-512d244b elementor-widget elementor-widget-heading\" data-id=\"512d244b\" data-element_type=\"widget\" data-e-type=\"widget\" data-widget_type=\"heading.default\">\n\t\t\t\t<div class=\"elementor-widget-container\">\n\t\t\t\t\t<h4 class=\"elementor-heading-title elementor-size-default\">Il viaggio include:<\/h4>\t\t\t\t<\/div>\n\t\t\t\t<\/div>\n\t\t\t\t<div class=\"elementor-element elementor-element-283d91cf elementor-icon-list--layout-traditional elementor-list-item-link-full_width elementor-widget elementor-widget-icon-list\" data-id=\"283d91cf\" data-element_type=\"widget\" data-e-type=\"widget\" data-widget_type=\"icon-list.default\">\n\t\t\t\t<div class=\"elementor-widget-container\">\n\t\t\t\t\t\t\t<ul class=\"elementor-icon-list-items\">\n\t\t\t\t\t\t\t<li class=\"elementor-icon-list-item\">\n\t\t\t\t\t\t\t\t\t\t\t<span class=\"elementor-icon-list-icon\">\n\t\t\t\t\t\t\t<i aria-hidden=\"true\" class=\"fas fa-check\"><\/i>\t\t\t\t\t\t<\/span>\n\t\t\t\t\t\t\t\t\t\t<span class=\"elementor-icon-list-text\">Veicolo privato A\/ C, 4WD Toyota Land Cruiser + carburante<\/span>\n\t\t\t\t\t\t\t\t\t<\/li>\n\t\t\t\t\t\t\t\t<li class=\"elementor-icon-list-item\">\n\t\t\t\t\t\t\t\t\t\t\t<span class=\"elementor-icon-list-icon\">\n\t\t\t\t\t\t\t<i aria-hidden=\"true\" class=\"fas fa-check\"><\/i>\t\t\t\t\t\t<\/span>\n\t\t\t\t\t\t\t\t\t\t<span class=\"elementor-icon-list-text\">Autista che parla inglese\/francese\/spagnolo durante il tour<\/span>\n\t\t\t\t\t\t\t\t\t<\/li>\n\t\t\t\t\t\t\t\t<li class=\"elementor-icon-list-item\">\n\t\t\t\t\t\t\t\t\t\t\t<span class=\"elementor-icon-list-icon\">\n\t\t\t\t\t\t\t<i aria-hidden=\"true\" class=\"fas fa-check\"><\/i>\t\t\t\t\t\t<\/span>\n\t\t\t\t\t\t\t\t\t\t<span class=\"elementor-icon-list-text\">Pick up and drop presso il vostro alloggio a Marrakech<\/span>\n\t\t\t\t\t\t\t\t\t<\/li>\n\t\t\t\t\t\t\t\t<li class=\"elementor-icon-list-item\">\n\t\t\t\t\t\t\t\t\t\t\t<span class=\"elementor-icon-list-icon\">\n\t\t\t\t\t\t\t<i aria-hidden=\"true\" class=\"fas fa-check\"><\/i>\t\t\t\t\t\t<\/span>\n\t\t\t\t\t\t\t\t\t\t<span class=\"elementor-icon-list-text\">Tempo libero per esplorare la citt\u00e0<\/span>\n\t\t\t\t\t\t\t\t\t<\/li>\n\t\t\t\t\t\t<\/ul>\n\t\t\t\t\t\t<\/div>\n\t\t\t\t<\/div>\n\t\t\t\t<div class=\"elementor-element elementor-element-2bae959b elementor-widget elementor-widget-heading\" data-id=\"2bae959b\" data-element_type=\"widget\" data-e-type=\"widget\" data-widget_type=\"heading.default\">\n\t\t\t\t<div class=\"elementor-widget-container\">\n\t\t\t\t\t<h4 class=\"elementor-heading-title elementor-size-default\">Il viaggio non comprende:<\/h4>\t\t\t\t<\/div>\n\t\t\t\t<\/div>\n\t\t\t\t<div class=\"elementor-element elementor-element-5b256433 elementor-icon-list--layout-traditional elementor-list-item-link-full_width elementor-widget elementor-widget-icon-list\" data-id=\"5b256433\" data-element_type=\"widget\" data-e-type=\"widget\" data-widget_type=\"icon-list.default\">\n\t\t\t\t<div class=\"elementor-widget-container\">\n\t\t\t\t\t\t\t<ul class=\"elementor-icon-list-items\">\n\t\t\t\t\t\t\t<li class=\"elementor-icon-list-item\">\n\t\t\t\t\t\t\t\t\t\t\t<span class=\"elementor-icon-list-icon\">\n\t\t\t\t\t\t\t<i aria-hidden=\"true\" class=\"fas fa-times\"><\/i>\t\t\t\t\t\t<\/span>\n\t\t\t\t\t\t\t\t\t\t<span class=\"elementor-icon-list-text\">pranzo<\/span>\n\t\t\t\t\t\t\t\t\t<\/li>\n\t\t\t\t\t\t\t\t<li class=\"elementor-icon-list-item\">\n\t\t\t\t\t\t\t\t\t\t\t<span class=\"elementor-icon-list-icon\">\n\t\t\t\t\t\t\t<i aria-hidden=\"true\" class=\"fas fa-times\"><\/i>\t\t\t\t\t\t<\/span>\n\t\t\t\t\t\t\t\t\t\t<span class=\"elementor-icon-list-text\">bevande<\/span>\n\t\t\t\t\t\t\t\t\t<\/li>\n\t\t\t\t\t\t\t\t<li class=\"elementor-icon-list-item\">\n\t\t\t\t\t\t\t\t\t\t\t<span class=\"elementor-icon-list-icon\">\n\t\t\t\t\t\t\t<i aria-hidden=\"true\" class=\"fas fa-times\"><\/i>\t\t\t\t\t\t<\/span>\n\t\t\t\t\t\t\t\t\t\t<span class=\"elementor-icon-list-text\">biglietti d'ingresso ai monumenti<\/span>\n\t\t\t\t\t\t\t\t\t<\/li>\n\t\t\t\t\t\t<\/ul>\n\t\t\t\t\t\t<\/div>\n\t\t\t\t<\/div>\n\t\t\t\t<div class=\"elementor-element elementor-element-2e1fe99b elementor-align-center elementor-widget elementor-widget-button\" data-id=\"2e1fe99b\" data-element_type=\"widget\" data-e-type=\"widget\" data-widget_type=\"button.default\">\n\t\t\t\t<div class=\"elementor-widget-container\">\n\t\t\t\t\t\t\t\t\t<div class=\"elementor-button-wrapper\">\n\t\t\t\t\t<a class=\"elementor-button elementor-button-link elementor-size-sm\" href=\"https:\/\/moroccoeverydaytrip.com\/it\/contattateci\/\">\n\t\t\t\t\t\t<span class=\"elementor-button-content-wrapper\">\n\t\t\t\t\t\t<span class=\"elementor-button-icon\">\n\t\t\t\t<i aria-hidden=\"true\" class=\"far fa-arrow-alt-circle-right\"><\/i>\t\t\t<\/span>\n\t\t\t\t\t\t\t\t\t<span class=\"elementor-button-text\"> Contattateci ora<\/span>\n\t\t\t\t\t<\/span>\n\t\t\t\t\t<\/a>\n\t\t\t\t<\/div>\n\t\t\t\t\t\t\t\t<\/div>\n\t\t\t\t<\/div>\n\t\t\t\t\t<\/div>\n\t\t<\/div>\n\t\t\t\t\t<\/div>\n\t\t<\/section>\n\t\t\t\t<section class=\"elementor-section elementor-top-section elementor-element elementor-element-87d159a elementor-section-boxed elementor-section-height-default elementor-section-height-default\" data-id=\"87d159a\" data-element_type=\"section\" data-e-type=\"section\">\n\t\t\t\t\t\t<div class=\"elementor-container elementor-column-gap-default\">\n\t\t\t\t\t<div class=\"elementor-column elementor-col-100 elementor-top-column elementor-element elementor-element-f5ff687\" data-id=\"f5ff687\" data-element_type=\"column\" data-e-type=\"column\">\n\t\t\t<div class=\"elementor-widget-wrap elementor-element-populated\">\n\t\t\t\t\t\t<div class=\"elementor-element elementor-element-9c946bd elementor-widget elementor-widget-toggle\" data-id=\"9c946bd\" data-element_type=\"widget\" data-e-type=\"widget\" data-widget_type=\"toggle.default\">\n\t\t\t\t<div class=\"elementor-widget-container\">\n\t\t\t\t\t\t\t<div class=\"elementor-toggle\">\n\t\t\t\t\t\t\t<div class=\"elementor-toggle-item\">\n\t\t\t\t\t<div id=\"elementor-tab-title-1641\" class=\"elementor-tab-title\" data-tab=\"1\" role=\"button\" aria-controls=\"elementor-tab-content-1641\" aria-expanded=\"false\">\n\t\t\t\t\t\t\t\t\t\t\t\t<span class=\"elementor-toggle-icon elementor-toggle-icon-left\" aria-hidden=\"true\">\n\t\t\t\t\t\t\t\t\t\t\t\t\t\t\t<span class=\"elementor-toggle-icon-closed\"><i class=\"fas fa-caret-right\"><\/i><\/span>\n\t\t\t\t\t\t\t\t<span class=\"elementor-toggle-icon-opened\"><i class=\"elementor-toggle-icon-opened fas fa-caret-up\"><\/i><\/span>\n\t\t\t\t\t\t\t\t\t\t\t\t\t<\/span>\n\t\t\t\t\t\t\t\t\t\t\t\t<a class=\"elementor-toggle-title\" tabindex=\"0\">Gita di un giorno da Marrakech<\/a>\n\t\t\t\t\t<\/div>\n\n\t\t\t\t\t<div id=\"elementor-tab-content-1641\" class=\"elementor-tab-content elementor-clearfix\" data-tab=\"1\" role=\"region\" aria-labelledby=\"elementor-tab-title-1641\"><ul><li><a href=\"https:\/\/moroccoeverydaytrip.com\/it\/gita-di-un-giorno-da-marrakech-a-essaouira\/\">Gita di un giorno da Marrakech a Essaouira<\/a><\/li><li><a href=\"https:\/\/moroccoeverydaytrip.com\/it\/tour-di-un-giorno-da-marrakech-a-ait-ben-haddou\/\">Gita di un giorno da Marrakech a Ait Ben Haddou<\/a><\/li><li><a href=\"https:\/\/moroccoeverydaytrip.com\/it\/escursione-di-un-giorno-da-marrakech-alla-valle-dellourika\/\">Gita di\u00a0un\u00a0giorno\u00a0nella\u00a0valle dell&#8217;Ourika da Marrakech<\/a><\/li><li><a href=\"https:\/\/moroccoeverydaytrip.com\/it\/escursione-di-un-giorno-alle-cascate-di-ouzoud-da-marrakech\/\">Gita di\u00a0un\u00a0giorno\u00a0alle\u00a0cascate di Ouzoud da Marrakech<\/a><\/li><li><a href=\"https:\/\/moroccoeverydaytrip.com\/it\/tour-turistico-di-marrakech\/\">Tour turistico di Marrakech<\/a><\/li><\/ul><\/div>\n\t\t\t\t<\/div>\n\t\t\t\t\t\t\t<div class=\"elementor-toggle-item\">\n\t\t\t\t\t<div id=\"elementor-tab-title-1642\" class=\"elementor-tab-title\" data-tab=\"2\" role=\"button\" aria-controls=\"elementor-tab-content-1642\" aria-expanded=\"false\">\n\t\t\t\t\t\t\t\t\t\t\t\t<span class=\"elementor-toggle-icon elementor-toggle-icon-left\" aria-hidden=\"true\">\n\t\t\t\t\t\t\t\t\t\t\t\t\t\t\t<span class=\"elementor-toggle-icon-closed\"><i class=\"fas fa-caret-right\"><\/i><\/span>\n\t\t\t\t\t\t\t\t<span class=\"elementor-toggle-icon-opened\"><i class=\"elementor-toggle-icon-opened fas fa-caret-up\"><\/i><\/span>\n\t\t\t\t\t\t\t\t\t\t\t\t\t<\/span>\n\t\t\t\t\t\t\t\t\t\t\t\t<a class=\"elementor-toggle-title\" tabindex=\"0\">Gita di un giorno da Fes<\/a>\n\t\t\t\t\t<\/div>\n\n\t\t\t\t\t<div id=\"elementor-tab-content-1642\" class=\"elementor-tab-content elementor-clearfix\" data-tab=\"2\" role=\"region\" aria-labelledby=\"elementor-tab-title-1642\"><ul><li><a href=\"https:\/\/moroccoeverydaytrip.com\/it\/gita-di-un-giorno-da-fes-a-chefchaouen\/\">Gita di un giorno da Fes a Chefchaouen<\/a><\/li><li><a href=\"https:\/\/moroccoeverydaytrip.com\/it\/giro-turistico-di-fes\/\">Giro turistico di Fes<\/a><\/li><li><a href=\"https:\/\/moroccoeverydaytrip.com\/it\/gita-di-un-giorno-da-fes-a-meknes-e-volubilis\/\">Gita di un giorno da Fes a Meknes e Volubilis<\/a><\/li><\/ul><\/div>\n\t\t\t\t<\/div>\n\t\t\t\t\t\t\t\t<\/div>\n\t\t\t\t\t\t<\/div>\n\t\t\t\t<\/div>\n\t\t\t\t\t<\/div>\n\t\t<\/div>\n\t\t\t\t\t<\/div>\n\t\t<\/section>\n\t\t\t\t<\/div>\n\t\t","protected":false},"excerpt":{"rendered":"<p>Tour di un giorno da Marrakech a Ait Ben Haddou Tour di un giorno da Marrakech a Ait Ben Haddou IL Tour di un giorno&hellip;<\/p>\n","protected":false},"author":1,"featured_media":1076,"parent":0,"menu_order":0,"comment_status":"closed","ping_status":"open","template":"","meta":{"footnotes":""},"class_list":["post-1080","page","type-page","status-publish","has-post-thumbnail","hentry"],"yoast_head":"<!-- This site is optimized with the Yoast SEO plugin v27.4 - https:\/\/yoast.com\/product\/yoast-seo-wordpress\/ -->\n<title>Tour Di Un giorno Da Marrakech a Ait Ben Haddou | Tour del Marocco<\/title>\n<meta name=\"description\" content=\"Tour di un giorno da Marrakech a Ait ben Haddou. Partecipa al miglior tour di un giorno alla fortezza di Ait Benhaddou.\" \/>\n<meta name=\"robots\" content=\"index, follow, max-snippet:-1, max-image-preview:large, max-video-preview:-1\" \/>\n<link rel=\"canonical\" href=\"https:\/\/moroccoeverydaytrip.com\/it\/tour-di-un-giorno-da-marrakech-a-ait-ben-haddou\/\" \/>\n<meta property=\"og:locale\" content=\"it_IT\" \/>\n<meta property=\"og:type\" content=\"article\" \/>\n<meta property=\"og:title\" content=\"Tour Di Un giorno Da Marrakech a Ait Ben Haddou | Tour del Marocco\" \/>\n<meta property=\"og:description\" content=\"Tour di un giorno da Marrakech a Ait ben Haddou. Partecipa al miglior tour di un giorno alla fortezza di Ait Benhaddou.\" \/>\n<meta property=\"og:url\" content=\"https:\/\/moroccoeverydaytrip.com\/it\/tour-di-un-giorno-da-marrakech-a-ait-ben-haddou\/\" \/>\n<meta property=\"og:site_name\" content=\"Tour del Marocco\" \/>\n<meta property=\"article:modified_time\" content=\"2024-11-13T21:54:36+00:00\" \/>\n<meta property=\"og:image\" content=\"https:\/\/moroccoeverydaytrip.com\/it\/wp-content\/uploads\/2023\/01\/desert2-4.jpg\" \/>\n\t<meta property=\"og:image:width\" content=\"2048\" \/>\n\t<meta property=\"og:image:height\" content=\"1365\" \/>\n\t<meta property=\"og:image:type\" content=\"image\/jpeg\" \/>\n<meta name=\"twitter:card\" content=\"summary_large_image\" \/>\n<meta name=\"twitter:label1\" content=\"Tempo di lettura stimato\" \/>\n\t<meta name=\"twitter:data1\" content=\"3 minuti\" \/>\n<script type=\"application\/ld+json\" class=\"yoast-schema-graph\">{\"@context\":\"https:\\\/\\\/schema.org\",\"@graph\":[{\"@type\":\"WebPage\",\"@id\":\"https:\\\/\\\/moroccoeverydaytrip.com\\\/it\\\/tour-di-un-giorno-da-marrakech-a-ait-ben-haddou\\\/\",\"url\":\"https:\\\/\\\/moroccoeverydaytrip.com\\\/it\\\/tour-di-un-giorno-da-marrakech-a-ait-ben-haddou\\\/\",\"name\":\"Tour Di Un giorno Da Marrakech a Ait Ben Haddou | Tour del Marocco\",\"isPartOf\":{\"@id\":\"https:\\\/\\\/moroccoeverydaytrip.com\\\/it\\\/#website\"},\"primaryImageOfPage\":{\"@id\":\"https:\\\/\\\/moroccoeverydaytrip.com\\\/it\\\/tour-di-un-giorno-da-marrakech-a-ait-ben-haddou\\\/#primaryimage\"},\"image\":{\"@id\":\"https:\\\/\\\/moroccoeverydaytrip.com\\\/it\\\/tour-di-un-giorno-da-marrakech-a-ait-ben-haddou\\\/#primaryimage\"},\"thumbnailUrl\":\"https:\\\/\\\/moroccoeverydaytrip.com\\\/it\\\/wp-content\\\/uploads\\\/2023\\\/01\\\/desert2-4.jpg\",\"datePublished\":\"2023-01-23T10:38:03+00:00\",\"dateModified\":\"2024-11-13T21:54:36+00:00\",\"description\":\"Tour di un giorno da Marrakech a Ait ben Haddou. Partecipa al miglior tour di un giorno alla fortezza di Ait Benhaddou.\",\"breadcrumb\":{\"@id\":\"https:\\\/\\\/moroccoeverydaytrip.com\\\/it\\\/tour-di-un-giorno-da-marrakech-a-ait-ben-haddou\\\/#breadcrumb\"},\"inLanguage\":\"it-IT\",\"potentialAction\":[{\"@type\":\"ReadAction\",\"target\":[\"https:\\\/\\\/moroccoeverydaytrip.com\\\/it\\\/tour-di-un-giorno-da-marrakech-a-ait-ben-haddou\\\/\"]}]},{\"@type\":\"ImageObject\",\"inLanguage\":\"it-IT\",\"@id\":\"https:\\\/\\\/moroccoeverydaytrip.com\\\/it\\\/tour-di-un-giorno-da-marrakech-a-ait-ben-haddou\\\/#primaryimage\",\"url\":\"https:\\\/\\\/moroccoeverydaytrip.com\\\/it\\\/wp-content\\\/uploads\\\/2023\\\/01\\\/desert2-4.jpg\",\"contentUrl\":\"https:\\\/\\\/moroccoeverydaytrip.com\\\/it\\\/wp-content\\\/uploads\\\/2023\\\/01\\\/desert2-4.jpg\",\"width\":2048,\"height\":1365,\"caption\":\"Tour di un giorno da Marrakech a Ait ben Haddou\"},{\"@type\":\"BreadcrumbList\",\"@id\":\"https:\\\/\\\/moroccoeverydaytrip.com\\\/it\\\/tour-di-un-giorno-da-marrakech-a-ait-ben-haddou\\\/#breadcrumb\",\"itemListElement\":[{\"@type\":\"ListItem\",\"position\":1,\"name\":\"Home\",\"item\":\"https:\\\/\\\/moroccoeverydaytrip.com\\\/it\\\/\"},{\"@type\":\"ListItem\",\"position\":2,\"name\":\"Tour Di Un giorno Da Marrakech a Ait Ben Haddou\"}]},{\"@type\":\"WebSite\",\"@id\":\"https:\\\/\\\/moroccoeverydaytrip.com\\\/it\\\/#website\",\"url\":\"https:\\\/\\\/moroccoeverydaytrip.com\\\/it\\\/\",\"name\":\"Tour del Marocco\",\"description\":\"Tour del Marocco\",\"potentialAction\":[{\"@type\":\"SearchAction\",\"target\":{\"@type\":\"EntryPoint\",\"urlTemplate\":\"https:\\\/\\\/moroccoeverydaytrip.com\\\/it\\\/?s={search_term_string}\"},\"query-input\":{\"@type\":\"PropertyValueSpecification\",\"valueRequired\":true,\"valueName\":\"search_term_string\"}}],\"inLanguage\":\"it-IT\"}]}<\/script>\n<!-- \/ Yoast SEO plugin. -->","yoast_head_json":{"title":"Tour Di Un giorno Da Marrakech a Ait Ben Haddou | Tour del Marocco","description":"Tour di un giorno da Marrakech a Ait ben Haddou. Partecipa al miglior tour di un giorno alla fortezza di Ait Benhaddou.","robots":{"index":"index","follow":"follow","max-snippet":"max-snippet:-1","max-image-preview":"max-image-preview:large","max-video-preview":"max-video-preview:-1"},"canonical":"https:\/\/moroccoeverydaytrip.com\/it\/tour-di-un-giorno-da-marrakech-a-ait-ben-haddou\/","og_locale":"it_IT","og_type":"article","og_title":"Tour Di Un giorno Da Marrakech a Ait Ben Haddou | Tour del Marocco","og_description":"Tour di un giorno da Marrakech a Ait ben Haddou. Partecipa al miglior tour di un giorno alla fortezza di Ait Benhaddou.","og_url":"https:\/\/moroccoeverydaytrip.com\/it\/tour-di-un-giorno-da-marrakech-a-ait-ben-haddou\/","og_site_name":"Tour del Marocco","article_modified_time":"2024-11-13T21:54:36+00:00","og_image":[{"width":2048,"height":1365,"url":"https:\/\/moroccoeverydaytrip.com\/it\/wp-content\/uploads\/2023\/01\/desert2-4.jpg","type":"image\/jpeg"}],"twitter_card":"summary_large_image","twitter_misc":{"Tempo di lettura stimato":"3 minuti"},"schema":{"@context":"https:\/\/schema.org","@graph":[{"@type":"WebPage","@id":"https:\/\/moroccoeverydaytrip.com\/it\/tour-di-un-giorno-da-marrakech-a-ait-ben-haddou\/","url":"https:\/\/moroccoeverydaytrip.com\/it\/tour-di-un-giorno-da-marrakech-a-ait-ben-haddou\/","name":"Tour Di Un giorno Da Marrakech a Ait Ben Haddou | Tour del Marocco","isPartOf":{"@id":"https:\/\/moroccoeverydaytrip.com\/it\/#website"},"primaryImageOfPage":{"@id":"https:\/\/moroccoeverydaytrip.com\/it\/tour-di-un-giorno-da-marrakech-a-ait-ben-haddou\/#primaryimage"},"image":{"@id":"https:\/\/moroccoeverydaytrip.com\/it\/tour-di-un-giorno-da-marrakech-a-ait-ben-haddou\/#primaryimage"},"thumbnailUrl":"https:\/\/moroccoeverydaytrip.com\/it\/wp-content\/uploads\/2023\/01\/desert2-4.jpg","datePublished":"2023-01-23T10:38:03+00:00","dateModified":"2024-11-13T21:54:36+00:00","description":"Tour di un giorno da Marrakech a Ait ben Haddou. Partecipa al miglior tour di un giorno alla fortezza di Ait Benhaddou.","breadcrumb":{"@id":"https:\/\/moroccoeverydaytrip.com\/it\/tour-di-un-giorno-da-marrakech-a-ait-ben-haddou\/#breadcrumb"},"inLanguage":"it-IT","potentialAction":[{"@type":"ReadAction","target":["https:\/\/moroccoeverydaytrip.com\/it\/tour-di-un-giorno-da-marrakech-a-ait-ben-haddou\/"]}]},{"@type":"ImageObject","inLanguage":"it-IT","@id":"https:\/\/moroccoeverydaytrip.com\/it\/tour-di-un-giorno-da-marrakech-a-ait-ben-haddou\/#primaryimage","url":"https:\/\/moroccoeverydaytrip.com\/it\/wp-content\/uploads\/2023\/01\/desert2-4.jpg","contentUrl":"https:\/\/moroccoeverydaytrip.com\/it\/wp-content\/uploads\/2023\/01\/desert2-4.jpg","width":2048,"height":1365,"caption":"Tour di un giorno da Marrakech a Ait ben Haddou"},{"@type":"BreadcrumbList","@id":"https:\/\/moroccoeverydaytrip.com\/it\/tour-di-un-giorno-da-marrakech-a-ait-ben-haddou\/#breadcrumb","itemListElement":[{"@type":"ListItem","position":1,"name":"Home","item":"https:\/\/moroccoeverydaytrip.com\/it\/"},{"@type":"ListItem","position":2,"name":"Tour Di Un giorno Da Marrakech a Ait Ben Haddou"}]},{"@type":"WebSite","@id":"https:\/\/moroccoeverydaytrip.com\/it\/#website","url":"https:\/\/moroccoeverydaytrip.com\/it\/","name":"Tour del Marocco","description":"Tour del Marocco","potentialAction":[{"@type":"SearchAction","target":{"@type":"EntryPoint","urlTemplate":"https:\/\/moroccoeverydaytrip.com\/it\/?s={search_term_string}"},"query-input":{"@type":"PropertyValueSpecification","valueRequired":true,"valueName":"search_term_string"}}],"inLanguage":"it-IT"}]}},"_links":{"self":[{"href":"https:\/\/moroccoeverydaytrip.com\/it\/wp-json\/wp\/v2\/pages\/1080","targetHints":{"allow":["GET"]}}],"collection":[{"href":"https:\/\/moroccoeverydaytrip.com\/it\/wp-json\/wp\/v2\/pages"}],"about":[{"href":"https:\/\/moroccoeverydaytrip.com\/it\/wp-json\/wp\/v2\/types\/page"}],"author":[{"embeddable":true,"href":"https:\/\/moroccoeverydaytrip.com\/it\/wp-json\/wp\/v2\/users\/1"}],"replies":[{"embeddable":true,"href":"https:\/\/moroccoeverydaytrip.com\/it\/wp-json\/wp\/v2\/comments?post=1080"}],"version-history":[{"count":49,"href":"https:\/\/moroccoeverydaytrip.com\/it\/wp-json\/wp\/v2\/pages\/1080\/revisions"}],"predecessor-version":[{"id":7092,"href":"https:\/\/moroccoeverydaytrip.com\/it\/wp-json\/wp\/v2\/pages\/1080\/revisions\/7092"}],"wp:featuredmedia":[{"embeddable":true,"href":"https:\/\/moroccoeverydaytrip.com\/it\/wp-json\/wp\/v2\/media\/1076"}],"wp:attachment":[{"href":"https:\/\/moroccoeverydaytrip.com\/it\/wp-json\/wp\/v2\/media?parent=1080"}],"curies":[{"name":"wp","href":"https:\/\/api.w.org\/{rel}","templated":true}]}}