{"id":1054,"date":"2023-01-21T21:51:50","date_gmt":"2023-01-21T21:51:50","guid":{"rendered":"https:\/\/moroccoeverydaytrip.com\/it\/?post_type=themo_tour&#038;p=1054"},"modified":"2024-11-13T21:55:57","modified_gmt":"2024-11-13T21:55:57","slug":"escursione-di-un-giorno-da-marrakech-alla-valle-dellourika","status":"publish","type":"page","link":"https:\/\/moroccoeverydaytrip.com\/it\/escursione-di-un-giorno-da-marrakech-alla-valle-dellourika\/","title":{"rendered":"Escursione Di Un Giorno da Marrakech Alla Valle Dell&#8217;Ourika"},"content":{"rendered":"\t\t<div data-elementor-type=\"wp-post\" data-elementor-id=\"1054\" class=\"elementor elementor-1054\">\n\t\t\t\t\t\t<section class=\"elementor-section elementor-top-section elementor-element elementor-element-12676d93 elementor-section-height-min-height elementor-section-boxed elementor-section-height-default elementor-section-items-middle\" data-id=\"12676d93\" data-element_type=\"section\" data-e-type=\"section\" data-settings=\"{&quot;background_background&quot;:&quot;classic&quot;}\">\n\t\t\t\t\t\t<div class=\"elementor-container elementor-column-gap-default\">\n\t\t\t\t\t<div class=\"elementor-column elementor-col-100 elementor-top-column elementor-element elementor-element-478c8471\" data-id=\"478c8471\" data-element_type=\"column\" data-e-type=\"column\">\n\t\t\t<div class=\"elementor-widget-wrap elementor-element-populated\">\n\t\t\t\t\t\t<div class=\"elementor-element elementor-element-1dd3ed02 elementor-widget elementor-widget-heading\" data-id=\"1dd3ed02\" data-element_type=\"widget\" data-e-type=\"widget\" data-widget_type=\"heading.default\">\n\t\t\t\t<div class=\"elementor-widget-container\">\n\t\t\t\t\t<h1 class=\"elementor-heading-title elementor-size-default\">Escursione di un giorno da Marrakech alla Valle dell'Ourika<\/h1>\t\t\t\t<\/div>\n\t\t\t\t<\/div>\n\t\t\t\t\t<\/div>\n\t\t<\/div>\n\t\t\t\t\t<\/div>\n\t\t<\/section>\n\t\t\t\t<section class=\"elementor-section elementor-top-section elementor-element elementor-element-3e9db6e5 elementor-section-boxed elementor-section-height-default elementor-section-height-default\" data-id=\"3e9db6e5\" data-element_type=\"section\" data-e-type=\"section\">\n\t\t\t\t\t\t<div class=\"elementor-container elementor-column-gap-default\">\n\t\t\t\t\t<div class=\"elementor-column elementor-col-100 elementor-top-column elementor-element elementor-element-7fa5222d\" data-id=\"7fa5222d\" data-element_type=\"column\" data-e-type=\"column\">\n\t\t\t<div class=\"elementor-widget-wrap elementor-element-populated\">\n\t\t\t\t\t\t<div class=\"elementor-element elementor-element-ab80a9f elementor-widget elementor-widget-heading\" data-id=\"ab80a9f\" data-element_type=\"widget\" data-e-type=\"widget\" data-widget_type=\"heading.default\">\n\t\t\t\t<div class=\"elementor-widget-container\">\n\t\t\t\t\t<h2 class=\"elementor-heading-title elementor-size-default\">Escursione di un giorno da Marrakech alla Valle dell'Ourika<\/h2>\t\t\t\t<\/div>\n\t\t\t\t<\/div>\n\t\t\t\t<div class=\"elementor-element elementor-element-3ad9549c elementor-widget elementor-widget-text-editor\" data-id=\"3ad9549c\" data-element_type=\"widget\" data-e-type=\"widget\" data-widget_type=\"text-editor.default\">\n\t\t\t\t<div class=\"elementor-widget-container\">\n\t\t\t\t\t\t\t\t\t<p>L&#8217;escursione di un giorno da Marrakech alla Valle dell&#8217;Ourika \u00e8 un piacevole villaggio dove si svolgono numerose passeggiate e trekking. Il tipico trekking di montagna che conduce a una <a href=\"https:\/\/it.wikipedia.org\/wiki\/Cascate_di_Ouzoud\">cascata<\/a>\u00a0di 7 cascate \u00e8 un\u2019esperienza da non perdere. Ourika si trova a 60 km da Marrakech, ai piedi dell\u2019Alto Atlante. Grazie ai suoi numerosi villaggi berberi, alle cascate e alle numerose attrazioni, \u00e8 una delle destinazioni pi\u00f9 popolari per le gite di un giorno da Marrakech. \u00c8 pittoresca la lussureggiante valle del fiume con i suoi tipici villaggi berberi di argilla cotta e pietre.<\/p><p>Nonostante la sua vicinanza a <a href=\"https:\/\/moroccoeverydaytrip.com\/it\/\">Marrakech<\/a>. Ourika \u00e8 ancora considerata relativamente incontaminata. Ci permetter\u00e0 di sperimentare la bellezza della Valle dell\u2019Ourika e i suoi splendidi paesaggi di prati verdi, villaggi berberi del XVI e XVII secolo. E sfuggire al trambusto di Marrakech per un giorno La valle dell\u2019Ourika \u00e8 una delle mete preferite dalla popolazione locale per il fine settimana. \u00c8 apprezzata per i suoi splendidi paesaggi e le sue cascate. \u00c8 infatti una delle valli tipiche dell\u2019Alto Atlante, molto conosciuta per i suoi alberi da frutto. Piccoli borghi, ristoranti lungo il fiume, alte terrazze verdi, le cime dell\u2019Atlante circostanti, i contrafforti rocciosi del villaggio e le 7 cascate che lo circondano.<\/p><h3>Escursione di un giorno nella Valle dell\u2019Ourika e nei souk berberi settimanali.<\/h3><p>La gita di un giorno nella Valle pu\u00f2 darvi la possibilit\u00e0 di vedere un mercato berbero settimanale (luned\u00ec, gioved\u00ec e venerd\u00ec), interessante per la vita rurale e il commercio. Probabilmente sarete gli unici turisti presenti se \u00e8 bassa stagione. Indubbiamente \u00e8 una bella esperienza ed \u00e8 probabilmente la cosa pi\u00f9 esotica che si possa trovare a 2 ore di volo da un Paese europeo. I mercati berberi sono sempre divisi in sezioni di carne, prodotti secchi, vestiti, cancelleria, barbieri, animali, asini, oggetti usati. Ovviamente, quasi tutto ci\u00f2 che si pu\u00f2 immaginare, il tutto completo dei colori e degli odori luridi che ci si aspetta da un mercato berbero settimanale in un villaggio berbero come Asni o Amezmize.<\/p><h3>Itinerario della gita di un giorno da Marrakech alla Valle dell\u2019Ourika.<\/h3><p>Partenza in auto fuoristrada da Marrakech verso le 9 del mattino per 1 ora verso Setti Fatma per sentire le acque rinfrescanti delle 7 cascate, attraversando molti villaggi berberi e la valle dell\u2019Erika con diverse soste lungo la strada per le foto. Una volta arrivati a Setti Fatma, dove pranzeremo e faremo una breve passeggiata lungo alcuni dei graziosi sentieri, arrampicandoci su sculture di roccia fino alla prima cascata, prima di tornare a Marrakech per l\u2019escursione di un giorno nella Valle dell\u2019Ourika.<\/p>\t\t\t\t\t\t\t\t<\/div>\n\t\t\t\t<\/div>\n\t\t\t\t<div class=\"elementor-element elementor-element-110e78a9 elementor-widget elementor-widget-heading\" data-id=\"110e78a9\" data-element_type=\"widget\" data-e-type=\"widget\" data-widget_type=\"heading.default\">\n\t\t\t\t<div class=\"elementor-widget-container\">\n\t\t\t\t\t<h4 class=\"elementor-heading-title elementor-size-default\">Il viaggio include:<\/h4>\t\t\t\t<\/div>\n\t\t\t\t<\/div>\n\t\t\t\t<div class=\"elementor-element elementor-element-780477d elementor-icon-list--layout-traditional elementor-list-item-link-full_width elementor-widget elementor-widget-icon-list\" data-id=\"780477d\" data-element_type=\"widget\" data-e-type=\"widget\" data-widget_type=\"icon-list.default\">\n\t\t\t\t<div class=\"elementor-widget-container\">\n\t\t\t\t\t\t\t<ul class=\"elementor-icon-list-items\">\n\t\t\t\t\t\t\t<li class=\"elementor-icon-list-item\">\n\t\t\t\t\t\t\t\t\t\t\t<span class=\"elementor-icon-list-icon\">\n\t\t\t\t\t\t\t<i aria-hidden=\"true\" class=\"fas fa-check\"><\/i>\t\t\t\t\t\t<\/span>\n\t\t\t\t\t\t\t\t\t\t<span class=\"elementor-icon-list-text\">Veicolo privato A\/ C, 4WD Toyota Land Cruiser + carburante<\/span>\n\t\t\t\t\t\t\t\t\t<\/li>\n\t\t\t\t\t\t\t\t<li class=\"elementor-icon-list-item\">\n\t\t\t\t\t\t\t\t\t\t\t<span class=\"elementor-icon-list-icon\">\n\t\t\t\t\t\t\t<i aria-hidden=\"true\" class=\"fas fa-check\"><\/i>\t\t\t\t\t\t<\/span>\n\t\t\t\t\t\t\t\t\t\t<span class=\"elementor-icon-list-text\">Autista che parla inglese\/francese\/spagnolo durante il tour<\/span>\n\t\t\t\t\t\t\t\t\t<\/li>\n\t\t\t\t\t\t\t\t<li class=\"elementor-icon-list-item\">\n\t\t\t\t\t\t\t\t\t\t\t<span class=\"elementor-icon-list-icon\">\n\t\t\t\t\t\t\t<i aria-hidden=\"true\" class=\"fas fa-check\"><\/i>\t\t\t\t\t\t<\/span>\n\t\t\t\t\t\t\t\t\t\t<span class=\"elementor-icon-list-text\">Pick up and drop presso il vostro alloggio a Marrakech<\/span>\n\t\t\t\t\t\t\t\t\t<\/li>\n\t\t\t\t\t\t\t\t<li class=\"elementor-icon-list-item\">\n\t\t\t\t\t\t\t\t\t\t\t<span class=\"elementor-icon-list-icon\">\n\t\t\t\t\t\t\t<i aria-hidden=\"true\" class=\"fas fa-check\"><\/i>\t\t\t\t\t\t<\/span>\n\t\t\t\t\t\t\t\t\t\t<span class=\"elementor-icon-list-text\">Tempo libero per esplorare la citt\u00e0<\/span>\n\t\t\t\t\t\t\t\t\t<\/li>\n\t\t\t\t\t\t<\/ul>\n\t\t\t\t\t\t<\/div>\n\t\t\t\t<\/div>\n\t\t\t\t<div class=\"elementor-element elementor-element-3ad62ce1 elementor-widget elementor-widget-heading\" data-id=\"3ad62ce1\" data-element_type=\"widget\" data-e-type=\"widget\" data-widget_type=\"heading.default\">\n\t\t\t\t<div class=\"elementor-widget-container\">\n\t\t\t\t\t<h4 class=\"elementor-heading-title elementor-size-default\">Il viaggio non comprende:<\/h4>\t\t\t\t<\/div>\n\t\t\t\t<\/div>\n\t\t\t\t<div class=\"elementor-element elementor-element-57b6bed elementor-icon-list--layout-traditional elementor-list-item-link-full_width elementor-widget elementor-widget-icon-list\" data-id=\"57b6bed\" data-element_type=\"widget\" data-e-type=\"widget\" data-widget_type=\"icon-list.default\">\n\t\t\t\t<div class=\"elementor-widget-container\">\n\t\t\t\t\t\t\t<ul class=\"elementor-icon-list-items\">\n\t\t\t\t\t\t\t<li class=\"elementor-icon-list-item\">\n\t\t\t\t\t\t\t\t\t\t\t<span class=\"elementor-icon-list-icon\">\n\t\t\t\t\t\t\t<i aria-hidden=\"true\" class=\"fas fa-times\"><\/i>\t\t\t\t\t\t<\/span>\n\t\t\t\t\t\t\t\t\t\t<span class=\"elementor-icon-list-text\">pranzo<\/span>\n\t\t\t\t\t\t\t\t\t<\/li>\n\t\t\t\t\t\t\t\t<li class=\"elementor-icon-list-item\">\n\t\t\t\t\t\t\t\t\t\t\t<span class=\"elementor-icon-list-icon\">\n\t\t\t\t\t\t\t<i aria-hidden=\"true\" class=\"fas fa-times\"><\/i>\t\t\t\t\t\t<\/span>\n\t\t\t\t\t\t\t\t\t\t<span class=\"elementor-icon-list-text\">bevande<\/span>\n\t\t\t\t\t\t\t\t\t<\/li>\n\t\t\t\t\t\t\t\t<li class=\"elementor-icon-list-item\">\n\t\t\t\t\t\t\t\t\t\t\t<span class=\"elementor-icon-list-icon\">\n\t\t\t\t\t\t\t<i aria-hidden=\"true\" class=\"fas fa-times\"><\/i>\t\t\t\t\t\t<\/span>\n\t\t\t\t\t\t\t\t\t\t<span class=\"elementor-icon-list-text\">biglietti d'ingresso ai monumenti<\/span>\n\t\t\t\t\t\t\t\t\t<\/li>\n\t\t\t\t\t\t<\/ul>\n\t\t\t\t\t\t<\/div>\n\t\t\t\t<\/div>\n\t\t\t\t<div class=\"elementor-element elementor-element-633400b8 elementor-align-center elementor-widget elementor-widget-button\" data-id=\"633400b8\" data-element_type=\"widget\" data-e-type=\"widget\" data-widget_type=\"button.default\">\n\t\t\t\t<div class=\"elementor-widget-container\">\n\t\t\t\t\t\t\t\t\t<div class=\"elementor-button-wrapper\">\n\t\t\t\t\t<a class=\"elementor-button elementor-button-link elementor-size-sm\" href=\"https:\/\/moroccoeverydaytrip.com\/it\/contattateci\/\">\n\t\t\t\t\t\t<span class=\"elementor-button-content-wrapper\">\n\t\t\t\t\t\t<span class=\"elementor-button-icon\">\n\t\t\t\t<i aria-hidden=\"true\" class=\"far fa-arrow-alt-circle-right\"><\/i>\t\t\t<\/span>\n\t\t\t\t\t\t\t\t\t<span class=\"elementor-button-text\"> Contattateci ora<\/span>\n\t\t\t\t\t<\/span>\n\t\t\t\t\t<\/a>\n\t\t\t\t<\/div>\n\t\t\t\t\t\t\t\t<\/div>\n\t\t\t\t<\/div>\n\t\t\t\t\t<\/div>\n\t\t<\/div>\n\t\t\t\t\t<\/div>\n\t\t<\/section>\n\t\t\t\t<section class=\"elementor-section elementor-top-section elementor-element elementor-element-8c9fe65 elementor-section-boxed elementor-section-height-default elementor-section-height-default\" data-id=\"8c9fe65\" data-element_type=\"section\" data-e-type=\"section\">\n\t\t\t\t\t\t<div class=\"elementor-container elementor-column-gap-default\">\n\t\t\t\t\t<div class=\"elementor-column elementor-col-100 elementor-top-column elementor-element elementor-element-d70a39a\" data-id=\"d70a39a\" data-element_type=\"column\" data-e-type=\"column\">\n\t\t\t<div class=\"elementor-widget-wrap elementor-element-populated\">\n\t\t\t\t\t\t<div class=\"elementor-element elementor-element-7c20ee4 elementor-widget elementor-widget-toggle\" data-id=\"7c20ee4\" data-element_type=\"widget\" data-e-type=\"widget\" data-widget_type=\"toggle.default\">\n\t\t\t\t<div class=\"elementor-widget-container\">\n\t\t\t\t\t\t\t<div class=\"elementor-toggle\">\n\t\t\t\t\t\t\t<div class=\"elementor-toggle-item\">\n\t\t\t\t\t<div id=\"elementor-tab-title-1301\" class=\"elementor-tab-title\" data-tab=\"1\" role=\"button\" aria-controls=\"elementor-tab-content-1301\" aria-expanded=\"false\">\n\t\t\t\t\t\t\t\t\t\t\t\t<span class=\"elementor-toggle-icon elementor-toggle-icon-left\" aria-hidden=\"true\">\n\t\t\t\t\t\t\t\t\t\t\t\t\t\t\t<span class=\"elementor-toggle-icon-closed\"><i class=\"fas fa-caret-right\"><\/i><\/span>\n\t\t\t\t\t\t\t\t<span class=\"elementor-toggle-icon-opened\"><i class=\"elementor-toggle-icon-opened fas fa-caret-up\"><\/i><\/span>\n\t\t\t\t\t\t\t\t\t\t\t\t\t<\/span>\n\t\t\t\t\t\t\t\t\t\t\t\t<a class=\"elementor-toggle-title\" tabindex=\"0\">Gita di un giorno da Marrakech<\/a>\n\t\t\t\t\t<\/div>\n\n\t\t\t\t\t<div id=\"elementor-tab-content-1301\" class=\"elementor-tab-content elementor-clearfix\" data-tab=\"1\" role=\"region\" aria-labelledby=\"elementor-tab-title-1301\"><ul><li><a href=\"https:\/\/moroccoeverydaytrip.com\/it\/gita-di-un-giorno-da-marrakech-a-essaouira\/\">Gita di un giorno da Marrakech a Essaouira<\/a><\/li><li><a href=\"https:\/\/moroccoeverydaytrip.com\/it\/tour-di-un-giorno-da-marrakech-a-ait-ben-haddou\/\">Gita di un giorno da Marrakech a Ait Ben Haddou<\/a><\/li><li><a href=\"https:\/\/moroccoeverydaytrip.com\/it\/escursione-di-un-giorno-da-marrakech-alla-valle-dellourika\/\">Gita di\u00a0un\u00a0giorno\u00a0nella\u00a0valle dell&#8217;Ourika da Marrakech<\/a><\/li><li><a href=\"https:\/\/moroccoeverydaytrip.com\/it\/escursione-di-un-giorno-alle-cascate-di-ouzoud-da-marrakech\/\">Gita di\u00a0un\u00a0giorno\u00a0alle\u00a0cascate di Ouzoud da Marrakech<\/a><\/li><li><a href=\"https:\/\/moroccoeverydaytrip.com\/it\/tour-turistico-di-marrakech\/\">Tour turistico di Marrakech<\/a><\/li><\/ul><\/div>\n\t\t\t\t<\/div>\n\t\t\t\t\t\t\t<div class=\"elementor-toggle-item\">\n\t\t\t\t\t<div id=\"elementor-tab-title-1302\" class=\"elementor-tab-title\" data-tab=\"2\" role=\"button\" aria-controls=\"elementor-tab-content-1302\" aria-expanded=\"false\">\n\t\t\t\t\t\t\t\t\t\t\t\t<span class=\"elementor-toggle-icon elementor-toggle-icon-left\" aria-hidden=\"true\">\n\t\t\t\t\t\t\t\t\t\t\t\t\t\t\t<span class=\"elementor-toggle-icon-closed\"><i class=\"fas fa-caret-right\"><\/i><\/span>\n\t\t\t\t\t\t\t\t<span class=\"elementor-toggle-icon-opened\"><i class=\"elementor-toggle-icon-opened fas fa-caret-up\"><\/i><\/span>\n\t\t\t\t\t\t\t\t\t\t\t\t\t<\/span>\n\t\t\t\t\t\t\t\t\t\t\t\t<a class=\"elementor-toggle-title\" tabindex=\"0\">Gita di un giorno da Fes<\/a>\n\t\t\t\t\t<\/div>\n\n\t\t\t\t\t<div id=\"elementor-tab-content-1302\" class=\"elementor-tab-content elementor-clearfix\" data-tab=\"2\" role=\"region\" aria-labelledby=\"elementor-tab-title-1302\"><ul><li><a href=\"https:\/\/moroccoeverydaytrip.com\/it\/gita-di-un-giorno-da-fes-a-chefchaouen\/\">Gita di un giorno da Fes a Chefchaouen<\/a><\/li><li><a href=\"https:\/\/moroccoeverydaytrip.com\/it\/giro-turistico-di-fes\/\">Giro turistico di Fes<\/a><\/li><li><a href=\"https:\/\/moroccoeverydaytrip.com\/it\/gita-di-un-giorno-da-fes-a-meknes-e-volubilis\/\">Gita di un giorno da Fes a Meknes e Volubilis<\/a><\/li><\/ul><\/div>\n\t\t\t\t<\/div>\n\t\t\t\t\t\t\t\t<\/div>\n\t\t\t\t\t\t<\/div>\n\t\t\t\t<\/div>\n\t\t\t\t\t<\/div>\n\t\t<\/div>\n\t\t\t\t\t<\/div>\n\t\t<\/section>\n\t\t\t\t<\/div>\n\t\t","protected":false},"excerpt":{"rendered":"<p>Escursione di un giorno da Marrakech alla Valle dell&#8217;Ourika Escursione di un giorno da Marrakech alla Valle dell&#8217;Ourika L&#8217;escursione di un giorno da Marrakech alla&hellip;<\/p>\n","protected":false},"author":1,"featured_media":1050,"parent":0,"menu_order":0,"comment_status":"closed","ping_status":"open","template":"","meta":{"footnotes":""},"class_list":["post-1054","page","type-page","status-publish","has-post-thumbnail","hentry"],"yoast_head":"<!-- This site is optimized with the Yoast SEO plugin v27.4 - https:\/\/yoast.com\/product\/yoast-seo-wordpress\/ -->\n<title>Un giorno da Marrakech alla Valle dell&#039;Ourika | Tour del Marocco<\/title>\n<meta name=\"description\" content=\"Escursione di un giorno da Marrakech alla Valle dell&#039;Ourika. Prenotate ora le vostre escursioni da Marrakech alla valle di Ourika.\" \/>\n<meta name=\"robots\" content=\"index, follow, max-snippet:-1, max-image-preview:large, max-video-preview:-1\" \/>\n<link rel=\"canonical\" href=\"https:\/\/moroccoeverydaytrip.com\/it\/escursione-di-un-giorno-da-marrakech-alla-valle-dellourika\/\" \/>\n<meta property=\"og:locale\" content=\"it_IT\" \/>\n<meta property=\"og:type\" content=\"article\" \/>\n<meta property=\"og:title\" content=\"Un giorno da Marrakech alla Valle dell&#039;Ourika | Tour del Marocco\" \/>\n<meta property=\"og:description\" content=\"Escursione di un giorno da Marrakech alla Valle dell&#039;Ourika. Prenotate ora le vostre escursioni da Marrakech alla valle di Ourika.\" \/>\n<meta property=\"og:url\" content=\"https:\/\/moroccoeverydaytrip.com\/it\/escursione-di-un-giorno-da-marrakech-alla-valle-dellourika\/\" \/>\n<meta property=\"og:site_name\" content=\"Tour del Marocco\" \/>\n<meta property=\"article:modified_time\" content=\"2024-11-13T21:55:57+00:00\" \/>\n<meta property=\"og:image\" content=\"https:\/\/moroccoeverydaytrip.com\/it\/wp-content\/uploads\/2023\/01\/valle-ourika.png\" \/>\n\t<meta property=\"og:image:width\" content=\"500\" \/>\n\t<meta property=\"og:image:height\" content=\"375\" \/>\n\t<meta property=\"og:image:type\" content=\"image\/png\" \/>\n<meta name=\"twitter:card\" content=\"summary_large_image\" \/>\n<meta name=\"twitter:label1\" content=\"Tempo di lettura stimato\" \/>\n\t<meta name=\"twitter:data1\" content=\"4 minuti\" \/>\n<script type=\"application\/ld+json\" class=\"yoast-schema-graph\">{\"@context\":\"https:\\\/\\\/schema.org\",\"@graph\":[{\"@type\":\"WebPage\",\"@id\":\"https:\\\/\\\/moroccoeverydaytrip.com\\\/it\\\/escursione-di-un-giorno-da-marrakech-alla-valle-dellourika\\\/\",\"url\":\"https:\\\/\\\/moroccoeverydaytrip.com\\\/it\\\/escursione-di-un-giorno-da-marrakech-alla-valle-dellourika\\\/\",\"name\":\"Un giorno da Marrakech alla Valle dell'Ourika | Tour del Marocco\",\"isPartOf\":{\"@id\":\"https:\\\/\\\/moroccoeverydaytrip.com\\\/it\\\/#website\"},\"primaryImageOfPage\":{\"@id\":\"https:\\\/\\\/moroccoeverydaytrip.com\\\/it\\\/escursione-di-un-giorno-da-marrakech-alla-valle-dellourika\\\/#primaryimage\"},\"image\":{\"@id\":\"https:\\\/\\\/moroccoeverydaytrip.com\\\/it\\\/escursione-di-un-giorno-da-marrakech-alla-valle-dellourika\\\/#primaryimage\"},\"thumbnailUrl\":\"https:\\\/\\\/moroccoeverydaytrip.com\\\/it\\\/wp-content\\\/uploads\\\/2023\\\/01\\\/valle-ourika.png\",\"datePublished\":\"2023-01-21T21:51:50+00:00\",\"dateModified\":\"2024-11-13T21:55:57+00:00\",\"description\":\"Escursione di un giorno da Marrakech alla Valle dell'Ourika. Prenotate ora le vostre escursioni da Marrakech alla valle di Ourika.\",\"breadcrumb\":{\"@id\":\"https:\\\/\\\/moroccoeverydaytrip.com\\\/it\\\/escursione-di-un-giorno-da-marrakech-alla-valle-dellourika\\\/#breadcrumb\"},\"inLanguage\":\"it-IT\",\"potentialAction\":[{\"@type\":\"ReadAction\",\"target\":[\"https:\\\/\\\/moroccoeverydaytrip.com\\\/it\\\/escursione-di-un-giorno-da-marrakech-alla-valle-dellourika\\\/\"]}]},{\"@type\":\"ImageObject\",\"inLanguage\":\"it-IT\",\"@id\":\"https:\\\/\\\/moroccoeverydaytrip.com\\\/it\\\/escursione-di-un-giorno-da-marrakech-alla-valle-dellourika\\\/#primaryimage\",\"url\":\"https:\\\/\\\/moroccoeverydaytrip.com\\\/it\\\/wp-content\\\/uploads\\\/2023\\\/01\\\/valle-ourika.png\",\"contentUrl\":\"https:\\\/\\\/moroccoeverydaytrip.com\\\/it\\\/wp-content\\\/uploads\\\/2023\\\/01\\\/valle-ourika.png\",\"width\":500,\"height\":375,\"caption\":\"Escursione di un giorno da Marrakech alla Valle dell'Ourika\"},{\"@type\":\"BreadcrumbList\",\"@id\":\"https:\\\/\\\/moroccoeverydaytrip.com\\\/it\\\/escursione-di-un-giorno-da-marrakech-alla-valle-dellourika\\\/#breadcrumb\",\"itemListElement\":[{\"@type\":\"ListItem\",\"position\":1,\"name\":\"Home\",\"item\":\"https:\\\/\\\/moroccoeverydaytrip.com\\\/it\\\/\"},{\"@type\":\"ListItem\",\"position\":2,\"name\":\"Escursione Di Un Giorno da Marrakech Alla Valle Dell&#8217;Ourika\"}]},{\"@type\":\"WebSite\",\"@id\":\"https:\\\/\\\/moroccoeverydaytrip.com\\\/it\\\/#website\",\"url\":\"https:\\\/\\\/moroccoeverydaytrip.com\\\/it\\\/\",\"name\":\"Tour del Marocco\",\"description\":\"Tour del Marocco\",\"potentialAction\":[{\"@type\":\"SearchAction\",\"target\":{\"@type\":\"EntryPoint\",\"urlTemplate\":\"https:\\\/\\\/moroccoeverydaytrip.com\\\/it\\\/?s={search_term_string}\"},\"query-input\":{\"@type\":\"PropertyValueSpecification\",\"valueRequired\":true,\"valueName\":\"search_term_string\"}}],\"inLanguage\":\"it-IT\"}]}<\/script>\n<!-- \/ Yoast SEO plugin. -->","yoast_head_json":{"title":"Un giorno da Marrakech alla Valle dell'Ourika | Tour del Marocco","description":"Escursione di un giorno da Marrakech alla Valle dell'Ourika. Prenotate ora le vostre escursioni da Marrakech alla valle di Ourika.","robots":{"index":"index","follow":"follow","max-snippet":"max-snippet:-1","max-image-preview":"max-image-preview:large","max-video-preview":"max-video-preview:-1"},"canonical":"https:\/\/moroccoeverydaytrip.com\/it\/escursione-di-un-giorno-da-marrakech-alla-valle-dellourika\/","og_locale":"it_IT","og_type":"article","og_title":"Un giorno da Marrakech alla Valle dell'Ourika | Tour del Marocco","og_description":"Escursione di un giorno da Marrakech alla Valle dell'Ourika. Prenotate ora le vostre escursioni da Marrakech alla valle di Ourika.","og_url":"https:\/\/moroccoeverydaytrip.com\/it\/escursione-di-un-giorno-da-marrakech-alla-valle-dellourika\/","og_site_name":"Tour del Marocco","article_modified_time":"2024-11-13T21:55:57+00:00","og_image":[{"width":500,"height":375,"url":"https:\/\/moroccoeverydaytrip.com\/it\/wp-content\/uploads\/2023\/01\/valle-ourika.png","type":"image\/png"}],"twitter_card":"summary_large_image","twitter_misc":{"Tempo di lettura stimato":"4 minuti"},"schema":{"@context":"https:\/\/schema.org","@graph":[{"@type":"WebPage","@id":"https:\/\/moroccoeverydaytrip.com\/it\/escursione-di-un-giorno-da-marrakech-alla-valle-dellourika\/","url":"https:\/\/moroccoeverydaytrip.com\/it\/escursione-di-un-giorno-da-marrakech-alla-valle-dellourika\/","name":"Un giorno da Marrakech alla Valle dell'Ourika | Tour del Marocco","isPartOf":{"@id":"https:\/\/moroccoeverydaytrip.com\/it\/#website"},"primaryImageOfPage":{"@id":"https:\/\/moroccoeverydaytrip.com\/it\/escursione-di-un-giorno-da-marrakech-alla-valle-dellourika\/#primaryimage"},"image":{"@id":"https:\/\/moroccoeverydaytrip.com\/it\/escursione-di-un-giorno-da-marrakech-alla-valle-dellourika\/#primaryimage"},"thumbnailUrl":"https:\/\/moroccoeverydaytrip.com\/it\/wp-content\/uploads\/2023\/01\/valle-ourika.png","datePublished":"2023-01-21T21:51:50+00:00","dateModified":"2024-11-13T21:55:57+00:00","description":"Escursione di un giorno da Marrakech alla Valle dell'Ourika. Prenotate ora le vostre escursioni da Marrakech alla valle di Ourika.","breadcrumb":{"@id":"https:\/\/moroccoeverydaytrip.com\/it\/escursione-di-un-giorno-da-marrakech-alla-valle-dellourika\/#breadcrumb"},"inLanguage":"it-IT","potentialAction":[{"@type":"ReadAction","target":["https:\/\/moroccoeverydaytrip.com\/it\/escursione-di-un-giorno-da-marrakech-alla-valle-dellourika\/"]}]},{"@type":"ImageObject","inLanguage":"it-IT","@id":"https:\/\/moroccoeverydaytrip.com\/it\/escursione-di-un-giorno-da-marrakech-alla-valle-dellourika\/#primaryimage","url":"https:\/\/moroccoeverydaytrip.com\/it\/wp-content\/uploads\/2023\/01\/valle-ourika.png","contentUrl":"https:\/\/moroccoeverydaytrip.com\/it\/wp-content\/uploads\/2023\/01\/valle-ourika.png","width":500,"height":375,"caption":"Escursione di un giorno da Marrakech alla Valle dell'Ourika"},{"@type":"BreadcrumbList","@id":"https:\/\/moroccoeverydaytrip.com\/it\/escursione-di-un-giorno-da-marrakech-alla-valle-dellourika\/#breadcrumb","itemListElement":[{"@type":"ListItem","position":1,"name":"Home","item":"https:\/\/moroccoeverydaytrip.com\/it\/"},{"@type":"ListItem","position":2,"name":"Escursione Di Un Giorno da Marrakech Alla Valle Dell&#8217;Ourika"}]},{"@type":"WebSite","@id":"https:\/\/moroccoeverydaytrip.com\/it\/#website","url":"https:\/\/moroccoeverydaytrip.com\/it\/","name":"Tour del Marocco","description":"Tour del Marocco","potentialAction":[{"@type":"SearchAction","target":{"@type":"EntryPoint","urlTemplate":"https:\/\/moroccoeverydaytrip.com\/it\/?s={search_term_string}"},"query-input":{"@type":"PropertyValueSpecification","valueRequired":true,"valueName":"search_term_string"}}],"inLanguage":"it-IT"}]}},"_links":{"self":[{"href":"https:\/\/moroccoeverydaytrip.com\/it\/wp-json\/wp\/v2\/pages\/1054","targetHints":{"allow":["GET"]}}],"collection":[{"href":"https:\/\/moroccoeverydaytrip.com\/it\/wp-json\/wp\/v2\/pages"}],"about":[{"href":"https:\/\/moroccoeverydaytrip.com\/it\/wp-json\/wp\/v2\/types\/page"}],"author":[{"embeddable":true,"href":"https:\/\/moroccoeverydaytrip.com\/it\/wp-json\/wp\/v2\/users\/1"}],"replies":[{"embeddable":true,"href":"https:\/\/moroccoeverydaytrip.com\/it\/wp-json\/wp\/v2\/comments?post=1054"}],"version-history":[{"count":35,"href":"https:\/\/moroccoeverydaytrip.com\/it\/wp-json\/wp\/v2\/pages\/1054\/revisions"}],"predecessor-version":[{"id":7093,"href":"https:\/\/moroccoeverydaytrip.com\/it\/wp-json\/wp\/v2\/pages\/1054\/revisions\/7093"}],"wp:featuredmedia":[{"embeddable":true,"href":"https:\/\/moroccoeverydaytrip.com\/it\/wp-json\/wp\/v2\/media\/1050"}],"wp:attachment":[{"href":"https:\/\/moroccoeverydaytrip.com\/it\/wp-json\/wp\/v2\/media?parent=1054"}],"curies":[{"name":"wp","href":"https:\/\/api.w.org\/{rel}","templated":true}]}}