{"id":5514,"date":"2023-09-11T12:18:17","date_gmt":"2023-09-11T12:18:17","guid":{"rendered":"https:\/\/moroccoeverydaytrip.com\/es\/?page_id=5514"},"modified":"2024-11-20T14:01:22","modified_gmt":"2024-11-20T14:01:22","slug":"excursion-de-un-dia-desde-fez-a-meknes-y-volubilis","status":"publish","type":"page","link":"https:\/\/moroccoeverydaytrip.com\/es\/excursion-de-un-dia-desde-fez-a-meknes-y-volubilis\/","title":{"rendered":"Excursi\u00f3n de Un D\u00eda desde Fez a Meknes y Volubilis"},"content":{"rendered":"\t\t<div data-elementor-type=\"wp-page\" data-elementor-id=\"5514\" class=\"elementor elementor-5514\">\n\t\t\t\t\t\t<section class=\"elementor-section elementor-top-section elementor-element elementor-element-c23de4e elementor-section-height-min-height elementor-section-boxed elementor-section-height-default elementor-section-items-middle\" data-id=\"c23de4e\" data-element_type=\"section\" data-e-type=\"section\" data-settings=\"{&quot;background_background&quot;:&quot;classic&quot;}\">\n\t\t\t\t\t\t<div class=\"elementor-container elementor-column-gap-default\">\n\t\t\t\t\t<div class=\"elementor-column elementor-col-100 elementor-top-column elementor-element elementor-element-3a4d34d5\" data-id=\"3a4d34d5\" data-element_type=\"column\" data-e-type=\"column\">\n\t\t\t<div class=\"elementor-widget-wrap elementor-element-populated\">\n\t\t\t\t\t\t<div class=\"elementor-element elementor-element-471aa5bd elementor-widget elementor-widget-heading\" data-id=\"471aa5bd\" data-element_type=\"widget\" data-e-type=\"widget\" data-widget_type=\"heading.default\">\n\t\t\t\t<div class=\"elementor-widget-container\">\n\t\t\t\t\t<h1 class=\"elementor-heading-title elementor-size-default\">Excursi\u00f3n de un d\u00eda desde Fez a Meknes y Volubilis<\/h1>\t\t\t\t<\/div>\n\t\t\t\t<\/div>\n\t\t\t\t\t<\/div>\n\t\t<\/div>\n\t\t\t\t\t<\/div>\n\t\t<\/section>\n\t\t\t\t<section class=\"elementor-section elementor-top-section elementor-element elementor-element-158fc9b5 elementor-section-boxed elementor-section-height-default elementor-section-height-default\" data-id=\"158fc9b5\" data-element_type=\"section\" data-e-type=\"section\">\n\t\t\t\t\t\t<div class=\"elementor-container elementor-column-gap-default\">\n\t\t\t\t\t<div class=\"elementor-column elementor-col-100 elementor-top-column elementor-element elementor-element-8a5fdd4\" data-id=\"8a5fdd4\" data-element_type=\"column\" data-e-type=\"column\">\n\t\t\t<div class=\"elementor-widget-wrap elementor-element-populated\">\n\t\t\t\t\t\t<div class=\"elementor-element elementor-element-7b73173 elementor-widget elementor-widget-heading\" data-id=\"7b73173\" data-element_type=\"widget\" data-e-type=\"widget\" data-widget_type=\"heading.default\">\n\t\t\t\t<div class=\"elementor-widget-container\">\n\t\t\t\t\t<h2 class=\"elementor-heading-title elementor-size-default\">Excursi\u00f3n de un d\u00eda desde Fez a Meknes y Volubilis<\/h2>\t\t\t\t<\/div>\n\t\t\t\t<\/div>\n\t\t\t\t<div class=\"elementor-element elementor-element-4d7610c3 elementor-widget elementor-widget-text-editor\" data-id=\"4d7610c3\" data-element_type=\"widget\" data-e-type=\"widget\" data-widget_type=\"text-editor.default\">\n\t\t\t\t<div class=\"elementor-widget-container\">\n\t\t\t\t\t\t\t\t\t<div class=\"elementor-element elementor-element-4b4507b8 elementor-widget elementor-widget-heading\" data-id=\"4b4507b8\" data-element_type=\"widget\" data-widget_type=\"heading.default\"><div class=\"elementor-widget-container\"><p>Su excursi\u00f3n de un d\u00eda de Fez a Meknes y Volubilis le llevar\u00e1 a descubrir una de las cuatro ciudades imperiales de <a href=\"https:\/\/moroccoeverydaytrip.com\/es\/\">Marruecos<\/a> y los restos de la antigua capital del reino de Mauritania en una excursi\u00f3n de un d\u00eda completo de Fez a Meknes y Volubilis.<\/p><p>Tras la recogida en su hotel de Fez, traslado en veh\u00edculo con aire acondicionado a las ruinas romanas de <a href=\"https:\/\/es.wikipedia.org\/wiki\/Volubilis\">Volubilis<\/a>. Adem\u00e1s, explorar\u00e1 los restos de este complejo de 2.000 a\u00f1os de antig\u00fcedad.<\/p><h3><strong>Moulay Idriss Ciudad Sagrada<\/strong><\/h3><p>Contin\u00fae hacia Moulay Idriss, donde descubrir\u00e1 una de las ciudades m\u00e1s sagradas de Marruecos. Recorra las estrechas calles de la compacta ciudad donde Moulay Idriss I introdujo la religi\u00f3n del Islam en el a\u00f1o 789 d.C. A continuaci\u00f3n, trasl\u00e1dese a la ciudad de Meknes, fundada en el siglo XI por los almor\u00e1vides como asentamiento militar.<\/p><p>Ad\u00e9ntrese en la Medina y contemple algunas de las puertas monumentales de la ciudad y las decoraciones ornamentales de la arquitectura hispano-morisca. Recorra las murallas de la ciudad y det\u00e9ngase en el Mausoleo de Moulay Ismail, fundador de la dinast\u00eda alau\u00ed y sult\u00e1n cuando Meknes era la capital. A continuaci\u00f3n, visitar\u00e1 el Museo de Arte Marroqu\u00ed para contemplar una gran variedad de artesan\u00eda, antes del traslado vespertino de regreso a Fez. A continuaci\u00f3n, fin de nuestra excursi\u00f3n de un d\u00eda.<\/p><\/div><\/div>\t\t\t\t\t\t\t\t<\/div>\n\t\t\t\t<\/div>\n\t\t\t\t<div class=\"elementor-element elementor-element-34cb654b elementor-widget elementor-widget-heading\" data-id=\"34cb654b\" data-element_type=\"widget\" data-e-type=\"widget\" data-widget_type=\"heading.default\">\n\t\t\t\t<div class=\"elementor-widget-container\">\n\t\t\t\t\t<h4 class=\"elementor-heading-title elementor-size-default\">El viaje incluye:<\/h4>\t\t\t\t<\/div>\n\t\t\t\t<\/div>\n\t\t\t\t<div class=\"elementor-element elementor-element-25ac94ec elementor-icon-list--layout-traditional elementor-list-item-link-full_width elementor-widget elementor-widget-icon-list\" data-id=\"25ac94ec\" data-element_type=\"widget\" data-e-type=\"widget\" data-widget_type=\"icon-list.default\">\n\t\t\t\t<div class=\"elementor-widget-container\">\n\t\t\t\t\t\t\t<ul class=\"elementor-icon-list-items\">\n\t\t\t\t\t\t\t<li class=\"elementor-icon-list-item\">\n\t\t\t\t\t\t\t\t\t\t\t<span class=\"elementor-icon-list-icon\">\n\t\t\t\t\t\t\t<i aria-hidden=\"true\" class=\"fas fa-check\"><\/i>\t\t\t\t\t\t<\/span>\n\t\t\t\t\t\t\t\t\t\t<span class=\"elementor-icon-list-text\">Veh\u00edculo privado con aire acondicionado, 4x4 Toyota Land Cruiser + combustible<\/span>\n\t\t\t\t\t\t\t\t\t<\/li>\n\t\t\t\t\t\t\t\t<li class=\"elementor-icon-list-item\">\n\t\t\t\t\t\t\t\t\t\t\t<span class=\"elementor-icon-list-icon\">\n\t\t\t\t\t\t\t<i aria-hidden=\"true\" class=\"fas fa-check\"><\/i>\t\t\t\t\t\t<\/span>\n\t\t\t\t\t\t\t\t\t\t<span class=\"elementor-icon-list-text\">Conductor de habla inglesa\/francesa\/espa\u00f1ola durante el tour<\/span>\n\t\t\t\t\t\t\t\t\t<\/li>\n\t\t\t\t\t\t\t\t<li class=\"elementor-icon-list-item\">\n\t\t\t\t\t\t\t\t\t\t\t<span class=\"elementor-icon-list-icon\">\n\t\t\t\t\t\t\t<i aria-hidden=\"true\" class=\"fas fa-check\"><\/i>\t\t\t\t\t\t<\/span>\n\t\t\t\t\t\t\t\t\t\t<span class=\"elementor-icon-list-text\">Recogida y regreso a su alojamiento en Fez<\/span>\n\t\t\t\t\t\t\t\t\t<\/li>\n\t\t\t\t\t\t\t\t<li class=\"elementor-icon-list-item\">\n\t\t\t\t\t\t\t\t\t\t\t<span class=\"elementor-icon-list-icon\">\n\t\t\t\t\t\t\t<i aria-hidden=\"true\" class=\"fas fa-check\"><\/i>\t\t\t\t\t\t<\/span>\n\t\t\t\t\t\t\t\t\t\t<span class=\"elementor-icon-list-text\">Tiempo libre para explorar la ciudad<\/span>\n\t\t\t\t\t\t\t\t\t<\/li>\n\t\t\t\t\t\t<\/ul>\n\t\t\t\t\t\t<\/div>\n\t\t\t\t<\/div>\n\t\t\t\t<div class=\"elementor-element elementor-element-114326eb elementor-widget elementor-widget-heading\" data-id=\"114326eb\" data-element_type=\"widget\" data-e-type=\"widget\" data-widget_type=\"heading.default\">\n\t\t\t\t<div class=\"elementor-widget-container\">\n\t\t\t\t\t<h4 class=\"elementor-heading-title elementor-size-default\">El viaje no incluye:<\/h4>\t\t\t\t<\/div>\n\t\t\t\t<\/div>\n\t\t\t\t<div class=\"elementor-element elementor-element-5d7587db elementor-icon-list--layout-traditional elementor-list-item-link-full_width elementor-widget elementor-widget-icon-list\" data-id=\"5d7587db\" data-element_type=\"widget\" data-e-type=\"widget\" data-widget_type=\"icon-list.default\">\n\t\t\t\t<div class=\"elementor-widget-container\">\n\t\t\t\t\t\t\t<ul class=\"elementor-icon-list-items\">\n\t\t\t\t\t\t\t<li class=\"elementor-icon-list-item\">\n\t\t\t\t\t\t\t\t\t\t\t<span class=\"elementor-icon-list-icon\">\n\t\t\t\t\t\t\t<i aria-hidden=\"true\" class=\"fas fa-times\"><\/i>\t\t\t\t\t\t<\/span>\n\t\t\t\t\t\t\t\t\t\t<span class=\"elementor-icon-list-text\">Almuerzo<\/span>\n\t\t\t\t\t\t\t\t\t<\/li>\n\t\t\t\t\t\t\t\t<li class=\"elementor-icon-list-item\">\n\t\t\t\t\t\t\t\t\t\t\t<span class=\"elementor-icon-list-icon\">\n\t\t\t\t\t\t\t<i aria-hidden=\"true\" class=\"fas fa-times\"><\/i>\t\t\t\t\t\t<\/span>\n\t\t\t\t\t\t\t\t\t\t<span class=\"elementor-icon-list-text\">Bebidas<\/span>\n\t\t\t\t\t\t\t\t\t<\/li>\n\t\t\t\t\t\t\t\t<li class=\"elementor-icon-list-item\">\n\t\t\t\t\t\t\t\t\t\t\t<span class=\"elementor-icon-list-icon\">\n\t\t\t\t\t\t\t<i aria-hidden=\"true\" class=\"fas fa-times\"><\/i>\t\t\t\t\t\t<\/span>\n\t\t\t\t\t\t\t\t\t\t<span class=\"elementor-icon-list-text\">Entradas a monumentos<\/span>\n\t\t\t\t\t\t\t\t\t<\/li>\n\t\t\t\t\t\t<\/ul>\n\t\t\t\t\t\t<\/div>\n\t\t\t\t<\/div>\n\t\t\t\t<div class=\"elementor-element elementor-element-33a25670 elementor-align-center elementor-widget elementor-widget-button\" data-id=\"33a25670\" data-element_type=\"widget\" data-e-type=\"widget\" data-widget_type=\"button.default\">\n\t\t\t\t<div class=\"elementor-widget-container\">\n\t\t\t\t\t\t\t\t\t<div class=\"elementor-button-wrapper\">\n\t\t\t\t\t<a class=\"elementor-button elementor-button-link elementor-size-sm\" href=\"https:\/\/moroccoeverydaytrip.com\/es\/contacto\">\n\t\t\t\t\t\t<span class=\"elementor-button-content-wrapper\">\n\t\t\t\t\t\t<span class=\"elementor-button-icon\">\n\t\t\t\t<i aria-hidden=\"true\" class=\"far fa-arrow-alt-circle-right\"><\/i>\t\t\t<\/span>\n\t\t\t\t\t\t\t\t\t<span class=\"elementor-button-text\">Cont\u00e1ctenos ahora<\/span>\n\t\t\t\t\t<\/span>\n\t\t\t\t\t<\/a>\n\t\t\t\t<\/div>\n\t\t\t\t\t\t\t\t<\/div>\n\t\t\t\t<\/div>\n\t\t\t\t\t<\/div>\n\t\t<\/div>\n\t\t\t\t\t<\/div>\n\t\t<\/section>\n\t\t\t\t<section class=\"elementor-section elementor-top-section elementor-element elementor-element-a946a44 elementor-section-boxed elementor-section-height-default elementor-section-height-default\" data-id=\"a946a44\" data-element_type=\"section\" data-e-type=\"section\">\n\t\t\t\t\t\t<div class=\"elementor-container elementor-column-gap-default\">\n\t\t\t\t\t<div class=\"elementor-column elementor-col-100 elementor-top-column elementor-element elementor-element-e1adcb8\" data-id=\"e1adcb8\" data-element_type=\"column\" data-e-type=\"column\">\n\t\t\t<div class=\"elementor-widget-wrap elementor-element-populated\">\n\t\t\t\t\t\t<div class=\"elementor-element elementor-element-fe54136 elementor-widget elementor-widget-toggle\" data-id=\"fe54136\" data-element_type=\"widget\" data-e-type=\"widget\" data-widget_type=\"toggle.default\">\n\t\t\t\t<div class=\"elementor-widget-container\">\n\t\t\t\t\t\t\t<div class=\"elementor-toggle\">\n\t\t\t\t\t\t\t<div class=\"elementor-toggle-item\">\n\t\t\t\t\t<div id=\"elementor-tab-title-2661\" class=\"elementor-tab-title\" data-tab=\"1\" role=\"button\" aria-controls=\"elementor-tab-content-2661\" aria-expanded=\"false\">\n\t\t\t\t\t\t\t\t\t\t\t\t<span class=\"elementor-toggle-icon elementor-toggle-icon-left\" aria-hidden=\"true\">\n\t\t\t\t\t\t\t\t\t\t\t\t\t\t\t<span class=\"elementor-toggle-icon-closed\"><i class=\"fas fa-caret-right\"><\/i><\/span>\n\t\t\t\t\t\t\t\t<span class=\"elementor-toggle-icon-opened\"><i class=\"elementor-toggle-icon-opened fas fa-caret-up\"><\/i><\/span>\n\t\t\t\t\t\t\t\t\t\t\t\t\t<\/span>\n\t\t\t\t\t\t\t\t\t\t\t\t<a class=\"elementor-toggle-title\" tabindex=\"0\">Excursi\u00f3n de un d\u00eda de Marrakech<\/a>\n\t\t\t\t\t<\/div>\n\n\t\t\t\t\t<div id=\"elementor-tab-content-2661\" class=\"elementor-tab-content elementor-clearfix\" data-tab=\"1\" role=\"region\" aria-labelledby=\"elementor-tab-title-2661\"><ul><li><a href=\"https:\/\/moroccoeverydaytrip.com\/es\/excursion-de-un-dia-de-marrakech-a-essaouira\/\">Excursi\u00f3n de un d\u00eda de Marrakech a Essaouira<\/a><\/li><li><a href=\"https:\/\/moroccoeverydaytrip.com\/es\/excursion-de-un-dia-a-la-kasbah-ait-ben-haddou-desde-marrakech\/\">Excursi\u00f3n de un d\u00eda desde Marrakech a Ben Haddou<\/a><\/li><li><a href=\"https:\/\/moroccoeverydaytrip.com\/es\/excursion-de-un-dia-de-marrakech-al-valle-de-ourika\/\">Excursi\u00f3n de un d\u00eda de Marrakech al Valle de Ourika<\/a><\/li><li><a href=\"https:\/\/moroccoeverydaytrip.com\/es\/visita-turistica-de-marrakech\/\">Visita tur\u00edstica de Marrakech<\/a><\/li><li><a href=\"https:\/\/moroccoeverydaytrip.com\/es\/excursion-de-un-dia-a-las-cascadas-de-ouzoud-desde-marrakech\/\">Excursi\u00f3n de un d\u00eda a las cascadas de Ouzoud desde Marrakech<\/a><\/li><\/ul><\/div>\n\t\t\t\t<\/div>\n\t\t\t\t\t\t\t<div class=\"elementor-toggle-item\">\n\t\t\t\t\t<div id=\"elementor-tab-title-2662\" class=\"elementor-tab-title\" data-tab=\"2\" role=\"button\" aria-controls=\"elementor-tab-content-2662\" aria-expanded=\"false\">\n\t\t\t\t\t\t\t\t\t\t\t\t<span class=\"elementor-toggle-icon elementor-toggle-icon-left\" aria-hidden=\"true\">\n\t\t\t\t\t\t\t\t\t\t\t\t\t\t\t<span class=\"elementor-toggle-icon-closed\"><i class=\"fas fa-caret-right\"><\/i><\/span>\n\t\t\t\t\t\t\t\t<span class=\"elementor-toggle-icon-opened\"><i class=\"elementor-toggle-icon-opened fas fa-caret-up\"><\/i><\/span>\n\t\t\t\t\t\t\t\t\t\t\t\t\t<\/span>\n\t\t\t\t\t\t\t\t\t\t\t\t<a class=\"elementor-toggle-title\" tabindex=\"0\">Excursi\u00f3n de un d\u00eda de Fez<\/a>\n\t\t\t\t\t<\/div>\n\n\t\t\t\t\t<div id=\"elementor-tab-content-2662\" class=\"elementor-tab-content elementor-clearfix\" data-tab=\"2\" role=\"region\" aria-labelledby=\"elementor-tab-title-2662\"><ul><li><a href=\"https:\/\/moroccoeverydaytrip.com\/es\/excursion-de-un-dia-de-fez-a-chefchaouen\/\">Excursi\u00f3n de un d\u00eda de Fez a Chefchaouen<\/a><\/li><li><a href=\"https:\/\/moroccoeverydaytrip.com\/es\/visita-turistica-de-un-dia-a-fez\/\">Visita tur\u00edstica de un d\u00eda a Fez<\/a><\/li><li><a href=\"https:\/\/moroccoeverydaytrip.com\/es\/excursion-de-un-dia-desde-fez-a-meknes-y-volubilis\/\">Excursi\u00f3n de un d\u00eda de Fez a Meknes y Volubilis<\/a><\/li><\/ul><\/div>\n\t\t\t\t<\/div>\n\t\t\t\t\t\t\t\t<\/div>\n\t\t\t\t\t\t<\/div>\n\t\t\t\t<\/div>\n\t\t\t\t\t<\/div>\n\t\t<\/div>\n\t\t\t\t\t<\/div>\n\t\t<\/section>\n\t\t\t\t<\/div>\n\t\t","protected":false},"excerpt":{"rendered":"<p>Excursi\u00f3n de un d\u00eda desde Fez a Meknes y Volubilis Excursi\u00f3n de un d\u00eda desde Fez a Meknes y Volubilis Su excursi\u00f3n de un d\u00eda&hellip;<\/p>\n","protected":false},"author":1,"featured_media":3907,"parent":0,"menu_order":0,"comment_status":"closed","ping_status":"closed","template":"","meta":{"footnotes":""},"class_list":["post-5514","page","type-page","status-publish","has-post-thumbnail","hentry"],"yoast_head":"<!-- This site is optimized with the Yoast SEO plugin v27.3 - https:\/\/yoast.com\/product\/yoast-seo-wordpress\/ -->\n<title>Excursi\u00f3n de Un D\u00eda desde Fez a Meknes y Volubilis | Viajes por Marruecos<\/title>\n<meta name=\"description\" content=\"Descubre la historia antigua y la majestuosidad de Meknes y Volubilis en una emocionante Excursi\u00f3n de un d\u00eda desde Fez a Meknes y Volubilis\" \/>\n<meta name=\"robots\" content=\"index, follow, max-snippet:-1, max-image-preview:large, max-video-preview:-1\" \/>\n<link rel=\"canonical\" href=\"https:\/\/moroccoeverydaytrip.com\/es\/excursion-de-un-dia-desde-fez-a-meknes-y-volubilis\/\" \/>\n<meta property=\"og:locale\" content=\"en_US\" \/>\n<meta property=\"og:type\" content=\"article\" \/>\n<meta property=\"og:title\" content=\"Excursi\u00f3n de Un D\u00eda desde Fez a Meknes y Volubilis | Viajes por Marruecos\" \/>\n<meta property=\"og:description\" content=\"Descubre la historia antigua y la majestuosidad de Meknes y Volubilis en una emocionante Excursi\u00f3n de un d\u00eda desde Fez a Meknes y Volubilis\" \/>\n<meta property=\"og:url\" content=\"https:\/\/moroccoeverydaytrip.com\/es\/excursion-de-un-dia-desde-fez-a-meknes-y-volubilis\/\" \/>\n<meta property=\"og:site_name\" content=\"Viajes por Marruecos\" \/>\n<meta property=\"article:modified_time\" content=\"2024-11-20T14:01:22+00:00\" \/>\n<meta property=\"og:image\" content=\"https:\/\/moroccoeverydaytrip.com\/es\/wp-content\/uploads\/2023\/08\/roman-ruins-in-volubilis-morocco.jpg\" \/>\n\t<meta property=\"og:image:width\" content=\"2000\" \/>\n\t<meta property=\"og:image:height\" content=\"1333\" \/>\n\t<meta property=\"og:image:type\" content=\"image\/jpeg\" \/>\n<meta name=\"twitter:card\" content=\"summary_large_image\" \/>\n<meta name=\"twitter:label1\" content=\"Est. reading time\" \/>\n\t<meta name=\"twitter:data1\" content=\"2 minutes\" \/>\n<script type=\"application\/ld+json\" class=\"yoast-schema-graph\">{\"@context\":\"https:\\\/\\\/schema.org\",\"@graph\":[{\"@type\":\"WebPage\",\"@id\":\"https:\\\/\\\/moroccoeverydaytrip.com\\\/es\\\/excursion-de-un-dia-desde-fez-a-meknes-y-volubilis\\\/\",\"url\":\"https:\\\/\\\/moroccoeverydaytrip.com\\\/es\\\/excursion-de-un-dia-desde-fez-a-meknes-y-volubilis\\\/\",\"name\":\"Excursi\u00f3n de Un D\u00eda desde Fez a Meknes y Volubilis | Viajes por Marruecos\",\"isPartOf\":{\"@id\":\"https:\\\/\\\/moroccoeverydaytrip.com\\\/es\\\/#website\"},\"primaryImageOfPage\":{\"@id\":\"https:\\\/\\\/moroccoeverydaytrip.com\\\/es\\\/excursion-de-un-dia-desde-fez-a-meknes-y-volubilis\\\/#primaryimage\"},\"image\":{\"@id\":\"https:\\\/\\\/moroccoeverydaytrip.com\\\/es\\\/excursion-de-un-dia-desde-fez-a-meknes-y-volubilis\\\/#primaryimage\"},\"thumbnailUrl\":\"https:\\\/\\\/moroccoeverydaytrip.com\\\/es\\\/wp-content\\\/uploads\\\/2023\\\/08\\\/roman-ruins-in-volubilis-morocco.jpg\",\"datePublished\":\"2023-09-11T12:18:17+00:00\",\"dateModified\":\"2024-11-20T14:01:22+00:00\",\"description\":\"Descubre la historia antigua y la majestuosidad de Meknes y Volubilis en una emocionante Excursi\u00f3n de un d\u00eda desde Fez a Meknes y Volubilis\",\"breadcrumb\":{\"@id\":\"https:\\\/\\\/moroccoeverydaytrip.com\\\/es\\\/excursion-de-un-dia-desde-fez-a-meknes-y-volubilis\\\/#breadcrumb\"},\"inLanguage\":\"en-US\",\"potentialAction\":[{\"@type\":\"ReadAction\",\"target\":[\"https:\\\/\\\/moroccoeverydaytrip.com\\\/es\\\/excursion-de-un-dia-desde-fez-a-meknes-y-volubilis\\\/\"]}]},{\"@type\":\"ImageObject\",\"inLanguage\":\"en-US\",\"@id\":\"https:\\\/\\\/moroccoeverydaytrip.com\\\/es\\\/excursion-de-un-dia-desde-fez-a-meknes-y-volubilis\\\/#primaryimage\",\"url\":\"https:\\\/\\\/moroccoeverydaytrip.com\\\/es\\\/wp-content\\\/uploads\\\/2023\\\/08\\\/roman-ruins-in-volubilis-morocco.jpg\",\"contentUrl\":\"https:\\\/\\\/moroccoeverydaytrip.com\\\/es\\\/wp-content\\\/uploads\\\/2023\\\/08\\\/roman-ruins-in-volubilis-morocco.jpg\",\"width\":2000,\"height\":1333,\"caption\":\"Excursi\u00f3n de un d\u00eda desde Fez a Meknes y Volubilis\"},{\"@type\":\"BreadcrumbList\",\"@id\":\"https:\\\/\\\/moroccoeverydaytrip.com\\\/es\\\/excursion-de-un-dia-desde-fez-a-meknes-y-volubilis\\\/#breadcrumb\",\"itemListElement\":[{\"@type\":\"ListItem\",\"position\":1,\"name\":\"Home\",\"item\":\"https:\\\/\\\/moroccoeverydaytrip.com\\\/es\\\/\"},{\"@type\":\"ListItem\",\"position\":2,\"name\":\"Excursi\u00f3n de Un D\u00eda desde Fez a Meknes y Volubilis\"}]},{\"@type\":\"WebSite\",\"@id\":\"https:\\\/\\\/moroccoeverydaytrip.com\\\/es\\\/#website\",\"url\":\"https:\\\/\\\/moroccoeverydaytrip.com\\\/es\\\/\",\"name\":\"Viajes por Marruecos\",\"description\":\"Viajes por Marruecos\",\"potentialAction\":[{\"@type\":\"SearchAction\",\"target\":{\"@type\":\"EntryPoint\",\"urlTemplate\":\"https:\\\/\\\/moroccoeverydaytrip.com\\\/es\\\/?s={search_term_string}\"},\"query-input\":{\"@type\":\"PropertyValueSpecification\",\"valueRequired\":true,\"valueName\":\"search_term_string\"}}],\"inLanguage\":\"en-US\"}]}<\/script>\n<!-- \/ Yoast SEO plugin. -->","yoast_head_json":{"title":"Excursi\u00f3n de Un D\u00eda desde Fez a Meknes y Volubilis | Viajes por Marruecos","description":"Descubre la historia antigua y la majestuosidad de Meknes y Volubilis en una emocionante Excursi\u00f3n de un d\u00eda desde Fez a Meknes y Volubilis","robots":{"index":"index","follow":"follow","max-snippet":"max-snippet:-1","max-image-preview":"max-image-preview:large","max-video-preview":"max-video-preview:-1"},"canonical":"https:\/\/moroccoeverydaytrip.com\/es\/excursion-de-un-dia-desde-fez-a-meknes-y-volubilis\/","og_locale":"en_US","og_type":"article","og_title":"Excursi\u00f3n de Un D\u00eda desde Fez a Meknes y Volubilis | Viajes por Marruecos","og_description":"Descubre la historia antigua y la majestuosidad de Meknes y Volubilis en una emocionante Excursi\u00f3n de un d\u00eda desde Fez a Meknes y Volubilis","og_url":"https:\/\/moroccoeverydaytrip.com\/es\/excursion-de-un-dia-desde-fez-a-meknes-y-volubilis\/","og_site_name":"Viajes por Marruecos","article_modified_time":"2024-11-20T14:01:22+00:00","og_image":[{"width":2000,"height":1333,"url":"https:\/\/moroccoeverydaytrip.com\/es\/wp-content\/uploads\/2023\/08\/roman-ruins-in-volubilis-morocco.jpg","type":"image\/jpeg"}],"twitter_card":"summary_large_image","twitter_misc":{"Est. reading time":"2 minutes"},"schema":{"@context":"https:\/\/schema.org","@graph":[{"@type":"WebPage","@id":"https:\/\/moroccoeverydaytrip.com\/es\/excursion-de-un-dia-desde-fez-a-meknes-y-volubilis\/","url":"https:\/\/moroccoeverydaytrip.com\/es\/excursion-de-un-dia-desde-fez-a-meknes-y-volubilis\/","name":"Excursi\u00f3n de Un D\u00eda desde Fez a Meknes y Volubilis | Viajes por Marruecos","isPartOf":{"@id":"https:\/\/moroccoeverydaytrip.com\/es\/#website"},"primaryImageOfPage":{"@id":"https:\/\/moroccoeverydaytrip.com\/es\/excursion-de-un-dia-desde-fez-a-meknes-y-volubilis\/#primaryimage"},"image":{"@id":"https:\/\/moroccoeverydaytrip.com\/es\/excursion-de-un-dia-desde-fez-a-meknes-y-volubilis\/#primaryimage"},"thumbnailUrl":"https:\/\/moroccoeverydaytrip.com\/es\/wp-content\/uploads\/2023\/08\/roman-ruins-in-volubilis-morocco.jpg","datePublished":"2023-09-11T12:18:17+00:00","dateModified":"2024-11-20T14:01:22+00:00","description":"Descubre la historia antigua y la majestuosidad de Meknes y Volubilis en una emocionante Excursi\u00f3n de un d\u00eda desde Fez a Meknes y Volubilis","breadcrumb":{"@id":"https:\/\/moroccoeverydaytrip.com\/es\/excursion-de-un-dia-desde-fez-a-meknes-y-volubilis\/#breadcrumb"},"inLanguage":"en-US","potentialAction":[{"@type":"ReadAction","target":["https:\/\/moroccoeverydaytrip.com\/es\/excursion-de-un-dia-desde-fez-a-meknes-y-volubilis\/"]}]},{"@type":"ImageObject","inLanguage":"en-US","@id":"https:\/\/moroccoeverydaytrip.com\/es\/excursion-de-un-dia-desde-fez-a-meknes-y-volubilis\/#primaryimage","url":"https:\/\/moroccoeverydaytrip.com\/es\/wp-content\/uploads\/2023\/08\/roman-ruins-in-volubilis-morocco.jpg","contentUrl":"https:\/\/moroccoeverydaytrip.com\/es\/wp-content\/uploads\/2023\/08\/roman-ruins-in-volubilis-morocco.jpg","width":2000,"height":1333,"caption":"Excursi\u00f3n de un d\u00eda desde Fez a Meknes y Volubilis"},{"@type":"BreadcrumbList","@id":"https:\/\/moroccoeverydaytrip.com\/es\/excursion-de-un-dia-desde-fez-a-meknes-y-volubilis\/#breadcrumb","itemListElement":[{"@type":"ListItem","position":1,"name":"Home","item":"https:\/\/moroccoeverydaytrip.com\/es\/"},{"@type":"ListItem","position":2,"name":"Excursi\u00f3n de Un D\u00eda desde Fez a Meknes y Volubilis"}]},{"@type":"WebSite","@id":"https:\/\/moroccoeverydaytrip.com\/es\/#website","url":"https:\/\/moroccoeverydaytrip.com\/es\/","name":"Viajes por Marruecos","description":"Viajes por Marruecos","potentialAction":[{"@type":"SearchAction","target":{"@type":"EntryPoint","urlTemplate":"https:\/\/moroccoeverydaytrip.com\/es\/?s={search_term_string}"},"query-input":{"@type":"PropertyValueSpecification","valueRequired":true,"valueName":"search_term_string"}}],"inLanguage":"en-US"}]}},"_links":{"self":[{"href":"https:\/\/moroccoeverydaytrip.com\/es\/wp-json\/wp\/v2\/pages\/5514","targetHints":{"allow":["GET"]}}],"collection":[{"href":"https:\/\/moroccoeverydaytrip.com\/es\/wp-json\/wp\/v2\/pages"}],"about":[{"href":"https:\/\/moroccoeverydaytrip.com\/es\/wp-json\/wp\/v2\/types\/page"}],"author":[{"embeddable":true,"href":"https:\/\/moroccoeverydaytrip.com\/es\/wp-json\/wp\/v2\/users\/1"}],"replies":[{"embeddable":true,"href":"https:\/\/moroccoeverydaytrip.com\/es\/wp-json\/wp\/v2\/comments?post=5514"}],"version-history":[{"count":53,"href":"https:\/\/moroccoeverydaytrip.com\/es\/wp-json\/wp\/v2\/pages\/5514\/revisions"}],"predecessor-version":[{"id":7762,"href":"https:\/\/moroccoeverydaytrip.com\/es\/wp-json\/wp\/v2\/pages\/5514\/revisions\/7762"}],"wp:featuredmedia":[{"embeddable":true,"href":"https:\/\/moroccoeverydaytrip.com\/es\/wp-json\/wp\/v2\/media\/3907"}],"wp:attachment":[{"href":"https:\/\/moroccoeverydaytrip.com\/es\/wp-json\/wp\/v2\/media?parent=5514"}],"curies":[{"name":"wp","href":"https:\/\/api.w.org\/{rel}","templated":true}]}}