{"id":5513,"date":"2023-09-11T12:18:08","date_gmt":"2023-09-11T12:18:08","guid":{"rendered":"https:\/\/moroccoeverydaytrip.com\/es\/?page_id=5513"},"modified":"2024-09-28T15:29:45","modified_gmt":"2024-09-28T15:29:45","slug":"visita-turistica-de-un-dia-a-fez","status":"publish","type":"page","link":"https:\/\/moroccoeverydaytrip.com\/es\/visita-turistica-de-un-dia-a-fez\/","title":{"rendered":"Visita Tur\u00edstica De Un D\u00eda a Fez"},"content":{"rendered":"\t\t<div data-elementor-type=\"wp-page\" data-elementor-id=\"5513\" class=\"elementor elementor-5513\">\n\t\t\t\t\t\t<section class=\"elementor-section elementor-top-section elementor-element elementor-element-400ebf5a elementor-section-height-min-height elementor-section-boxed elementor-section-height-default elementor-section-items-middle\" data-id=\"400ebf5a\" data-element_type=\"section\" data-e-type=\"section\" data-settings=\"{&quot;background_background&quot;:&quot;classic&quot;}\">\n\t\t\t\t\t\t<div class=\"elementor-container elementor-column-gap-default\">\n\t\t\t\t\t<div class=\"elementor-column elementor-col-100 elementor-top-column elementor-element elementor-element-1768bf72\" data-id=\"1768bf72\" data-element_type=\"column\" data-e-type=\"column\">\n\t\t\t<div class=\"elementor-widget-wrap elementor-element-populated\">\n\t\t\t\t\t\t<div class=\"elementor-element elementor-element-3aea939c elementor-widget elementor-widget-heading\" data-id=\"3aea939c\" data-element_type=\"widget\" data-e-type=\"widget\" data-widget_type=\"heading.default\">\n\t\t\t\t<div class=\"elementor-widget-container\">\n\t\t\t\t\t<h1 class=\"elementor-heading-title elementor-size-default\">Visita tur\u00edstica de un d\u00eda a Fez<\/h1>\t\t\t\t<\/div>\n\t\t\t\t<\/div>\n\t\t\t\t\t<\/div>\n\t\t<\/div>\n\t\t\t\t\t<\/div>\n\t\t<\/section>\n\t\t\t\t<section class=\"elementor-section elementor-top-section elementor-element elementor-element-4e3a03c5 elementor-section-boxed elementor-section-height-default elementor-section-height-default\" data-id=\"4e3a03c5\" data-element_type=\"section\" data-e-type=\"section\">\n\t\t\t\t\t\t<div class=\"elementor-container elementor-column-gap-default\">\n\t\t\t\t\t<div class=\"elementor-column elementor-col-100 elementor-top-column elementor-element elementor-element-7bf3c97\" data-id=\"7bf3c97\" data-element_type=\"column\" data-e-type=\"column\">\n\t\t\t<div class=\"elementor-widget-wrap elementor-element-populated\">\n\t\t\t\t\t\t<div class=\"elementor-element elementor-element-77c34c2 elementor-widget elementor-widget-heading\" data-id=\"77c34c2\" data-element_type=\"widget\" data-e-type=\"widget\" data-widget_type=\"heading.default\">\n\t\t\t\t<div class=\"elementor-widget-container\">\n\t\t\t\t\t<h2 class=\"elementor-heading-title elementor-size-default\">Visita tur\u00edstica de un d\u00eda a Fez<\/h2>\t\t\t\t<\/div>\n\t\t\t\t<\/div>\n\t\t\t\t<div class=\"elementor-element elementor-element-5053eeff elementor-widget elementor-widget-text-editor\" data-id=\"5053eeff\" data-element_type=\"widget\" data-e-type=\"widget\" data-widget_type=\"text-editor.default\">\n\t\t\t\t<div class=\"elementor-widget-container\">\n\t\t\t\t\t\t\t\t\t<div class=\"elementor-element elementor-element-4b4507b8 elementor-widget elementor-widget-heading\" data-id=\"4b4507b8\" data-element_type=\"widget\" data-widget_type=\"heading.default\"><div class=\"elementor-widget-container\"><p>La visita tur\u00edstica de un d\u00eda a Fez. La singularidad de <a href=\"https:\/\/es.wikipedia.org\/wiki\/Fez\">Fez<\/a> radica en la riqueza de su patrimonio cultural. Adem\u00e1s, explorar\u00e1 la ciudad y visitar\u00e1 los principales lugares de inter\u00e9s, empezando por la antigua medina. Se trata de un asombroso laberinto de callejuelas y callejones. A continuaci\u00f3n, comience su <a href=\"https:\/\/moroccoeverydaytrip.com\/es\/\">excursi\u00f3n<\/a> de d\u00eda completo en Bab Boujloud, la ornamentada puerta azul que da acceso a la medina. A continuaci\u00f3n, dir\u00edjase al magn\u00edfico Mausoleo de Moulay Idriss.<\/p><h3><strong>Universidad de Al-Qarawiyyin<\/strong><\/h3><p>A continuaci\u00f3n, visitar\u00e1 la universidad medieval de Al-Qarawiyyin, que es a la vez una universidad y una mezquita situada en el coraz\u00f3n de la medina. Adem\u00e1s, la UNESCO la ha nombrado la instituci\u00f3n educativa en funcionamiento continuo m\u00e1s antigua del mundo. A continuaci\u00f3n, pasar\u00e1 por otras escuelas como la madrasa Bouanania, construida por el sult\u00e1n Abu Inan Faris, y la madrasa Al-Attarine, creada por el sult\u00e1n Uthman II Abu Said.\u00a0<\/p><p>Visite el Museo Nejjarine de Artes y Oficios de la Madera y contemple las herramientas tradicionales utilizadas por los artesanos, as\u00ed como las alfombras y los instrumentos musicales bereberes. Vea la curtidur\u00eda de la ciudad, un lugar fascinante que es la mayor curtidur\u00eda de \u00c1frica. Despu\u00e9s, su gu\u00eda le dar\u00e1 informaci\u00f3n sobre la ciudad antigua por si desea pasear por ella. Por la tarde, su gu\u00eda local le llevar\u00e1 a su riad u hotel, donde pondr\u00e1 fin a su d\u00eda de turismo.<\/p><\/div><\/div>\t\t\t\t\t\t\t\t<\/div>\n\t\t\t\t<\/div>\n\t\t\t\t<div class=\"elementor-element elementor-element-6a0aab74 elementor-widget elementor-widget-heading\" data-id=\"6a0aab74\" data-element_type=\"widget\" data-e-type=\"widget\" data-widget_type=\"heading.default\">\n\t\t\t\t<div class=\"elementor-widget-container\">\n\t\t\t\t\t<h4 class=\"elementor-heading-title elementor-size-default\">El viaje incluye:<\/h4>\t\t\t\t<\/div>\n\t\t\t\t<\/div>\n\t\t\t\t<div class=\"elementor-element elementor-element-707fbb26 elementor-icon-list--layout-traditional elementor-list-item-link-full_width elementor-widget elementor-widget-icon-list\" data-id=\"707fbb26\" data-element_type=\"widget\" data-e-type=\"widget\" data-widget_type=\"icon-list.default\">\n\t\t\t\t<div class=\"elementor-widget-container\">\n\t\t\t\t\t\t\t<ul class=\"elementor-icon-list-items\">\n\t\t\t\t\t\t\t<li class=\"elementor-icon-list-item\">\n\t\t\t\t\t\t\t\t\t\t\t<span class=\"elementor-icon-list-icon\">\n\t\t\t\t\t\t\t<i aria-hidden=\"true\" class=\"fas fa-check\"><\/i>\t\t\t\t\t\t<\/span>\n\t\t\t\t\t\t\t\t\t\t<span class=\"elementor-icon-list-text\">Veh\u00edculo privado con aire acondicionado, 4x4 Toyota Land Cruiser + combustible<\/span>\n\t\t\t\t\t\t\t\t\t<\/li>\n\t\t\t\t\t\t\t\t<li class=\"elementor-icon-list-item\">\n\t\t\t\t\t\t\t\t\t\t\t<span class=\"elementor-icon-list-icon\">\n\t\t\t\t\t\t\t<i aria-hidden=\"true\" class=\"fas fa-check\"><\/i>\t\t\t\t\t\t<\/span>\n\t\t\t\t\t\t\t\t\t\t<span class=\"elementor-icon-list-text\">Conductor de habla inglesa\/francesa\/espa\u00f1ola durante el tour<\/span>\n\t\t\t\t\t\t\t\t\t<\/li>\n\t\t\t\t\t\t\t\t<li class=\"elementor-icon-list-item\">\n\t\t\t\t\t\t\t\t\t\t\t<span class=\"elementor-icon-list-icon\">\n\t\t\t\t\t\t\t<i aria-hidden=\"true\" class=\"fas fa-check\"><\/i>\t\t\t\t\t\t<\/span>\n\t\t\t\t\t\t\t\t\t\t<span class=\"elementor-icon-list-text\">Recogida y regreso a su alojamiento en Fez<\/span>\n\t\t\t\t\t\t\t\t\t<\/li>\n\t\t\t\t\t\t\t\t<li class=\"elementor-icon-list-item\">\n\t\t\t\t\t\t\t\t\t\t\t<span class=\"elementor-icon-list-icon\">\n\t\t\t\t\t\t\t<i aria-hidden=\"true\" class=\"fas fa-check\"><\/i>\t\t\t\t\t\t<\/span>\n\t\t\t\t\t\t\t\t\t\t<span class=\"elementor-icon-list-text\">Tiempo libre para explorar la ciudad<\/span>\n\t\t\t\t\t\t\t\t\t<\/li>\n\t\t\t\t\t\t<\/ul>\n\t\t\t\t\t\t<\/div>\n\t\t\t\t<\/div>\n\t\t\t\t<div class=\"elementor-element elementor-element-260740e elementor-widget elementor-widget-heading\" data-id=\"260740e\" data-element_type=\"widget\" data-e-type=\"widget\" data-widget_type=\"heading.default\">\n\t\t\t\t<div class=\"elementor-widget-container\">\n\t\t\t\t\t<h4 class=\"elementor-heading-title elementor-size-default\">El viaje no incluye:<\/h4>\t\t\t\t<\/div>\n\t\t\t\t<\/div>\n\t\t\t\t<div class=\"elementor-element elementor-element-271019a9 elementor-icon-list--layout-traditional elementor-list-item-link-full_width elementor-widget elementor-widget-icon-list\" data-id=\"271019a9\" data-element_type=\"widget\" data-e-type=\"widget\" data-widget_type=\"icon-list.default\">\n\t\t\t\t<div class=\"elementor-widget-container\">\n\t\t\t\t\t\t\t<ul class=\"elementor-icon-list-items\">\n\t\t\t\t\t\t\t<li class=\"elementor-icon-list-item\">\n\t\t\t\t\t\t\t\t\t\t\t<span class=\"elementor-icon-list-icon\">\n\t\t\t\t\t\t\t<i aria-hidden=\"true\" class=\"fas fa-times\"><\/i>\t\t\t\t\t\t<\/span>\n\t\t\t\t\t\t\t\t\t\t<span class=\"elementor-icon-list-text\">Almuerzo<\/span>\n\t\t\t\t\t\t\t\t\t<\/li>\n\t\t\t\t\t\t\t\t<li class=\"elementor-icon-list-item\">\n\t\t\t\t\t\t\t\t\t\t\t<span class=\"elementor-icon-list-icon\">\n\t\t\t\t\t\t\t<i aria-hidden=\"true\" class=\"fas fa-times\"><\/i>\t\t\t\t\t\t<\/span>\n\t\t\t\t\t\t\t\t\t\t<span class=\"elementor-icon-list-text\">Bebidas<\/span>\n\t\t\t\t\t\t\t\t\t<\/li>\n\t\t\t\t\t\t\t\t<li class=\"elementor-icon-list-item\">\n\t\t\t\t\t\t\t\t\t\t\t<span class=\"elementor-icon-list-icon\">\n\t\t\t\t\t\t\t<i aria-hidden=\"true\" class=\"fas fa-times\"><\/i>\t\t\t\t\t\t<\/span>\n\t\t\t\t\t\t\t\t\t\t<span class=\"elementor-icon-list-text\">Entradas a monumentos<\/span>\n\t\t\t\t\t\t\t\t\t<\/li>\n\t\t\t\t\t\t<\/ul>\n\t\t\t\t\t\t<\/div>\n\t\t\t\t<\/div>\n\t\t\t\t<div class=\"elementor-element elementor-element-1da499e3 elementor-align-center elementor-widget elementor-widget-button\" data-id=\"1da499e3\" data-element_type=\"widget\" data-e-type=\"widget\" data-widget_type=\"button.default\">\n\t\t\t\t<div class=\"elementor-widget-container\">\n\t\t\t\t\t\t\t\t\t<div class=\"elementor-button-wrapper\">\n\t\t\t\t\t<a class=\"elementor-button elementor-button-link elementor-size-sm\" href=\"https:\/\/moroccoeverydaytrip.com\/es\/contacto\">\n\t\t\t\t\t\t<span class=\"elementor-button-content-wrapper\">\n\t\t\t\t\t\t<span class=\"elementor-button-icon\">\n\t\t\t\t<i aria-hidden=\"true\" class=\"far fa-arrow-alt-circle-right\"><\/i>\t\t\t<\/span>\n\t\t\t\t\t\t\t\t\t<span class=\"elementor-button-text\">Cont\u00e1ctenos ahora<\/span>\n\t\t\t\t\t<\/span>\n\t\t\t\t\t<\/a>\n\t\t\t\t<\/div>\n\t\t\t\t\t\t\t\t<\/div>\n\t\t\t\t<\/div>\n\t\t\t\t\t<\/div>\n\t\t<\/div>\n\t\t\t\t\t<\/div>\n\t\t<\/section>\n\t\t\t\t<section class=\"elementor-section elementor-top-section elementor-element elementor-element-4909a26 elementor-section-boxed elementor-section-height-default elementor-section-height-default\" data-id=\"4909a26\" data-element_type=\"section\" data-e-type=\"section\">\n\t\t\t\t\t\t<div class=\"elementor-container elementor-column-gap-default\">\n\t\t\t\t\t<div class=\"elementor-column elementor-col-100 elementor-top-column elementor-element elementor-element-657c77b\" data-id=\"657c77b\" data-element_type=\"column\" data-e-type=\"column\">\n\t\t\t<div class=\"elementor-widget-wrap elementor-element-populated\">\n\t\t\t\t\t\t<div class=\"elementor-element elementor-element-d9f861e elementor-widget elementor-widget-toggle\" data-id=\"d9f861e\" data-element_type=\"widget\" data-e-type=\"widget\" data-widget_type=\"toggle.default\">\n\t\t\t\t<div class=\"elementor-widget-container\">\n\t\t\t\t\t\t\t<div class=\"elementor-toggle\">\n\t\t\t\t\t\t\t<div class=\"elementor-toggle-item\">\n\t\t\t\t\t<div id=\"elementor-tab-title-2281\" class=\"elementor-tab-title\" data-tab=\"1\" role=\"button\" aria-controls=\"elementor-tab-content-2281\" aria-expanded=\"false\">\n\t\t\t\t\t\t\t\t\t\t\t\t<span class=\"elementor-toggle-icon elementor-toggle-icon-left\" aria-hidden=\"true\">\n\t\t\t\t\t\t\t\t\t\t\t\t\t\t\t<span class=\"elementor-toggle-icon-closed\"><i class=\"fas fa-caret-right\"><\/i><\/span>\n\t\t\t\t\t\t\t\t<span class=\"elementor-toggle-icon-opened\"><i class=\"elementor-toggle-icon-opened fas fa-caret-up\"><\/i><\/span>\n\t\t\t\t\t\t\t\t\t\t\t\t\t<\/span>\n\t\t\t\t\t\t\t\t\t\t\t\t<a class=\"elementor-toggle-title\" tabindex=\"0\">Excursi\u00f3n de un d\u00eda de Marrakech<\/a>\n\t\t\t\t\t<\/div>\n\n\t\t\t\t\t<div id=\"elementor-tab-content-2281\" class=\"elementor-tab-content elementor-clearfix\" data-tab=\"1\" role=\"region\" aria-labelledby=\"elementor-tab-title-2281\"><ul><li><a href=\"https:\/\/moroccoeverydaytrip.com\/es\/excursion-de-un-dia-de-marrakech-a-essaouira\/\">Excursi\u00f3n de un d\u00eda de Marrakech a Essaouira<\/a><\/li><li><a href=\"https:\/\/moroccoeverydaytrip.com\/es\/excursion-de-un-dia-a-la-kasbah-ait-ben-haddou-desde-marrakech\/\">Excursi\u00f3n de un d\u00eda desde Marrakech a Ben Haddou<\/a><\/li><li><a href=\"https:\/\/moroccoeverydaytrip.com\/es\/excursion-de-un-dia-de-marrakech-al-valle-de-ourika\/\">Excursi\u00f3n de un d\u00eda de Marrakech al Valle de Ourika<\/a><\/li><li><a href=\"https:\/\/moroccoeverydaytrip.com\/es\/visita-turistica-de-marrakech\/\">Visita tur\u00edstica de Marrakech<\/a><\/li><li><a href=\"https:\/\/moroccoeverydaytrip.com\/es\/excursion-de-un-dia-a-las-cascadas-de-ouzoud-desde-marrakech\/\">Excursi\u00f3n de un d\u00eda a las cascadas de Ouzoud desde Marrakech<\/a><\/li><\/ul><\/div>\n\t\t\t\t<\/div>\n\t\t\t\t\t\t\t<div class=\"elementor-toggle-item\">\n\t\t\t\t\t<div id=\"elementor-tab-title-2282\" class=\"elementor-tab-title\" data-tab=\"2\" role=\"button\" aria-controls=\"elementor-tab-content-2282\" aria-expanded=\"false\">\n\t\t\t\t\t\t\t\t\t\t\t\t<span class=\"elementor-toggle-icon elementor-toggle-icon-left\" aria-hidden=\"true\">\n\t\t\t\t\t\t\t\t\t\t\t\t\t\t\t<span class=\"elementor-toggle-icon-closed\"><i class=\"fas fa-caret-right\"><\/i><\/span>\n\t\t\t\t\t\t\t\t<span class=\"elementor-toggle-icon-opened\"><i class=\"elementor-toggle-icon-opened fas fa-caret-up\"><\/i><\/span>\n\t\t\t\t\t\t\t\t\t\t\t\t\t<\/span>\n\t\t\t\t\t\t\t\t\t\t\t\t<a class=\"elementor-toggle-title\" tabindex=\"0\">Excursi\u00f3n de un d\u00eda de Fez<\/a>\n\t\t\t\t\t<\/div>\n\n\t\t\t\t\t<div id=\"elementor-tab-content-2282\" class=\"elementor-tab-content elementor-clearfix\" data-tab=\"2\" role=\"region\" aria-labelledby=\"elementor-tab-title-2282\"><ul><li><a href=\"https:\/\/moroccoeverydaytrip.com\/es\/excursion-de-un-dia-de-fez-a-chefchaouen\/\">Excursi\u00f3n de un d\u00eda de Fez a Chefchaouen<\/a><\/li><li><a href=\"https:\/\/moroccoeverydaytrip.com\/es\/visita-turistica-de-un-dia-a-fez\/\">Visita tur\u00edstica de un d\u00eda a Fez<\/a><\/li><li><a href=\"https:\/\/moroccoeverydaytrip.com\/es\/excursion-de-un-dia-desde-fez-a-meknes-y-volubilis\/\">Excursi\u00f3n de un d\u00eda de Fez a Meknes y Volubilis<\/a><\/li><\/ul><\/div>\n\t\t\t\t<\/div>\n\t\t\t\t\t\t\t\t<\/div>\n\t\t\t\t\t\t<\/div>\n\t\t\t\t<\/div>\n\t\t\t\t\t<\/div>\n\t\t<\/div>\n\t\t\t\t\t<\/div>\n\t\t<\/section>\n\t\t\t\t<\/div>\n\t\t","protected":false},"excerpt":{"rendered":"<p>Visita tur\u00edstica de un d\u00eda a Fez Visita tur\u00edstica de un d\u00eda a Fez La visita tur\u00edstica de un d\u00eda a Fez. La singularidad de&hellip;<\/p>\n","protected":false},"author":1,"featured_media":475,"parent":0,"menu_order":0,"comment_status":"closed","ping_status":"closed","template":"","meta":{"footnotes":""},"class_list":["post-5513","page","type-page","status-publish","has-post-thumbnail","hentry"],"yoast_head":"<!-- This site is optimized with the Yoast SEO plugin v27.3 - https:\/\/yoast.com\/product\/yoast-seo-wordpress\/ -->\n<title>Visita Tur\u00edstica De Un D\u00eda a Fez | Viajes por Marruecos<\/title>\n<meta name=\"description\" content=\"Experimenta una visita tur\u00edstica de un d\u00eda a Fez, sum\u00e9rgete en su historia y cultura fascinantes. guiadas por la ciudad de Fez en Marruecos\" \/>\n<meta name=\"robots\" content=\"index, follow, max-snippet:-1, max-image-preview:large, max-video-preview:-1\" \/>\n<link rel=\"canonical\" href=\"https:\/\/moroccoeverydaytrip.com\/es\/visita-turistica-de-un-dia-a-fez\/\" \/>\n<meta property=\"og:locale\" content=\"en_US\" \/>\n<meta property=\"og:type\" content=\"article\" \/>\n<meta property=\"og:title\" content=\"Visita Tur\u00edstica De Un D\u00eda a Fez | Viajes por Marruecos\" \/>\n<meta property=\"og:description\" content=\"Experimenta una visita tur\u00edstica de un d\u00eda a Fez, sum\u00e9rgete en su historia y cultura fascinantes. guiadas por la ciudad de Fez en Marruecos\" \/>\n<meta property=\"og:url\" content=\"https:\/\/moroccoeverydaytrip.com\/es\/visita-turistica-de-un-dia-a-fez\/\" \/>\n<meta property=\"og:site_name\" content=\"Viajes por Marruecos\" \/>\n<meta property=\"article:modified_time\" content=\"2024-09-28T15:29:45+00:00\" \/>\n<meta property=\"og:image\" content=\"https:\/\/moroccoeverydaytrip.com\/es\/wp-content\/uploads\/2022\/04\/les.jpg\" \/>\n\t<meta property=\"og:image:width\" content=\"1024\" \/>\n\t<meta property=\"og:image:height\" content=\"768\" \/>\n\t<meta property=\"og:image:type\" content=\"image\/jpeg\" \/>\n<meta name=\"twitter:card\" content=\"summary_large_image\" \/>\n<meta name=\"twitter:label1\" content=\"Est. reading time\" \/>\n\t<meta name=\"twitter:data1\" content=\"3 minutes\" \/>\n<script type=\"application\/ld+json\" class=\"yoast-schema-graph\">{\"@context\":\"https:\\\/\\\/schema.org\",\"@graph\":[{\"@type\":\"WebPage\",\"@id\":\"https:\\\/\\\/moroccoeverydaytrip.com\\\/es\\\/visita-turistica-de-un-dia-a-fez\\\/\",\"url\":\"https:\\\/\\\/moroccoeverydaytrip.com\\\/es\\\/visita-turistica-de-un-dia-a-fez\\\/\",\"name\":\"Visita Tur\u00edstica De Un D\u00eda a Fez | Viajes por Marruecos\",\"isPartOf\":{\"@id\":\"https:\\\/\\\/moroccoeverydaytrip.com\\\/es\\\/#website\"},\"primaryImageOfPage\":{\"@id\":\"https:\\\/\\\/moroccoeverydaytrip.com\\\/es\\\/visita-turistica-de-un-dia-a-fez\\\/#primaryimage\"},\"image\":{\"@id\":\"https:\\\/\\\/moroccoeverydaytrip.com\\\/es\\\/visita-turistica-de-un-dia-a-fez\\\/#primaryimage\"},\"thumbnailUrl\":\"https:\\\/\\\/moroccoeverydaytrip.com\\\/es\\\/wp-content\\\/uploads\\\/2022\\\/04\\\/les.jpg\",\"datePublished\":\"2023-09-11T12:18:08+00:00\",\"dateModified\":\"2024-09-28T15:29:45+00:00\",\"description\":\"Experimenta una visita tur\u00edstica de un d\u00eda a Fez, sum\u00e9rgete en su historia y cultura fascinantes. guiadas por la ciudad de Fez en Marruecos\",\"breadcrumb\":{\"@id\":\"https:\\\/\\\/moroccoeverydaytrip.com\\\/es\\\/visita-turistica-de-un-dia-a-fez\\\/#breadcrumb\"},\"inLanguage\":\"en-US\",\"potentialAction\":[{\"@type\":\"ReadAction\",\"target\":[\"https:\\\/\\\/moroccoeverydaytrip.com\\\/es\\\/visita-turistica-de-un-dia-a-fez\\\/\"]}]},{\"@type\":\"ImageObject\",\"inLanguage\":\"en-US\",\"@id\":\"https:\\\/\\\/moroccoeverydaytrip.com\\\/es\\\/visita-turistica-de-un-dia-a-fez\\\/#primaryimage\",\"url\":\"https:\\\/\\\/moroccoeverydaytrip.com\\\/es\\\/wp-content\\\/uploads\\\/2022\\\/04\\\/les.jpg\",\"contentUrl\":\"https:\\\/\\\/moroccoeverydaytrip.com\\\/es\\\/wp-content\\\/uploads\\\/2022\\\/04\\\/les.jpg\",\"width\":1024,\"height\":768,\"caption\":\"Visita tur\u00edstica de un d\u00eda a Fez\"},{\"@type\":\"BreadcrumbList\",\"@id\":\"https:\\\/\\\/moroccoeverydaytrip.com\\\/es\\\/visita-turistica-de-un-dia-a-fez\\\/#breadcrumb\",\"itemListElement\":[{\"@type\":\"ListItem\",\"position\":1,\"name\":\"Home\",\"item\":\"https:\\\/\\\/moroccoeverydaytrip.com\\\/es\\\/\"},{\"@type\":\"ListItem\",\"position\":2,\"name\":\"Visita Tur\u00edstica De Un D\u00eda a Fez\"}]},{\"@type\":\"WebSite\",\"@id\":\"https:\\\/\\\/moroccoeverydaytrip.com\\\/es\\\/#website\",\"url\":\"https:\\\/\\\/moroccoeverydaytrip.com\\\/es\\\/\",\"name\":\"Viajes por Marruecos\",\"description\":\"Viajes por Marruecos\",\"potentialAction\":[{\"@type\":\"SearchAction\",\"target\":{\"@type\":\"EntryPoint\",\"urlTemplate\":\"https:\\\/\\\/moroccoeverydaytrip.com\\\/es\\\/?s={search_term_string}\"},\"query-input\":{\"@type\":\"PropertyValueSpecification\",\"valueRequired\":true,\"valueName\":\"search_term_string\"}}],\"inLanguage\":\"en-US\"}]}<\/script>\n<!-- \/ Yoast SEO plugin. -->","yoast_head_json":{"title":"Visita Tur\u00edstica De Un D\u00eda a Fez | Viajes por Marruecos","description":"Experimenta una visita tur\u00edstica de un d\u00eda a Fez, sum\u00e9rgete en su historia y cultura fascinantes. guiadas por la ciudad de Fez en Marruecos","robots":{"index":"index","follow":"follow","max-snippet":"max-snippet:-1","max-image-preview":"max-image-preview:large","max-video-preview":"max-video-preview:-1"},"canonical":"https:\/\/moroccoeverydaytrip.com\/es\/visita-turistica-de-un-dia-a-fez\/","og_locale":"en_US","og_type":"article","og_title":"Visita Tur\u00edstica De Un D\u00eda a Fez | Viajes por Marruecos","og_description":"Experimenta una visita tur\u00edstica de un d\u00eda a Fez, sum\u00e9rgete en su historia y cultura fascinantes. guiadas por la ciudad de Fez en Marruecos","og_url":"https:\/\/moroccoeverydaytrip.com\/es\/visita-turistica-de-un-dia-a-fez\/","og_site_name":"Viajes por Marruecos","article_modified_time":"2024-09-28T15:29:45+00:00","og_image":[{"width":1024,"height":768,"url":"https:\/\/moroccoeverydaytrip.com\/es\/wp-content\/uploads\/2022\/04\/les.jpg","type":"image\/jpeg"}],"twitter_card":"summary_large_image","twitter_misc":{"Est. reading time":"3 minutes"},"schema":{"@context":"https:\/\/schema.org","@graph":[{"@type":"WebPage","@id":"https:\/\/moroccoeverydaytrip.com\/es\/visita-turistica-de-un-dia-a-fez\/","url":"https:\/\/moroccoeverydaytrip.com\/es\/visita-turistica-de-un-dia-a-fez\/","name":"Visita Tur\u00edstica De Un D\u00eda a Fez | Viajes por Marruecos","isPartOf":{"@id":"https:\/\/moroccoeverydaytrip.com\/es\/#website"},"primaryImageOfPage":{"@id":"https:\/\/moroccoeverydaytrip.com\/es\/visita-turistica-de-un-dia-a-fez\/#primaryimage"},"image":{"@id":"https:\/\/moroccoeverydaytrip.com\/es\/visita-turistica-de-un-dia-a-fez\/#primaryimage"},"thumbnailUrl":"https:\/\/moroccoeverydaytrip.com\/es\/wp-content\/uploads\/2022\/04\/les.jpg","datePublished":"2023-09-11T12:18:08+00:00","dateModified":"2024-09-28T15:29:45+00:00","description":"Experimenta una visita tur\u00edstica de un d\u00eda a Fez, sum\u00e9rgete en su historia y cultura fascinantes. guiadas por la ciudad de Fez en Marruecos","breadcrumb":{"@id":"https:\/\/moroccoeverydaytrip.com\/es\/visita-turistica-de-un-dia-a-fez\/#breadcrumb"},"inLanguage":"en-US","potentialAction":[{"@type":"ReadAction","target":["https:\/\/moroccoeverydaytrip.com\/es\/visita-turistica-de-un-dia-a-fez\/"]}]},{"@type":"ImageObject","inLanguage":"en-US","@id":"https:\/\/moroccoeverydaytrip.com\/es\/visita-turistica-de-un-dia-a-fez\/#primaryimage","url":"https:\/\/moroccoeverydaytrip.com\/es\/wp-content\/uploads\/2022\/04\/les.jpg","contentUrl":"https:\/\/moroccoeverydaytrip.com\/es\/wp-content\/uploads\/2022\/04\/les.jpg","width":1024,"height":768,"caption":"Visita tur\u00edstica de un d\u00eda a Fez"},{"@type":"BreadcrumbList","@id":"https:\/\/moroccoeverydaytrip.com\/es\/visita-turistica-de-un-dia-a-fez\/#breadcrumb","itemListElement":[{"@type":"ListItem","position":1,"name":"Home","item":"https:\/\/moroccoeverydaytrip.com\/es\/"},{"@type":"ListItem","position":2,"name":"Visita Tur\u00edstica De Un D\u00eda a Fez"}]},{"@type":"WebSite","@id":"https:\/\/moroccoeverydaytrip.com\/es\/#website","url":"https:\/\/moroccoeverydaytrip.com\/es\/","name":"Viajes por Marruecos","description":"Viajes por Marruecos","potentialAction":[{"@type":"SearchAction","target":{"@type":"EntryPoint","urlTemplate":"https:\/\/moroccoeverydaytrip.com\/es\/?s={search_term_string}"},"query-input":{"@type":"PropertyValueSpecification","valueRequired":true,"valueName":"search_term_string"}}],"inLanguage":"en-US"}]}},"_links":{"self":[{"href":"https:\/\/moroccoeverydaytrip.com\/es\/wp-json\/wp\/v2\/pages\/5513","targetHints":{"allow":["GET"]}}],"collection":[{"href":"https:\/\/moroccoeverydaytrip.com\/es\/wp-json\/wp\/v2\/pages"}],"about":[{"href":"https:\/\/moroccoeverydaytrip.com\/es\/wp-json\/wp\/v2\/types\/page"}],"author":[{"embeddable":true,"href":"https:\/\/moroccoeverydaytrip.com\/es\/wp-json\/wp\/v2\/users\/1"}],"replies":[{"embeddable":true,"href":"https:\/\/moroccoeverydaytrip.com\/es\/wp-json\/wp\/v2\/comments?post=5513"}],"version-history":[{"count":45,"href":"https:\/\/moroccoeverydaytrip.com\/es\/wp-json\/wp\/v2\/pages\/5513\/revisions"}],"predecessor-version":[{"id":7479,"href":"https:\/\/moroccoeverydaytrip.com\/es\/wp-json\/wp\/v2\/pages\/5513\/revisions\/7479"}],"wp:featuredmedia":[{"embeddable":true,"href":"https:\/\/moroccoeverydaytrip.com\/es\/wp-json\/wp\/v2\/media\/475"}],"wp:attachment":[{"href":"https:\/\/moroccoeverydaytrip.com\/es\/wp-json\/wp\/v2\/media?parent=5513"}],"curies":[{"name":"wp","href":"https:\/\/api.w.org\/{rel}","templated":true}]}}