{"id":5507,"date":"2023-09-11T12:16:54","date_gmt":"2023-09-11T12:16:54","guid":{"rendered":"https:\/\/moroccoeverydaytrip.com\/es\/?page_id=5507"},"modified":"2024-09-28T15:23:51","modified_gmt":"2024-09-28T15:23:51","slug":"excursion-de-un-dia-de-fez-a-chefchaouen","status":"publish","type":"page","link":"https:\/\/moroccoeverydaytrip.com\/es\/excursion-de-un-dia-de-fez-a-chefchaouen\/","title":{"rendered":"Excursi\u00f3n De Un D\u00eda De Fez a Chefchaouen"},"content":{"rendered":"\t\t<div data-elementor-type=\"wp-page\" data-elementor-id=\"5507\" class=\"elementor elementor-5507\">\n\t\t\t\t\t\t<section class=\"elementor-section elementor-top-section elementor-element elementor-element-485ef5be elementor-section-height-min-height elementor-section-boxed elementor-section-height-default elementor-section-items-middle\" data-id=\"485ef5be\" data-element_type=\"section\" data-e-type=\"section\" data-settings=\"{&quot;background_background&quot;:&quot;classic&quot;}\">\n\t\t\t\t\t\t<div class=\"elementor-container elementor-column-gap-default\">\n\t\t\t\t\t<div class=\"elementor-column elementor-col-100 elementor-top-column elementor-element elementor-element-622474e8\" data-id=\"622474e8\" data-element_type=\"column\" data-e-type=\"column\">\n\t\t\t<div class=\"elementor-widget-wrap elementor-element-populated\">\n\t\t\t\t\t\t<div class=\"elementor-element elementor-element-446fd9af elementor-widget elementor-widget-heading\" data-id=\"446fd9af\" data-element_type=\"widget\" data-e-type=\"widget\" data-widget_type=\"heading.default\">\n\t\t\t\t<div class=\"elementor-widget-container\">\n\t\t\t\t\t<h1 class=\"elementor-heading-title elementor-size-default\">Excursi\u00f3n de un d\u00eda de Fez a Chefchaouen\n<\/h1>\t\t\t\t<\/div>\n\t\t\t\t<\/div>\n\t\t\t\t\t<\/div>\n\t\t<\/div>\n\t\t\t\t\t<\/div>\n\t\t<\/section>\n\t\t\t\t<section class=\"elementor-section elementor-top-section elementor-element elementor-element-7e08d864 elementor-section-boxed elementor-section-height-default elementor-section-height-default\" data-id=\"7e08d864\" data-element_type=\"section\" data-e-type=\"section\">\n\t\t\t\t\t\t<div class=\"elementor-container elementor-column-gap-default\">\n\t\t\t\t\t<div class=\"elementor-column elementor-col-100 elementor-top-column elementor-element elementor-element-65419fe2\" data-id=\"65419fe2\" data-element_type=\"column\" data-e-type=\"column\">\n\t\t\t<div class=\"elementor-widget-wrap elementor-element-populated\">\n\t\t\t\t\t\t<div class=\"elementor-element elementor-element-19b5eca elementor-widget elementor-widget-heading\" data-id=\"19b5eca\" data-element_type=\"widget\" data-e-type=\"widget\" data-widget_type=\"heading.default\">\n\t\t\t\t<div class=\"elementor-widget-container\">\n\t\t\t\t\t<h2 class=\"elementor-heading-title elementor-size-default\">Excursi\u00f3n de un d\u00eda de Fez a Chefchaouen\n<\/h2>\t\t\t\t<\/div>\n\t\t\t\t<\/div>\n\t\t\t\t<div class=\"elementor-element elementor-element-433ddc4 elementor-widget elementor-widget-text-editor\" data-id=\"433ddc4\" data-element_type=\"widget\" data-e-type=\"widget\" data-widget_type=\"text-editor.default\">\n\t\t\t\t<div class=\"elementor-widget-container\">\n\t\t\t\t\t\t\t\t\t<div data-id=\"4b4507b8\" data-element_type=\"widget\" data-widget_type=\"heading.default\"><div><p>Su Excursi\u00f3n de un d\u00eda de Fez a Chefchaouen comenzar Por la ma\u00f1ana, a las 08:00, su ch\u00f3fer le recoger\u00e1 en su alojamiento de Fez. Tras subir a su veh\u00edculo privado, se dirigir\u00e1 hacia Chefchaouen o Chauen (para abreviar). Chefchaouen est\u00e1 situada en las monta\u00f1as del Rif, cerca de T\u00e1nger, y a su llegada. Adem\u00e1s, reconocer\u00e1 f\u00e1cilmente la ciudad por sus edificios encalados de azul. Despu\u00e9s, dispondr\u00e1 de unas <a href=\"https:\/\/moroccoeverydaytrip.com\/es\/\">5 horas<\/a> para explorar las pintorescas callejuelas de la medina.<\/p><h3><strong>Explorando la Ciudad Azul de Chefchaouen<\/strong><\/h3><p>Descubra las tiendas y caf\u00e9s locales, la plaza principal conocida como Plaza Uta el-Hammam, el Museo de la Kasbah de principios del siglo XVIII, la Gran Mezquita y, quiz\u00e1s, el r\u00edo Ras Elma que atraviesa la ciudad vieja. A continuaci\u00f3n, quiz\u00e1 desee visitar el Museo Etnogr\u00e1fico, que contiene instrumentos musicales, armas antiguas y fotograf\u00edas de la ciudad vieja. Se trata de una visita privada, por lo que podr\u00e1 decidir c\u00f3mo desea pasar el tiempo. Despu\u00e9s del almuerzo (por cuenta propia), puede elegir un restaurante de la plaza, que cuenta con una maravillosa terraza para disfrutar de las vistas panor\u00e1micas de <a href=\"https:\/\/es.wikipedia.org\/wiki\/Chauen\">Chefchaouen<\/a>.<\/p><p>A \u00faltima hora de la tarde, suba a bordo de su veh\u00edculo y regrese a su punto de partida original en Fez llegando. Y fin de tu bonita excursi\u00f3n por el norte de Marruecos. Regresar\u00e1s a Fez con hermosos recuerdos y hermosas fotograf\u00edas capturadas en las magn\u00edficas calles azules de Chefchaouen. Esta aventura de un d\u00eda es lo mejor que puedes hacer desde Fez.<\/p><\/div><\/div>\t\t\t\t\t\t\t\t<\/div>\n\t\t\t\t<\/div>\n\t\t\t\t<div class=\"elementor-element elementor-element-7647d57a elementor-widget elementor-widget-heading\" data-id=\"7647d57a\" data-element_type=\"widget\" data-e-type=\"widget\" data-widget_type=\"heading.default\">\n\t\t\t\t<div class=\"elementor-widget-container\">\n\t\t\t\t\t<h4 class=\"elementor-heading-title elementor-size-default\">El viaje incluye:<\/h4>\t\t\t\t<\/div>\n\t\t\t\t<\/div>\n\t\t\t\t<div class=\"elementor-element elementor-element-33686565 elementor-icon-list--layout-traditional elementor-list-item-link-full_width elementor-widget elementor-widget-icon-list\" data-id=\"33686565\" data-element_type=\"widget\" data-e-type=\"widget\" data-widget_type=\"icon-list.default\">\n\t\t\t\t<div class=\"elementor-widget-container\">\n\t\t\t\t\t\t\t<ul class=\"elementor-icon-list-items\">\n\t\t\t\t\t\t\t<li class=\"elementor-icon-list-item\">\n\t\t\t\t\t\t\t\t\t\t\t<span class=\"elementor-icon-list-icon\">\n\t\t\t\t\t\t\t<i aria-hidden=\"true\" class=\"fas fa-check\"><\/i>\t\t\t\t\t\t<\/span>\n\t\t\t\t\t\t\t\t\t\t<span class=\"elementor-icon-list-text\">Veh\u00edculo privado con aire acondicionado, 4x4 Toyota Land Cruiser + combustible<\/span>\n\t\t\t\t\t\t\t\t\t<\/li>\n\t\t\t\t\t\t\t\t<li class=\"elementor-icon-list-item\">\n\t\t\t\t\t\t\t\t\t\t\t<span class=\"elementor-icon-list-icon\">\n\t\t\t\t\t\t\t<i aria-hidden=\"true\" class=\"fas fa-check\"><\/i>\t\t\t\t\t\t<\/span>\n\t\t\t\t\t\t\t\t\t\t<span class=\"elementor-icon-list-text\">Conductor de habla inglesa\/francesa\/espa\u00f1ola durante el tour<\/span>\n\t\t\t\t\t\t\t\t\t<\/li>\n\t\t\t\t\t\t\t\t<li class=\"elementor-icon-list-item\">\n\t\t\t\t\t\t\t\t\t\t\t<span class=\"elementor-icon-list-icon\">\n\t\t\t\t\t\t\t<i aria-hidden=\"true\" class=\"fas fa-check\"><\/i>\t\t\t\t\t\t<\/span>\n\t\t\t\t\t\t\t\t\t\t<span class=\"elementor-icon-list-text\">Recogida y regreso a su alojamiento en Fez<\/span>\n\t\t\t\t\t\t\t\t\t<\/li>\n\t\t\t\t\t\t\t\t<li class=\"elementor-icon-list-item\">\n\t\t\t\t\t\t\t\t\t\t\t<span class=\"elementor-icon-list-icon\">\n\t\t\t\t\t\t\t<i aria-hidden=\"true\" class=\"fas fa-check\"><\/i>\t\t\t\t\t\t<\/span>\n\t\t\t\t\t\t\t\t\t\t<span class=\"elementor-icon-list-text\">Tiempo libre para explorar la ciudad<\/span>\n\t\t\t\t\t\t\t\t\t<\/li>\n\t\t\t\t\t\t<\/ul>\n\t\t\t\t\t\t<\/div>\n\t\t\t\t<\/div>\n\t\t\t\t<div class=\"elementor-element elementor-element-1c4d92a2 elementor-widget elementor-widget-heading\" data-id=\"1c4d92a2\" data-element_type=\"widget\" data-e-type=\"widget\" data-widget_type=\"heading.default\">\n\t\t\t\t<div class=\"elementor-widget-container\">\n\t\t\t\t\t<h4 class=\"elementor-heading-title elementor-size-default\">El viaje no incluye:<\/h4>\t\t\t\t<\/div>\n\t\t\t\t<\/div>\n\t\t\t\t<div class=\"elementor-element elementor-element-535999c9 elementor-icon-list--layout-traditional elementor-list-item-link-full_width elementor-widget elementor-widget-icon-list\" data-id=\"535999c9\" data-element_type=\"widget\" data-e-type=\"widget\" data-widget_type=\"icon-list.default\">\n\t\t\t\t<div class=\"elementor-widget-container\">\n\t\t\t\t\t\t\t<ul class=\"elementor-icon-list-items\">\n\t\t\t\t\t\t\t<li class=\"elementor-icon-list-item\">\n\t\t\t\t\t\t\t\t\t\t\t<span class=\"elementor-icon-list-icon\">\n\t\t\t\t\t\t\t<i aria-hidden=\"true\" class=\"fas fa-times\"><\/i>\t\t\t\t\t\t<\/span>\n\t\t\t\t\t\t\t\t\t\t<span class=\"elementor-icon-list-text\">Almuerzo<\/span>\n\t\t\t\t\t\t\t\t\t<\/li>\n\t\t\t\t\t\t\t\t<li class=\"elementor-icon-list-item\">\n\t\t\t\t\t\t\t\t\t\t\t<span class=\"elementor-icon-list-icon\">\n\t\t\t\t\t\t\t<i aria-hidden=\"true\" class=\"fas fa-times\"><\/i>\t\t\t\t\t\t<\/span>\n\t\t\t\t\t\t\t\t\t\t<span class=\"elementor-icon-list-text\">Bebidas<\/span>\n\t\t\t\t\t\t\t\t\t<\/li>\n\t\t\t\t\t\t\t\t<li class=\"elementor-icon-list-item\">\n\t\t\t\t\t\t\t\t\t\t\t<span class=\"elementor-icon-list-icon\">\n\t\t\t\t\t\t\t<i aria-hidden=\"true\" class=\"fas fa-times\"><\/i>\t\t\t\t\t\t<\/span>\n\t\t\t\t\t\t\t\t\t\t<span class=\"elementor-icon-list-text\">Entradas a monumentos<\/span>\n\t\t\t\t\t\t\t\t\t<\/li>\n\t\t\t\t\t\t<\/ul>\n\t\t\t\t\t\t<\/div>\n\t\t\t\t<\/div>\n\t\t\t\t<div class=\"elementor-element elementor-element-61e04205 elementor-align-center elementor-widget elementor-widget-button\" data-id=\"61e04205\" data-element_type=\"widget\" data-e-type=\"widget\" data-widget_type=\"button.default\">\n\t\t\t\t<div class=\"elementor-widget-container\">\n\t\t\t\t\t\t\t\t\t<div class=\"elementor-button-wrapper\">\n\t\t\t\t\t<a class=\"elementor-button elementor-button-link elementor-size-sm\" href=\"https:\/\/moroccoeverydaytrip.com\/es\/contacto\">\n\t\t\t\t\t\t<span class=\"elementor-button-content-wrapper\">\n\t\t\t\t\t\t<span class=\"elementor-button-icon\">\n\t\t\t\t<i aria-hidden=\"true\" class=\"far fa-arrow-alt-circle-right\"><\/i>\t\t\t<\/span>\n\t\t\t\t\t\t\t\t\t<span class=\"elementor-button-text\">Cont\u00e1ctenos ahora<\/span>\n\t\t\t\t\t<\/span>\n\t\t\t\t\t<\/a>\n\t\t\t\t<\/div>\n\t\t\t\t\t\t\t\t<\/div>\n\t\t\t\t<\/div>\n\t\t\t\t\t<\/div>\n\t\t<\/div>\n\t\t\t\t\t<\/div>\n\t\t<\/section>\n\t\t\t\t<section class=\"elementor-section elementor-top-section elementor-element elementor-element-4b205af elementor-section-boxed elementor-section-height-default elementor-section-height-default\" data-id=\"4b205af\" data-element_type=\"section\" data-e-type=\"section\">\n\t\t\t\t\t\t<div class=\"elementor-container elementor-column-gap-default\">\n\t\t\t\t\t<div class=\"elementor-column elementor-col-100 elementor-top-column elementor-element elementor-element-aa63f30\" data-id=\"aa63f30\" data-element_type=\"column\" data-e-type=\"column\">\n\t\t\t<div class=\"elementor-widget-wrap elementor-element-populated\">\n\t\t\t\t\t\t<div class=\"elementor-element elementor-element-4f64975 elementor-widget elementor-widget-toggle\" data-id=\"4f64975\" data-element_type=\"widget\" data-e-type=\"widget\" data-widget_type=\"toggle.default\">\n\t\t\t\t<div class=\"elementor-widget-container\">\n\t\t\t\t\t\t\t<div class=\"elementor-toggle\">\n\t\t\t\t\t\t\t<div class=\"elementor-toggle-item\">\n\t\t\t\t\t<div id=\"elementor-tab-title-8321\" class=\"elementor-tab-title\" data-tab=\"1\" role=\"button\" aria-controls=\"elementor-tab-content-8321\" aria-expanded=\"false\">\n\t\t\t\t\t\t\t\t\t\t\t\t<span class=\"elementor-toggle-icon elementor-toggle-icon-left\" aria-hidden=\"true\">\n\t\t\t\t\t\t\t\t\t\t\t\t\t\t\t<span class=\"elementor-toggle-icon-closed\"><i class=\"fas fa-caret-right\"><\/i><\/span>\n\t\t\t\t\t\t\t\t<span class=\"elementor-toggle-icon-opened\"><i class=\"elementor-toggle-icon-opened fas fa-caret-up\"><\/i><\/span>\n\t\t\t\t\t\t\t\t\t\t\t\t\t<\/span>\n\t\t\t\t\t\t\t\t\t\t\t\t<a class=\"elementor-toggle-title\" tabindex=\"0\">Excursi\u00f3n de un d\u00eda de Marrakech<\/a>\n\t\t\t\t\t<\/div>\n\n\t\t\t\t\t<div id=\"elementor-tab-content-8321\" class=\"elementor-tab-content elementor-clearfix\" data-tab=\"1\" role=\"region\" aria-labelledby=\"elementor-tab-title-8321\"><ul><li><a href=\"https:\/\/moroccoeverydaytrip.com\/es\/excursion-de-un-dia-de-marrakech-a-essaouira\/\">Excursi\u00f3n de un d\u00eda de Marrakech a Essaouira<\/a><\/li><li><a href=\"https:\/\/moroccoeverydaytrip.com\/es\/excursion-de-un-dia-a-la-kasbah-ait-ben-haddou-desde-marrakech\/\">Excursi\u00f3n de un d\u00eda desde Marrakech a Ben Haddou<\/a><\/li><li><a href=\"https:\/\/moroccoeverydaytrip.com\/es\/excursion-de-un-dia-de-marrakech-al-valle-de-ourika\/\">Excursi\u00f3n de un d\u00eda de Marrakech al Valle de Ourika<\/a><\/li><li><a href=\"https:\/\/moroccoeverydaytrip.com\/es\/visita-turistica-de-marrakech\/\">Visita tur\u00edstica de Marrakech<\/a><\/li><li><a href=\"https:\/\/moroccoeverydaytrip.com\/es\/excursion-de-un-dia-a-las-cascadas-de-ouzoud-desde-marrakech\/\">Excursi\u00f3n de un d\u00eda a las cascadas de Ouzoud desde Marrakech<\/a><\/li><\/ul><\/div>\n\t\t\t\t<\/div>\n\t\t\t\t\t\t\t<div class=\"elementor-toggle-item\">\n\t\t\t\t\t<div id=\"elementor-tab-title-8322\" class=\"elementor-tab-title\" data-tab=\"2\" role=\"button\" aria-controls=\"elementor-tab-content-8322\" aria-expanded=\"false\">\n\t\t\t\t\t\t\t\t\t\t\t\t<span class=\"elementor-toggle-icon elementor-toggle-icon-left\" aria-hidden=\"true\">\n\t\t\t\t\t\t\t\t\t\t\t\t\t\t\t<span class=\"elementor-toggle-icon-closed\"><i class=\"fas fa-caret-right\"><\/i><\/span>\n\t\t\t\t\t\t\t\t<span class=\"elementor-toggle-icon-opened\"><i class=\"elementor-toggle-icon-opened fas fa-caret-up\"><\/i><\/span>\n\t\t\t\t\t\t\t\t\t\t\t\t\t<\/span>\n\t\t\t\t\t\t\t\t\t\t\t\t<a class=\"elementor-toggle-title\" tabindex=\"0\">Excursi\u00f3n de un d\u00eda de Fez<\/a>\n\t\t\t\t\t<\/div>\n\n\t\t\t\t\t<div id=\"elementor-tab-content-8322\" class=\"elementor-tab-content elementor-clearfix\" data-tab=\"2\" role=\"region\" aria-labelledby=\"elementor-tab-title-8322\"><ul><li><a href=\"https:\/\/moroccoeverydaytrip.com\/es\/excursion-de-un-dia-de-fez-a-chefchaouen\/\">Excursi\u00f3n de un d\u00eda de Fez a Chefchaouen<\/a><\/li><li><a href=\"https:\/\/moroccoeverydaytrip.com\/es\/visita-turistica-de-un-dia-a-fez\/\">Visita tur\u00edstica de un d\u00eda a Fez<\/a><\/li><li><a href=\"https:\/\/moroccoeverydaytrip.com\/es\/excursion-de-un-dia-desde-fez-a-meknes-y-volubilis\/\">Excursi\u00f3n de un d\u00eda de Fez a Meknes y Volubilis<\/a><\/li><\/ul><\/div>\n\t\t\t\t<\/div>\n\t\t\t\t\t\t\t\t<\/div>\n\t\t\t\t\t\t<\/div>\n\t\t\t\t<\/div>\n\t\t\t\t\t<\/div>\n\t\t<\/div>\n\t\t\t\t\t<\/div>\n\t\t<\/section>\n\t\t\t\t<\/div>\n\t\t","protected":false},"excerpt":{"rendered":"<p>Excursi\u00f3n de un d\u00eda de Fez a Chefchaouen Excursi\u00f3n de un d\u00eda de Fez a Chefchaouen Su Excursi\u00f3n de un d\u00eda de Fez a Chefchaouen&hellip;<\/p>\n","protected":false},"author":1,"featured_media":1175,"parent":0,"menu_order":0,"comment_status":"closed","ping_status":"closed","template":"","meta":{"footnotes":""},"class_list":["post-5507","page","type-page","status-publish","has-post-thumbnail","hentry"],"yoast_head":"<!-- This site is optimized with the Yoast SEO plugin v27.3 - https:\/\/yoast.com\/product\/yoast-seo-wordpress\/ -->\n<title>Excursi\u00f3n De Un D\u00eda De Fez a Chefchaouen | Viajes por Marruecos<\/title>\n<meta name=\"description\" content=\"Explora la m\u00e1gica Excursi\u00f3n de un d\u00eda de Fez a Chefchaouen, con sus encantadoras calles azules y cultura \u00fanica...\" \/>\n<meta name=\"robots\" content=\"index, follow, max-snippet:-1, max-image-preview:large, max-video-preview:-1\" \/>\n<link rel=\"canonical\" href=\"https:\/\/moroccoeverydaytrip.com\/es\/excursion-de-un-dia-de-fez-a-chefchaouen\/\" \/>\n<meta property=\"og:locale\" content=\"en_US\" \/>\n<meta property=\"og:type\" content=\"article\" \/>\n<meta property=\"og:title\" content=\"Excursi\u00f3n De Un D\u00eda De Fez a Chefchaouen | Viajes por Marruecos\" \/>\n<meta property=\"og:description\" content=\"Explora la m\u00e1gica Excursi\u00f3n de un d\u00eda de Fez a Chefchaouen, con sus encantadoras calles azules y cultura \u00fanica...\" \/>\n<meta property=\"og:url\" content=\"https:\/\/moroccoeverydaytrip.com\/es\/excursion-de-un-dia-de-fez-a-chefchaouen\/\" \/>\n<meta property=\"og:site_name\" content=\"Viajes por Marruecos\" \/>\n<meta property=\"article:modified_time\" content=\"2024-09-28T15:23:51+00:00\" \/>\n<meta property=\"og:image\" content=\"https:\/\/moroccoeverydaytrip.com\/es\/wp-content\/uploads\/2022\/04\/chefchaouen.jpg\" \/>\n\t<meta property=\"og:image:width\" content=\"550\" \/>\n\t<meta property=\"og:image:height\" content=\"413\" \/>\n\t<meta property=\"og:image:type\" content=\"image\/jpeg\" \/>\n<meta name=\"twitter:card\" content=\"summary_large_image\" \/>\n<meta name=\"twitter:label1\" content=\"Est. reading time\" \/>\n\t<meta name=\"twitter:data1\" content=\"2 minutes\" \/>\n<script type=\"application\/ld+json\" class=\"yoast-schema-graph\">{\"@context\":\"https:\\\/\\\/schema.org\",\"@graph\":[{\"@type\":\"WebPage\",\"@id\":\"https:\\\/\\\/moroccoeverydaytrip.com\\\/es\\\/excursion-de-un-dia-de-fez-a-chefchaouen\\\/\",\"url\":\"https:\\\/\\\/moroccoeverydaytrip.com\\\/es\\\/excursion-de-un-dia-de-fez-a-chefchaouen\\\/\",\"name\":\"Excursi\u00f3n De Un D\u00eda De Fez a Chefchaouen | Viajes por Marruecos\",\"isPartOf\":{\"@id\":\"https:\\\/\\\/moroccoeverydaytrip.com\\\/es\\\/#website\"},\"primaryImageOfPage\":{\"@id\":\"https:\\\/\\\/moroccoeverydaytrip.com\\\/es\\\/excursion-de-un-dia-de-fez-a-chefchaouen\\\/#primaryimage\"},\"image\":{\"@id\":\"https:\\\/\\\/moroccoeverydaytrip.com\\\/es\\\/excursion-de-un-dia-de-fez-a-chefchaouen\\\/#primaryimage\"},\"thumbnailUrl\":\"https:\\\/\\\/moroccoeverydaytrip.com\\\/es\\\/wp-content\\\/uploads\\\/2022\\\/04\\\/chefchaouen.jpg\",\"datePublished\":\"2023-09-11T12:16:54+00:00\",\"dateModified\":\"2024-09-28T15:23:51+00:00\",\"description\":\"Explora la m\u00e1gica Excursi\u00f3n de un d\u00eda de Fez a Chefchaouen, con sus encantadoras calles azules y cultura \u00fanica...\",\"breadcrumb\":{\"@id\":\"https:\\\/\\\/moroccoeverydaytrip.com\\\/es\\\/excursion-de-un-dia-de-fez-a-chefchaouen\\\/#breadcrumb\"},\"inLanguage\":\"en-US\",\"potentialAction\":[{\"@type\":\"ReadAction\",\"target\":[\"https:\\\/\\\/moroccoeverydaytrip.com\\\/es\\\/excursion-de-un-dia-de-fez-a-chefchaouen\\\/\"]}]},{\"@type\":\"ImageObject\",\"inLanguage\":\"en-US\",\"@id\":\"https:\\\/\\\/moroccoeverydaytrip.com\\\/es\\\/excursion-de-un-dia-de-fez-a-chefchaouen\\\/#primaryimage\",\"url\":\"https:\\\/\\\/moroccoeverydaytrip.com\\\/es\\\/wp-content\\\/uploads\\\/2022\\\/04\\\/chefchaouen.jpg\",\"contentUrl\":\"https:\\\/\\\/moroccoeverydaytrip.com\\\/es\\\/wp-content\\\/uploads\\\/2022\\\/04\\\/chefchaouen.jpg\",\"width\":550,\"height\":413,\"caption\":\"Excursi\u00f3n de un d\u00eda de Fez a Chefchaouen\"},{\"@type\":\"BreadcrumbList\",\"@id\":\"https:\\\/\\\/moroccoeverydaytrip.com\\\/es\\\/excursion-de-un-dia-de-fez-a-chefchaouen\\\/#breadcrumb\",\"itemListElement\":[{\"@type\":\"ListItem\",\"position\":1,\"name\":\"Home\",\"item\":\"https:\\\/\\\/moroccoeverydaytrip.com\\\/es\\\/\"},{\"@type\":\"ListItem\",\"position\":2,\"name\":\"Excursi\u00f3n De Un D\u00eda De Fez a Chefchaouen\"}]},{\"@type\":\"WebSite\",\"@id\":\"https:\\\/\\\/moroccoeverydaytrip.com\\\/es\\\/#website\",\"url\":\"https:\\\/\\\/moroccoeverydaytrip.com\\\/es\\\/\",\"name\":\"Viajes por Marruecos\",\"description\":\"Viajes por Marruecos\",\"potentialAction\":[{\"@type\":\"SearchAction\",\"target\":{\"@type\":\"EntryPoint\",\"urlTemplate\":\"https:\\\/\\\/moroccoeverydaytrip.com\\\/es\\\/?s={search_term_string}\"},\"query-input\":{\"@type\":\"PropertyValueSpecification\",\"valueRequired\":true,\"valueName\":\"search_term_string\"}}],\"inLanguage\":\"en-US\"}]}<\/script>\n<!-- \/ Yoast SEO plugin. -->","yoast_head_json":{"title":"Excursi\u00f3n De Un D\u00eda De Fez a Chefchaouen | Viajes por Marruecos","description":"Explora la m\u00e1gica Excursi\u00f3n de un d\u00eda de Fez a Chefchaouen, con sus encantadoras calles azules y cultura \u00fanica...","robots":{"index":"index","follow":"follow","max-snippet":"max-snippet:-1","max-image-preview":"max-image-preview:large","max-video-preview":"max-video-preview:-1"},"canonical":"https:\/\/moroccoeverydaytrip.com\/es\/excursion-de-un-dia-de-fez-a-chefchaouen\/","og_locale":"en_US","og_type":"article","og_title":"Excursi\u00f3n De Un D\u00eda De Fez a Chefchaouen | Viajes por Marruecos","og_description":"Explora la m\u00e1gica Excursi\u00f3n de un d\u00eda de Fez a Chefchaouen, con sus encantadoras calles azules y cultura \u00fanica...","og_url":"https:\/\/moroccoeverydaytrip.com\/es\/excursion-de-un-dia-de-fez-a-chefchaouen\/","og_site_name":"Viajes por Marruecos","article_modified_time":"2024-09-28T15:23:51+00:00","og_image":[{"width":550,"height":413,"url":"https:\/\/moroccoeverydaytrip.com\/es\/wp-content\/uploads\/2022\/04\/chefchaouen.jpg","type":"image\/jpeg"}],"twitter_card":"summary_large_image","twitter_misc":{"Est. reading time":"2 minutes"},"schema":{"@context":"https:\/\/schema.org","@graph":[{"@type":"WebPage","@id":"https:\/\/moroccoeverydaytrip.com\/es\/excursion-de-un-dia-de-fez-a-chefchaouen\/","url":"https:\/\/moroccoeverydaytrip.com\/es\/excursion-de-un-dia-de-fez-a-chefchaouen\/","name":"Excursi\u00f3n De Un D\u00eda De Fez a Chefchaouen | Viajes por Marruecos","isPartOf":{"@id":"https:\/\/moroccoeverydaytrip.com\/es\/#website"},"primaryImageOfPage":{"@id":"https:\/\/moroccoeverydaytrip.com\/es\/excursion-de-un-dia-de-fez-a-chefchaouen\/#primaryimage"},"image":{"@id":"https:\/\/moroccoeverydaytrip.com\/es\/excursion-de-un-dia-de-fez-a-chefchaouen\/#primaryimage"},"thumbnailUrl":"https:\/\/moroccoeverydaytrip.com\/es\/wp-content\/uploads\/2022\/04\/chefchaouen.jpg","datePublished":"2023-09-11T12:16:54+00:00","dateModified":"2024-09-28T15:23:51+00:00","description":"Explora la m\u00e1gica Excursi\u00f3n de un d\u00eda de Fez a Chefchaouen, con sus encantadoras calles azules y cultura \u00fanica...","breadcrumb":{"@id":"https:\/\/moroccoeverydaytrip.com\/es\/excursion-de-un-dia-de-fez-a-chefchaouen\/#breadcrumb"},"inLanguage":"en-US","potentialAction":[{"@type":"ReadAction","target":["https:\/\/moroccoeverydaytrip.com\/es\/excursion-de-un-dia-de-fez-a-chefchaouen\/"]}]},{"@type":"ImageObject","inLanguage":"en-US","@id":"https:\/\/moroccoeverydaytrip.com\/es\/excursion-de-un-dia-de-fez-a-chefchaouen\/#primaryimage","url":"https:\/\/moroccoeverydaytrip.com\/es\/wp-content\/uploads\/2022\/04\/chefchaouen.jpg","contentUrl":"https:\/\/moroccoeverydaytrip.com\/es\/wp-content\/uploads\/2022\/04\/chefchaouen.jpg","width":550,"height":413,"caption":"Excursi\u00f3n de un d\u00eda de Fez a Chefchaouen"},{"@type":"BreadcrumbList","@id":"https:\/\/moroccoeverydaytrip.com\/es\/excursion-de-un-dia-de-fez-a-chefchaouen\/#breadcrumb","itemListElement":[{"@type":"ListItem","position":1,"name":"Home","item":"https:\/\/moroccoeverydaytrip.com\/es\/"},{"@type":"ListItem","position":2,"name":"Excursi\u00f3n De Un D\u00eda De Fez a Chefchaouen"}]},{"@type":"WebSite","@id":"https:\/\/moroccoeverydaytrip.com\/es\/#website","url":"https:\/\/moroccoeverydaytrip.com\/es\/","name":"Viajes por Marruecos","description":"Viajes por Marruecos","potentialAction":[{"@type":"SearchAction","target":{"@type":"EntryPoint","urlTemplate":"https:\/\/moroccoeverydaytrip.com\/es\/?s={search_term_string}"},"query-input":{"@type":"PropertyValueSpecification","valueRequired":true,"valueName":"search_term_string"}}],"inLanguage":"en-US"}]}},"_links":{"self":[{"href":"https:\/\/moroccoeverydaytrip.com\/es\/wp-json\/wp\/v2\/pages\/5507","targetHints":{"allow":["GET"]}}],"collection":[{"href":"https:\/\/moroccoeverydaytrip.com\/es\/wp-json\/wp\/v2\/pages"}],"about":[{"href":"https:\/\/moroccoeverydaytrip.com\/es\/wp-json\/wp\/v2\/types\/page"}],"author":[{"embeddable":true,"href":"https:\/\/moroccoeverydaytrip.com\/es\/wp-json\/wp\/v2\/users\/1"}],"replies":[{"embeddable":true,"href":"https:\/\/moroccoeverydaytrip.com\/es\/wp-json\/wp\/v2\/comments?post=5507"}],"version-history":[{"count":42,"href":"https:\/\/moroccoeverydaytrip.com\/es\/wp-json\/wp\/v2\/pages\/5507\/revisions"}],"predecessor-version":[{"id":7420,"href":"https:\/\/moroccoeverydaytrip.com\/es\/wp-json\/wp\/v2\/pages\/5507\/revisions\/7420"}],"wp:featuredmedia":[{"embeddable":true,"href":"https:\/\/moroccoeverydaytrip.com\/es\/wp-json\/wp\/v2\/media\/1175"}],"wp:attachment":[{"href":"https:\/\/moroccoeverydaytrip.com\/es\/wp-json\/wp\/v2\/media?parent=5507"}],"curies":[{"name":"wp","href":"https:\/\/api.w.org\/{rel}","templated":true}]}}