{"id":5482,"date":"2023-09-11T12:10:45","date_gmt":"2023-09-11T12:10:45","guid":{"rendered":"https:\/\/moroccoeverydaytrip.com\/es\/?page_id=5482"},"modified":"2024-11-20T13:56:55","modified_gmt":"2024-11-20T13:56:55","slug":"excursion-de-un-dia-a-la-kasbah-ait-ben-haddou-desde-marrakech","status":"publish","type":"page","link":"https:\/\/moroccoeverydaytrip.com\/es\/excursion-de-un-dia-a-la-kasbah-ait-ben-haddou-desde-marrakech\/","title":{"rendered":"Excursi\u00f3n de Un D\u00eda desde Marrakech a Ait Ben Haddou"},"content":{"rendered":"\t\t<div data-elementor-type=\"wp-page\" data-elementor-id=\"5482\" class=\"elementor elementor-5482\">\n\t\t\t\t\t\t<section class=\"elementor-section elementor-top-section elementor-element elementor-element-eab6f05 elementor-section-height-min-height elementor-section-boxed elementor-section-height-default elementor-section-items-middle\" data-id=\"eab6f05\" data-element_type=\"section\" data-e-type=\"section\" data-settings=\"{&quot;background_background&quot;:&quot;classic&quot;}\">\n\t\t\t\t\t\t<div class=\"elementor-container elementor-column-gap-default\">\n\t\t\t\t\t<div class=\"elementor-column elementor-col-100 elementor-top-column elementor-element elementor-element-1c8dee0b\" data-id=\"1c8dee0b\" data-element_type=\"column\" data-e-type=\"column\">\n\t\t\t<div class=\"elementor-widget-wrap elementor-element-populated\">\n\t\t\t\t\t\t<div class=\"elementor-element elementor-element-44e17842 elementor-widget elementor-widget-heading\" data-id=\"44e17842\" data-element_type=\"widget\" data-e-type=\"widget\" data-widget_type=\"heading.default\">\n\t\t\t\t<div class=\"elementor-widget-container\">\n\t\t\t\t\t<h1 class=\"elementor-heading-title elementor-size-default\">Excursi\u00f3n de un d\u00eda desde Marrakech a Ait Ben Haddou<\/h1>\t\t\t\t<\/div>\n\t\t\t\t<\/div>\n\t\t\t\t\t<\/div>\n\t\t<\/div>\n\t\t\t\t\t<\/div>\n\t\t<\/section>\n\t\t\t\t<section class=\"elementor-section elementor-top-section elementor-element elementor-element-31bbcf48 elementor-section-boxed elementor-section-height-default elementor-section-height-default\" data-id=\"31bbcf48\" data-element_type=\"section\" data-e-type=\"section\">\n\t\t\t\t\t\t<div class=\"elementor-container elementor-column-gap-default\">\n\t\t\t\t\t<div class=\"elementor-column elementor-col-100 elementor-top-column elementor-element elementor-element-34842ca4\" data-id=\"34842ca4\" data-element_type=\"column\" data-e-type=\"column\">\n\t\t\t<div class=\"elementor-widget-wrap elementor-element-populated\">\n\t\t\t\t\t\t<div class=\"elementor-element elementor-element-4fef238 elementor-widget elementor-widget-heading\" data-id=\"4fef238\" data-element_type=\"widget\" data-e-type=\"widget\" data-widget_type=\"heading.default\">\n\t\t\t\t<div class=\"elementor-widget-container\">\n\t\t\t\t\t<h2 class=\"elementor-heading-title elementor-size-default\">Excursi\u00f3n de un d\u00eda desde Marrakech a Ait Ben Haddou<\/h2>\t\t\t\t<\/div>\n\t\t\t\t<\/div>\n\t\t\t\t<div class=\"elementor-element elementor-element-68765a21 elementor-widget elementor-widget-text-editor\" data-id=\"68765a21\" data-element_type=\"widget\" data-e-type=\"widget\" data-widget_type=\"text-editor.default\">\n\t\t\t\t<div class=\"elementor-widget-container\">\n\t\t\t\t\t\t\t\t\t<div class=\"elementor-element elementor-element-4b4507b8 elementor-widget elementor-widget-heading\" data-id=\"4b4507b8\" data-element_type=\"widget\" data-widget_type=\"heading.default\"><div class=\"elementor-widget-container\"><div class=\"elementor-element elementor-element-4b4507b8 elementor-widget elementor-widget-heading\" data-id=\"4b4507b8\" data-element_type=\"widget\" data-widget_type=\"heading.default\"><div class=\"elementor-widget-container\"><p>Su excursi\u00f3n de un d\u00eda desde Marrakech a Ben Haddou es la Kasbah mejor conservada y m\u00e1s bella de <a href=\"https:\/\/moroccoeverydaytrip.com\/es\/\">Marruecos<\/a>. Adem\u00e1s, es m\u00e1s bien una colecci\u00f3n de peque\u00f1as Kasbahs. La Kasbah de Ait Ben Haddou es patrimonio mundial de la UNESCO. Se trata de un pueblo fortificado del siglo XIV situado en lo alto de una colina. En la antigua ruta de caravanas entre Marrakech y el S\u00e1hara. Adem\u00e1s, la Kasbah de Ait Ben Haddou ha aparecido en innumerables pel\u00edculas. Y todo un pueblo ha crecido alrededor de esta hermosa estructura.<\/p><h3><strong>Comenzando la Excursi\u00f3n a las Kasbahs de Ait Benhaddou<\/strong><\/h3><p>Comenzaremos nuestra excursi\u00f3n de un d\u00eda a las Kasbahs de Ait Benhaddou. A las 09:00 desde <a href=\"https:\/\/es.wikipedia.org\/wiki\/Marrakech\">Marrakech<\/a> para atravesar el canal del Alto Atlas. Por la carretera del paso de Tizi N&#8217;Tichka. La carretera que pasa por la monta\u00f1a m\u00e1s alta del norte de \u00c1frica. Esta excursi\u00f3n de un d\u00eda nos permitir\u00e1 ver las cumbres de la cadena. Y hermosos pueblos bereberes tradicionales a lo largo de la carretera. A continuaci\u00f3n, llegaremos al Ksar fortificado de Ait Ben Haddou (Patrimonio de la Humanidad) para visitar y descubrir el encanto de sus hermosas Kasbahs. Es un lugar atmosf\u00e9rico y la Kasbah luce preciosa, sobre todo al amanecer o al atardecer y al anochecer.<\/p><p>Aqu\u00ed podr\u00e1 subir a las ruinas del granero fortificado con impresionantes vistas del paisaje circundante y dar un corto paseo por el r\u00edo y el pueblo. Despu\u00e9s, continuamos hacia Ouarzazate la puerta del desierto y el centro del Turismo del desierto del Sahara en el sur, visitaremos la Kasbah Taourirt y su espectacular edificio que le ofrece la oportunidad de ver el interior de una verdadera Kasbah antigua y ver la arquitectura marroqu\u00ed. La entrada cuesta 2 euros o 20 dirhams por persona. Por la tarde regresaremos a Marrakech.<\/p><\/div><\/div><\/div><\/div>\t\t\t\t\t\t\t\t<\/div>\n\t\t\t\t<\/div>\n\t\t\t\t<div class=\"elementor-element elementor-element-59e7c3cb elementor-widget elementor-widget-heading\" data-id=\"59e7c3cb\" data-element_type=\"widget\" data-e-type=\"widget\" data-widget_type=\"heading.default\">\n\t\t\t\t<div class=\"elementor-widget-container\">\n\t\t\t\t\t<h4 class=\"elementor-heading-title elementor-size-default\">El viaje incluye:<\/h4>\t\t\t\t<\/div>\n\t\t\t\t<\/div>\n\t\t\t\t<div class=\"elementor-element elementor-element-17fbffce elementor-icon-list--layout-traditional elementor-list-item-link-full_width elementor-widget elementor-widget-icon-list\" data-id=\"17fbffce\" data-element_type=\"widget\" data-e-type=\"widget\" data-widget_type=\"icon-list.default\">\n\t\t\t\t<div class=\"elementor-widget-container\">\n\t\t\t\t\t\t\t<ul class=\"elementor-icon-list-items\">\n\t\t\t\t\t\t\t<li class=\"elementor-icon-list-item\">\n\t\t\t\t\t\t\t\t\t\t\t<span class=\"elementor-icon-list-icon\">\n\t\t\t\t\t\t\t<i aria-hidden=\"true\" class=\"fas fa-check\"><\/i>\t\t\t\t\t\t<\/span>\n\t\t\t\t\t\t\t\t\t\t<span class=\"elementor-icon-list-text\">Veh\u00edculo privado con aire acondicionado, 4x4 Toyota Land Cruiser + combustible<\/span>\n\t\t\t\t\t\t\t\t\t<\/li>\n\t\t\t\t\t\t\t\t<li class=\"elementor-icon-list-item\">\n\t\t\t\t\t\t\t\t\t\t\t<span class=\"elementor-icon-list-icon\">\n\t\t\t\t\t\t\t<i aria-hidden=\"true\" class=\"fas fa-check\"><\/i>\t\t\t\t\t\t<\/span>\n\t\t\t\t\t\t\t\t\t\t<span class=\"elementor-icon-list-text\">Conductor de habla inglesa\/francesa\/espa\u00f1ola durante el tour<\/span>\n\t\t\t\t\t\t\t\t\t<\/li>\n\t\t\t\t\t\t\t\t<li class=\"elementor-icon-list-item\">\n\t\t\t\t\t\t\t\t\t\t\t<span class=\"elementor-icon-list-icon\">\n\t\t\t\t\t\t\t<i aria-hidden=\"true\" class=\"fas fa-check\"><\/i>\t\t\t\t\t\t<\/span>\n\t\t\t\t\t\t\t\t\t\t<span class=\"elementor-icon-list-text\">Recogida y regreso a su alojamiento en Marrakech<\/span>\n\t\t\t\t\t\t\t\t\t<\/li>\n\t\t\t\t\t\t\t\t<li class=\"elementor-icon-list-item\">\n\t\t\t\t\t\t\t\t\t\t\t<span class=\"elementor-icon-list-icon\">\n\t\t\t\t\t\t\t<i aria-hidden=\"true\" class=\"fas fa-check\"><\/i>\t\t\t\t\t\t<\/span>\n\t\t\t\t\t\t\t\t\t\t<span class=\"elementor-icon-list-text\">Tiempo libre para explorar la ciudad<\/span>\n\t\t\t\t\t\t\t\t\t<\/li>\n\t\t\t\t\t\t<\/ul>\n\t\t\t\t\t\t<\/div>\n\t\t\t\t<\/div>\n\t\t\t\t<div class=\"elementor-element elementor-element-5024249d elementor-widget elementor-widget-heading\" data-id=\"5024249d\" data-element_type=\"widget\" data-e-type=\"widget\" data-widget_type=\"heading.default\">\n\t\t\t\t<div class=\"elementor-widget-container\">\n\t\t\t\t\t<h4 class=\"elementor-heading-title elementor-size-default\">El viaje no incluye:<\/h4>\t\t\t\t<\/div>\n\t\t\t\t<\/div>\n\t\t\t\t<div class=\"elementor-element elementor-element-cc628ab elementor-icon-list--layout-traditional elementor-list-item-link-full_width elementor-widget elementor-widget-icon-list\" data-id=\"cc628ab\" data-element_type=\"widget\" data-e-type=\"widget\" data-widget_type=\"icon-list.default\">\n\t\t\t\t<div class=\"elementor-widget-container\">\n\t\t\t\t\t\t\t<ul class=\"elementor-icon-list-items\">\n\t\t\t\t\t\t\t<li class=\"elementor-icon-list-item\">\n\t\t\t\t\t\t\t\t\t\t\t<span class=\"elementor-icon-list-icon\">\n\t\t\t\t\t\t\t<i aria-hidden=\"true\" class=\"fas fa-times\"><\/i>\t\t\t\t\t\t<\/span>\n\t\t\t\t\t\t\t\t\t\t<span class=\"elementor-icon-list-text\">Almuerzo<\/span>\n\t\t\t\t\t\t\t\t\t<\/li>\n\t\t\t\t\t\t\t\t<li class=\"elementor-icon-list-item\">\n\t\t\t\t\t\t\t\t\t\t\t<span class=\"elementor-icon-list-icon\">\n\t\t\t\t\t\t\t<i aria-hidden=\"true\" class=\"fas fa-times\"><\/i>\t\t\t\t\t\t<\/span>\n\t\t\t\t\t\t\t\t\t\t<span class=\"elementor-icon-list-text\">Bebidas<\/span>\n\t\t\t\t\t\t\t\t\t<\/li>\n\t\t\t\t\t\t\t\t<li class=\"elementor-icon-list-item\">\n\t\t\t\t\t\t\t\t\t\t\t<span class=\"elementor-icon-list-icon\">\n\t\t\t\t\t\t\t<i aria-hidden=\"true\" class=\"fas fa-times\"><\/i>\t\t\t\t\t\t<\/span>\n\t\t\t\t\t\t\t\t\t\t<span class=\"elementor-icon-list-text\">Entradas a monumentos<\/span>\n\t\t\t\t\t\t\t\t\t<\/li>\n\t\t\t\t\t\t<\/ul>\n\t\t\t\t\t\t<\/div>\n\t\t\t\t<\/div>\n\t\t\t\t<div class=\"elementor-element elementor-element-69c266f3 elementor-align-center elementor-widget elementor-widget-button\" data-id=\"69c266f3\" data-element_type=\"widget\" data-e-type=\"widget\" data-widget_type=\"button.default\">\n\t\t\t\t<div class=\"elementor-widget-container\">\n\t\t\t\t\t\t\t\t\t<div class=\"elementor-button-wrapper\">\n\t\t\t\t\t<a class=\"elementor-button elementor-button-link elementor-size-sm\" href=\"https:\/\/moroccoeverydaytrip.com\/es\/contacto\">\n\t\t\t\t\t\t<span class=\"elementor-button-content-wrapper\">\n\t\t\t\t\t\t<span class=\"elementor-button-icon\">\n\t\t\t\t<i aria-hidden=\"true\" class=\"far fa-arrow-alt-circle-right\"><\/i>\t\t\t<\/span>\n\t\t\t\t\t\t\t\t\t<span class=\"elementor-button-text\">Cont\u00e1ctenos ahora<\/span>\n\t\t\t\t\t<\/span>\n\t\t\t\t\t<\/a>\n\t\t\t\t<\/div>\n\t\t\t\t\t\t\t\t<\/div>\n\t\t\t\t<\/div>\n\t\t\t\t\t<\/div>\n\t\t<\/div>\n\t\t\t\t\t<\/div>\n\t\t<\/section>\n\t\t\t\t<section class=\"elementor-section elementor-top-section elementor-element elementor-element-ef67c7f elementor-section-boxed elementor-section-height-default elementor-section-height-default\" data-id=\"ef67c7f\" data-element_type=\"section\" data-e-type=\"section\">\n\t\t\t\t\t\t<div class=\"elementor-container elementor-column-gap-default\">\n\t\t\t\t\t<div class=\"elementor-column elementor-col-100 elementor-top-column elementor-element elementor-element-5a85b6d\" data-id=\"5a85b6d\" data-element_type=\"column\" data-e-type=\"column\">\n\t\t\t<div class=\"elementor-widget-wrap elementor-element-populated\">\n\t\t\t\t\t\t<div class=\"elementor-element elementor-element-82660c6 elementor-widget elementor-widget-toggle\" data-id=\"82660c6\" data-element_type=\"widget\" data-e-type=\"widget\" data-widget_type=\"toggle.default\">\n\t\t\t\t<div class=\"elementor-widget-container\">\n\t\t\t\t\t\t\t<div class=\"elementor-toggle\">\n\t\t\t\t\t\t\t<div class=\"elementor-toggle-item\">\n\t\t\t\t\t<div id=\"elementor-tab-title-1361\" class=\"elementor-tab-title\" data-tab=\"1\" role=\"button\" aria-controls=\"elementor-tab-content-1361\" aria-expanded=\"false\">\n\t\t\t\t\t\t\t\t\t\t\t\t<span class=\"elementor-toggle-icon elementor-toggle-icon-left\" aria-hidden=\"true\">\n\t\t\t\t\t\t\t\t\t\t\t\t\t\t\t<span class=\"elementor-toggle-icon-closed\"><i class=\"fas fa-caret-right\"><\/i><\/span>\n\t\t\t\t\t\t\t\t<span class=\"elementor-toggle-icon-opened\"><i class=\"elementor-toggle-icon-opened fas fa-caret-up\"><\/i><\/span>\n\t\t\t\t\t\t\t\t\t\t\t\t\t<\/span>\n\t\t\t\t\t\t\t\t\t\t\t\t<a class=\"elementor-toggle-title\" tabindex=\"0\">Excursi\u00f3n de un d\u00eda de Marrakech<\/a>\n\t\t\t\t\t<\/div>\n\n\t\t\t\t\t<div id=\"elementor-tab-content-1361\" class=\"elementor-tab-content elementor-clearfix\" data-tab=\"1\" role=\"region\" aria-labelledby=\"elementor-tab-title-1361\"><ul><li><a href=\"https:\/\/moroccoeverydaytrip.com\/es\/excursion-de-un-dia-de-marrakech-a-essaouira\/\">Excursi\u00f3n de un d\u00eda de Marrakech a Essaouira<\/a><\/li><li><a href=\"https:\/\/moroccoeverydaytrip.com\/es\/excursion-de-un-dia-a-la-kasbah-ait-ben-haddou-desde-marrakech\/\">Excursi\u00f3n de un d\u00eda desde Marrakech a Ben Haddou<\/a><\/li><li><a href=\"https:\/\/moroccoeverydaytrip.com\/es\/excursion-de-un-dia-de-marrakech-al-valle-de-ourika\/\">Excursi\u00f3n de un d\u00eda de Marrakech al Valle de Ourika<\/a><\/li><li><a href=\"https:\/\/moroccoeverydaytrip.com\/es\/visita-turistica-de-marrakech\/\">Visita tur\u00edstica de Marrakech<\/a><\/li><li><a href=\"https:\/\/moroccoeverydaytrip.com\/es\/excursion-de-un-dia-a-las-cascadas-de-ouzoud-desde-marrakech\/\">Excursi\u00f3n de un d\u00eda a las cascadas de Ouzoud desde Marrakech<\/a><\/li><\/ul><\/div>\n\t\t\t\t<\/div>\n\t\t\t\t\t\t\t<div class=\"elementor-toggle-item\">\n\t\t\t\t\t<div id=\"elementor-tab-title-1362\" class=\"elementor-tab-title\" data-tab=\"2\" role=\"button\" aria-controls=\"elementor-tab-content-1362\" aria-expanded=\"false\">\n\t\t\t\t\t\t\t\t\t\t\t\t<span class=\"elementor-toggle-icon elementor-toggle-icon-left\" aria-hidden=\"true\">\n\t\t\t\t\t\t\t\t\t\t\t\t\t\t\t<span class=\"elementor-toggle-icon-closed\"><i class=\"fas fa-caret-right\"><\/i><\/span>\n\t\t\t\t\t\t\t\t<span class=\"elementor-toggle-icon-opened\"><i class=\"elementor-toggle-icon-opened fas fa-caret-up\"><\/i><\/span>\n\t\t\t\t\t\t\t\t\t\t\t\t\t<\/span>\n\t\t\t\t\t\t\t\t\t\t\t\t<a class=\"elementor-toggle-title\" tabindex=\"0\">Excursi\u00f3n de un d\u00eda de Fez<\/a>\n\t\t\t\t\t<\/div>\n\n\t\t\t\t\t<div id=\"elementor-tab-content-1362\" class=\"elementor-tab-content elementor-clearfix\" data-tab=\"2\" role=\"region\" aria-labelledby=\"elementor-tab-title-1362\"><ul><li><a href=\"https:\/\/moroccoeverydaytrip.com\/es\/excursion-de-un-dia-de-fez-a-chefchaouen\/\">Excursi\u00f3n de un d\u00eda de Fez a Chefchaouen<\/a><\/li><li><a href=\"https:\/\/moroccoeverydaytrip.com\/es\/visita-turistica-de-un-dia-a-fez\/\">Visita tur\u00edstica de un d\u00eda a Fez<\/a><\/li><li><a href=\"https:\/\/moroccoeverydaytrip.com\/es\/excursion-de-un-dia-desde-fez-a-meknes-y-volubilis\/\">Excursi\u00f3n de un d\u00eda de Fez a Meknes y Volubilis<\/a><\/li><\/ul><\/div>\n\t\t\t\t<\/div>\n\t\t\t\t\t\t\t\t<\/div>\n\t\t\t\t\t\t<\/div>\n\t\t\t\t<\/div>\n\t\t\t\t\t<\/div>\n\t\t<\/div>\n\t\t\t\t\t<\/div>\n\t\t<\/section>\n\t\t\t\t<\/div>\n\t\t","protected":false},"excerpt":{"rendered":"<p>Excursi\u00f3n de un d\u00eda desde Marrakech a Ait Ben Haddou Excursi\u00f3n de un d\u00eda desde Marrakech a Ait Ben Haddou Su excursi\u00f3n de un d\u00eda&hellip;<\/p>\n","protected":false},"author":1,"featured_media":682,"parent":0,"menu_order":0,"comment_status":"closed","ping_status":"closed","template":"","meta":{"footnotes":""},"class_list":["post-5482","page","type-page","status-publish","has-post-thumbnail","hentry"],"yoast_head":"<!-- This site is optimized with the Yoast SEO plugin v27.3 - https:\/\/yoast.com\/product\/yoast-seo-wordpress\/ -->\n<title>Excursi\u00f3n de Un D\u00eda desde Marrakech a Ait Ben Haddou | Viajes por Marruecos<\/title>\n<meta name=\"description\" content=\"Vive la magia del desierto en una excursi\u00f3n de un d\u00eda a Ait Ben Haddou desde Marrakech. excursi\u00f3n de 1 d\u00eda a Ouarzazate desde Marrakech,\" \/>\n<meta name=\"robots\" content=\"index, follow, max-snippet:-1, max-image-preview:large, max-video-preview:-1\" \/>\n<link rel=\"canonical\" href=\"https:\/\/moroccoeverydaytrip.com\/es\/excursion-de-un-dia-a-la-kasbah-ait-ben-haddou-desde-marrakech\/\" \/>\n<meta property=\"og:locale\" content=\"en_US\" \/>\n<meta property=\"og:type\" content=\"article\" \/>\n<meta property=\"og:title\" content=\"Excursi\u00f3n de Un D\u00eda desde Marrakech a Ait Ben Haddou | Viajes por Marruecos\" \/>\n<meta property=\"og:description\" content=\"Vive la magia del desierto en una excursi\u00f3n de un d\u00eda a Ait Ben Haddou desde Marrakech. excursi\u00f3n de 1 d\u00eda a Ouarzazate desde Marrakech,\" \/>\n<meta property=\"og:url\" content=\"https:\/\/moroccoeverydaytrip.com\/es\/excursion-de-un-dia-a-la-kasbah-ait-ben-haddou-desde-marrakech\/\" \/>\n<meta property=\"og:site_name\" content=\"Viajes por Marruecos\" \/>\n<meta property=\"article:modified_time\" content=\"2024-11-20T13:56:55+00:00\" \/>\n<meta property=\"og:image\" content=\"https:\/\/moroccoeverydaytrip.com\/es\/wp-content\/uploads\/2022\/04\/ksar-de-ait-ben-haddou-4.jpg\" \/>\n\t<meta property=\"og:image:width\" content=\"572\" \/>\n\t<meta property=\"og:image:height\" content=\"382\" \/>\n\t<meta property=\"og:image:type\" content=\"image\/jpeg\" \/>\n<meta name=\"twitter:card\" content=\"summary_large_image\" \/>\n<meta name=\"twitter:label1\" content=\"Est. reading time\" \/>\n\t<meta name=\"twitter:data1\" content=\"3 minutes\" \/>\n<script type=\"application\/ld+json\" class=\"yoast-schema-graph\">{\"@context\":\"https:\\\/\\\/schema.org\",\"@graph\":[{\"@type\":\"WebPage\",\"@id\":\"https:\\\/\\\/moroccoeverydaytrip.com\\\/es\\\/excursion-de-un-dia-a-la-kasbah-ait-ben-haddou-desde-marrakech\\\/\",\"url\":\"https:\\\/\\\/moroccoeverydaytrip.com\\\/es\\\/excursion-de-un-dia-a-la-kasbah-ait-ben-haddou-desde-marrakech\\\/\",\"name\":\"Excursi\u00f3n de Un D\u00eda desde Marrakech a Ait Ben Haddou | Viajes por Marruecos\",\"isPartOf\":{\"@id\":\"https:\\\/\\\/moroccoeverydaytrip.com\\\/es\\\/#website\"},\"primaryImageOfPage\":{\"@id\":\"https:\\\/\\\/moroccoeverydaytrip.com\\\/es\\\/excursion-de-un-dia-a-la-kasbah-ait-ben-haddou-desde-marrakech\\\/#primaryimage\"},\"image\":{\"@id\":\"https:\\\/\\\/moroccoeverydaytrip.com\\\/es\\\/excursion-de-un-dia-a-la-kasbah-ait-ben-haddou-desde-marrakech\\\/#primaryimage\"},\"thumbnailUrl\":\"https:\\\/\\\/moroccoeverydaytrip.com\\\/es\\\/wp-content\\\/uploads\\\/2022\\\/04\\\/ksar-de-ait-ben-haddou-4.jpg\",\"datePublished\":\"2023-09-11T12:10:45+00:00\",\"dateModified\":\"2024-11-20T13:56:55+00:00\",\"description\":\"Vive la magia del desierto en una excursi\u00f3n de un d\u00eda a Ait Ben Haddou desde Marrakech. excursi\u00f3n de 1 d\u00eda a Ouarzazate desde Marrakech,\",\"breadcrumb\":{\"@id\":\"https:\\\/\\\/moroccoeverydaytrip.com\\\/es\\\/excursion-de-un-dia-a-la-kasbah-ait-ben-haddou-desde-marrakech\\\/#breadcrumb\"},\"inLanguage\":\"en-US\",\"potentialAction\":[{\"@type\":\"ReadAction\",\"target\":[\"https:\\\/\\\/moroccoeverydaytrip.com\\\/es\\\/excursion-de-un-dia-a-la-kasbah-ait-ben-haddou-desde-marrakech\\\/\"]}]},{\"@type\":\"ImageObject\",\"inLanguage\":\"en-US\",\"@id\":\"https:\\\/\\\/moroccoeverydaytrip.com\\\/es\\\/excursion-de-un-dia-a-la-kasbah-ait-ben-haddou-desde-marrakech\\\/#primaryimage\",\"url\":\"https:\\\/\\\/moroccoeverydaytrip.com\\\/es\\\/wp-content\\\/uploads\\\/2022\\\/04\\\/ksar-de-ait-ben-haddou-4.jpg\",\"contentUrl\":\"https:\\\/\\\/moroccoeverydaytrip.com\\\/es\\\/wp-content\\\/uploads\\\/2022\\\/04\\\/ksar-de-ait-ben-haddou-4.jpg\",\"width\":572,\"height\":382,\"caption\":\"Excursi\u00f3n De Un D\u00eda Desde Marrakech A Ait Ben Haddou\"},{\"@type\":\"BreadcrumbList\",\"@id\":\"https:\\\/\\\/moroccoeverydaytrip.com\\\/es\\\/excursion-de-un-dia-a-la-kasbah-ait-ben-haddou-desde-marrakech\\\/#breadcrumb\",\"itemListElement\":[{\"@type\":\"ListItem\",\"position\":1,\"name\":\"Home\",\"item\":\"https:\\\/\\\/moroccoeverydaytrip.com\\\/es\\\/\"},{\"@type\":\"ListItem\",\"position\":2,\"name\":\"Excursi\u00f3n de Un D\u00eda desde Marrakech a Ait Ben Haddou\"}]},{\"@type\":\"WebSite\",\"@id\":\"https:\\\/\\\/moroccoeverydaytrip.com\\\/es\\\/#website\",\"url\":\"https:\\\/\\\/moroccoeverydaytrip.com\\\/es\\\/\",\"name\":\"Viajes por Marruecos\",\"description\":\"Viajes por Marruecos\",\"potentialAction\":[{\"@type\":\"SearchAction\",\"target\":{\"@type\":\"EntryPoint\",\"urlTemplate\":\"https:\\\/\\\/moroccoeverydaytrip.com\\\/es\\\/?s={search_term_string}\"},\"query-input\":{\"@type\":\"PropertyValueSpecification\",\"valueRequired\":true,\"valueName\":\"search_term_string\"}}],\"inLanguage\":\"en-US\"}]}<\/script>\n<!-- \/ Yoast SEO plugin. -->","yoast_head_json":{"title":"Excursi\u00f3n de Un D\u00eda desde Marrakech a Ait Ben Haddou | Viajes por Marruecos","description":"Vive la magia del desierto en una excursi\u00f3n de un d\u00eda a Ait Ben Haddou desde Marrakech. excursi\u00f3n de 1 d\u00eda a Ouarzazate desde Marrakech,","robots":{"index":"index","follow":"follow","max-snippet":"max-snippet:-1","max-image-preview":"max-image-preview:large","max-video-preview":"max-video-preview:-1"},"canonical":"https:\/\/moroccoeverydaytrip.com\/es\/excursion-de-un-dia-a-la-kasbah-ait-ben-haddou-desde-marrakech\/","og_locale":"en_US","og_type":"article","og_title":"Excursi\u00f3n de Un D\u00eda desde Marrakech a Ait Ben Haddou | Viajes por Marruecos","og_description":"Vive la magia del desierto en una excursi\u00f3n de un d\u00eda a Ait Ben Haddou desde Marrakech. excursi\u00f3n de 1 d\u00eda a Ouarzazate desde Marrakech,","og_url":"https:\/\/moroccoeverydaytrip.com\/es\/excursion-de-un-dia-a-la-kasbah-ait-ben-haddou-desde-marrakech\/","og_site_name":"Viajes por Marruecos","article_modified_time":"2024-11-20T13:56:55+00:00","og_image":[{"width":572,"height":382,"url":"https:\/\/moroccoeverydaytrip.com\/es\/wp-content\/uploads\/2022\/04\/ksar-de-ait-ben-haddou-4.jpg","type":"image\/jpeg"}],"twitter_card":"summary_large_image","twitter_misc":{"Est. reading time":"3 minutes"},"schema":{"@context":"https:\/\/schema.org","@graph":[{"@type":"WebPage","@id":"https:\/\/moroccoeverydaytrip.com\/es\/excursion-de-un-dia-a-la-kasbah-ait-ben-haddou-desde-marrakech\/","url":"https:\/\/moroccoeverydaytrip.com\/es\/excursion-de-un-dia-a-la-kasbah-ait-ben-haddou-desde-marrakech\/","name":"Excursi\u00f3n de Un D\u00eda desde Marrakech a Ait Ben Haddou | Viajes por Marruecos","isPartOf":{"@id":"https:\/\/moroccoeverydaytrip.com\/es\/#website"},"primaryImageOfPage":{"@id":"https:\/\/moroccoeverydaytrip.com\/es\/excursion-de-un-dia-a-la-kasbah-ait-ben-haddou-desde-marrakech\/#primaryimage"},"image":{"@id":"https:\/\/moroccoeverydaytrip.com\/es\/excursion-de-un-dia-a-la-kasbah-ait-ben-haddou-desde-marrakech\/#primaryimage"},"thumbnailUrl":"https:\/\/moroccoeverydaytrip.com\/es\/wp-content\/uploads\/2022\/04\/ksar-de-ait-ben-haddou-4.jpg","datePublished":"2023-09-11T12:10:45+00:00","dateModified":"2024-11-20T13:56:55+00:00","description":"Vive la magia del desierto en una excursi\u00f3n de un d\u00eda a Ait Ben Haddou desde Marrakech. excursi\u00f3n de 1 d\u00eda a Ouarzazate desde Marrakech,","breadcrumb":{"@id":"https:\/\/moroccoeverydaytrip.com\/es\/excursion-de-un-dia-a-la-kasbah-ait-ben-haddou-desde-marrakech\/#breadcrumb"},"inLanguage":"en-US","potentialAction":[{"@type":"ReadAction","target":["https:\/\/moroccoeverydaytrip.com\/es\/excursion-de-un-dia-a-la-kasbah-ait-ben-haddou-desde-marrakech\/"]}]},{"@type":"ImageObject","inLanguage":"en-US","@id":"https:\/\/moroccoeverydaytrip.com\/es\/excursion-de-un-dia-a-la-kasbah-ait-ben-haddou-desde-marrakech\/#primaryimage","url":"https:\/\/moroccoeverydaytrip.com\/es\/wp-content\/uploads\/2022\/04\/ksar-de-ait-ben-haddou-4.jpg","contentUrl":"https:\/\/moroccoeverydaytrip.com\/es\/wp-content\/uploads\/2022\/04\/ksar-de-ait-ben-haddou-4.jpg","width":572,"height":382,"caption":"Excursi\u00f3n De Un D\u00eda Desde Marrakech A Ait Ben Haddou"},{"@type":"BreadcrumbList","@id":"https:\/\/moroccoeverydaytrip.com\/es\/excursion-de-un-dia-a-la-kasbah-ait-ben-haddou-desde-marrakech\/#breadcrumb","itemListElement":[{"@type":"ListItem","position":1,"name":"Home","item":"https:\/\/moroccoeverydaytrip.com\/es\/"},{"@type":"ListItem","position":2,"name":"Excursi\u00f3n de Un D\u00eda desde Marrakech a Ait Ben Haddou"}]},{"@type":"WebSite","@id":"https:\/\/moroccoeverydaytrip.com\/es\/#website","url":"https:\/\/moroccoeverydaytrip.com\/es\/","name":"Viajes por Marruecos","description":"Viajes por Marruecos","potentialAction":[{"@type":"SearchAction","target":{"@type":"EntryPoint","urlTemplate":"https:\/\/moroccoeverydaytrip.com\/es\/?s={search_term_string}"},"query-input":{"@type":"PropertyValueSpecification","valueRequired":true,"valueName":"search_term_string"}}],"inLanguage":"en-US"}]}},"_links":{"self":[{"href":"https:\/\/moroccoeverydaytrip.com\/es\/wp-json\/wp\/v2\/pages\/5482","targetHints":{"allow":["GET"]}}],"collection":[{"href":"https:\/\/moroccoeverydaytrip.com\/es\/wp-json\/wp\/v2\/pages"}],"about":[{"href":"https:\/\/moroccoeverydaytrip.com\/es\/wp-json\/wp\/v2\/types\/page"}],"author":[{"embeddable":true,"href":"https:\/\/moroccoeverydaytrip.com\/es\/wp-json\/wp\/v2\/users\/1"}],"replies":[{"embeddable":true,"href":"https:\/\/moroccoeverydaytrip.com\/es\/wp-json\/wp\/v2\/comments?post=5482"}],"version-history":[{"count":51,"href":"https:\/\/moroccoeverydaytrip.com\/es\/wp-json\/wp\/v2\/pages\/5482\/revisions"}],"predecessor-version":[{"id":7760,"href":"https:\/\/moroccoeverydaytrip.com\/es\/wp-json\/wp\/v2\/pages\/5482\/revisions\/7760"}],"wp:featuredmedia":[{"embeddable":true,"href":"https:\/\/moroccoeverydaytrip.com\/es\/wp-json\/wp\/v2\/media\/682"}],"wp:attachment":[{"href":"https:\/\/moroccoeverydaytrip.com\/es\/wp-json\/wp\/v2\/media?parent=5482"}],"curies":[{"name":"wp","href":"https:\/\/api.w.org\/{rel}","templated":true}]}}