{"id":5467,"date":"2023-09-11T11:55:17","date_gmt":"2023-09-11T11:55:17","guid":{"rendered":"https:\/\/moroccoeverydaytrip.com\/es\/?page_id=5467"},"modified":"2024-11-20T13:53:13","modified_gmt":"2024-11-20T13:53:13","slug":"excursion-de-un-dia-de-marrakech-a-essaouira","status":"publish","type":"page","link":"https:\/\/moroccoeverydaytrip.com\/es\/excursion-de-un-dia-de-marrakech-a-essaouira\/","title":{"rendered":"Excursi\u00f3n de Un D\u00eda de Marrakech a Essaouira"},"content":{"rendered":"\t\t<div data-elementor-type=\"wp-page\" data-elementor-id=\"5467\" class=\"elementor elementor-5467\">\n\t\t\t\t\t\t<section class=\"elementor-section elementor-top-section elementor-element elementor-element-3a336062 elementor-section-height-min-height elementor-section-boxed elementor-section-height-default elementor-section-items-middle\" data-id=\"3a336062\" data-element_type=\"section\" data-e-type=\"section\" data-settings=\"{&quot;background_background&quot;:&quot;classic&quot;}\">\n\t\t\t\t\t\t<div class=\"elementor-container elementor-column-gap-default\">\n\t\t\t\t\t<div class=\"elementor-column elementor-col-100 elementor-top-column elementor-element elementor-element-2b4be74a\" data-id=\"2b4be74a\" data-element_type=\"column\" data-e-type=\"column\">\n\t\t\t<div class=\"elementor-widget-wrap elementor-element-populated\">\n\t\t\t\t\t\t<div class=\"elementor-element elementor-element-415d044d elementor-widget elementor-widget-heading\" data-id=\"415d044d\" data-element_type=\"widget\" data-e-type=\"widget\" data-widget_type=\"heading.default\">\n\t\t\t\t<div class=\"elementor-widget-container\">\n\t\t\t\t\t<h1 class=\"elementor-heading-title elementor-size-default\">Excursi\u00f3n de un d\u00eda de Marrakech a Essaouira<\/h1>\t\t\t\t<\/div>\n\t\t\t\t<\/div>\n\t\t\t\t\t<\/div>\n\t\t<\/div>\n\t\t\t\t\t<\/div>\n\t\t<\/section>\n\t\t\t\t<section class=\"elementor-section elementor-top-section elementor-element elementor-element-2b0bb865 elementor-section-boxed elementor-section-height-default elementor-section-height-default\" data-id=\"2b0bb865\" data-element_type=\"section\" data-e-type=\"section\">\n\t\t\t\t\t\t<div class=\"elementor-container elementor-column-gap-default\">\n\t\t\t\t\t<div class=\"elementor-column elementor-col-100 elementor-top-column elementor-element elementor-element-58de0c4b\" data-id=\"58de0c4b\" data-element_type=\"column\" data-e-type=\"column\">\n\t\t\t<div class=\"elementor-widget-wrap elementor-element-populated\">\n\t\t\t\t\t\t<div class=\"elementor-element elementor-element-18f1222 elementor-widget elementor-widget-heading\" data-id=\"18f1222\" data-element_type=\"widget\" data-e-type=\"widget\" data-widget_type=\"heading.default\">\n\t\t\t\t<div class=\"elementor-widget-container\">\n\t\t\t\t\t<h2 class=\"elementor-heading-title elementor-size-default\">Excursi\u00f3n de un d\u00eda de Marrakech a Essaouira<\/h2>\t\t\t\t<\/div>\n\t\t\t\t<\/div>\n\t\t\t\t<div class=\"elementor-element elementor-element-1fb607 elementor-widget elementor-widget-text-editor\" data-id=\"1fb607\" data-element_type=\"widget\" data-e-type=\"widget\" data-widget_type=\"text-editor.default\">\n\t\t\t\t<div class=\"elementor-widget-container\">\n\t\t\t\t\t\t\t\t\t<div class=\"elementor-element elementor-element-4b4507b8 elementor-widget elementor-widget-heading\" data-id=\"4b4507b8\" data-element_type=\"widget\" data-widget_type=\"heading.default\"><div class=\"elementor-widget-container\"><p>Su excursi\u00f3n de un d\u00eda de Marrakech a Essaouira. le permitir\u00e1 explorar la bella ciudad costera de Essaouira, visitar el puerto tradicional, la impresionante playa y la magn\u00edfica medina y ver a los h\u00e1biles talladores de madera. Essaouira aventura le ofrece la oportunidad de desplazarse a lo largo de las murallas hist\u00f3ricas y dar un paso atr\u00e1s en el tiempo es. <a href=\"https:\/\/moroccoeverydaytrip.com\/es\/\">Essaouira<\/a>, antiguamente conocida como Mogador, se encuentra a 180 km de <a href=\"https:\/\/es.wikipedia.org\/wiki\/Marrakech\">Marrakech<\/a>. Fue fortificada por un arquitecto franc\u00e9s alumno de S\u00e9bastien Le Prestre de Vauban. Estas influencias y muchas otras dieron un resultado muy singular y atractivo. Hoy en d\u00eda, la ciudad se est\u00e1 convirtiendo poco a poco en una ciudad de artistas.<\/p><h3><strong>Artesan\u00eda y Marqueter\u00eda en Essaouira<\/strong><\/h3><p>Essaouira tiene un microclima muy favorable que le proporciona un invierno suave y un verano fresco. Tambi\u00e9n hay que mencionar una hermosa playa, protegida por las Iles Purpuraires, un conjunto de peque\u00f1as islas, llamadas as\u00ed por el tinte p\u00farpura que se extra\u00eda del molusco murex que prospera en los oc\u00e9anos que rodean las islas. Los artesanos de Essaouira son conocidos por la marqueter\u00eda en ra\u00edz de cedro y ofrecen una amplia gama de objetos, desde recuerdos hasta peque\u00f1os muebles, obras de arte. Excursi\u00f3n de un d\u00eda de Marrakech a Essaouira. Tu aventura nos devuelve al punto de partida en Marrakech. Esta hermosa salida es una de las grandes actividades que podr\u00e1s vivir durante tu estancia en el pueblo de Roge.<\/p><\/div><\/div>\t\t\t\t\t\t\t\t<\/div>\n\t\t\t\t<\/div>\n\t\t\t\t<div class=\"elementor-element elementor-element-18e2754e elementor-widget elementor-widget-heading\" data-id=\"18e2754e\" data-element_type=\"widget\" data-e-type=\"widget\" data-widget_type=\"heading.default\">\n\t\t\t\t<div class=\"elementor-widget-container\">\n\t\t\t\t\t<h4 class=\"elementor-heading-title elementor-size-default\">El viaje incluye:<\/h4>\t\t\t\t<\/div>\n\t\t\t\t<\/div>\n\t\t\t\t<div class=\"elementor-element elementor-element-5c3cdd28 elementor-icon-list--layout-traditional elementor-list-item-link-full_width elementor-widget elementor-widget-icon-list\" data-id=\"5c3cdd28\" data-element_type=\"widget\" data-e-type=\"widget\" data-widget_type=\"icon-list.default\">\n\t\t\t\t<div class=\"elementor-widget-container\">\n\t\t\t\t\t\t\t<ul class=\"elementor-icon-list-items\">\n\t\t\t\t\t\t\t<li class=\"elementor-icon-list-item\">\n\t\t\t\t\t\t\t\t\t\t\t<span class=\"elementor-icon-list-icon\">\n\t\t\t\t\t\t\t<i aria-hidden=\"true\" class=\"fas fa-check\"><\/i>\t\t\t\t\t\t<\/span>\n\t\t\t\t\t\t\t\t\t\t<span class=\"elementor-icon-list-text\">Veh\u00edculo privado con aire acondicionado, 4x4 Toyota Land Cruiser + combustible<\/span>\n\t\t\t\t\t\t\t\t\t<\/li>\n\t\t\t\t\t\t\t\t<li class=\"elementor-icon-list-item\">\n\t\t\t\t\t\t\t\t\t\t\t<span class=\"elementor-icon-list-icon\">\n\t\t\t\t\t\t\t<i aria-hidden=\"true\" class=\"fas fa-check\"><\/i>\t\t\t\t\t\t<\/span>\n\t\t\t\t\t\t\t\t\t\t<span class=\"elementor-icon-list-text\">Conductor de habla inglesa\/francesa\/espa\u00f1ola durante el tour<\/span>\n\t\t\t\t\t\t\t\t\t<\/li>\n\t\t\t\t\t\t\t\t<li class=\"elementor-icon-list-item\">\n\t\t\t\t\t\t\t\t\t\t\t<span class=\"elementor-icon-list-icon\">\n\t\t\t\t\t\t\t<i aria-hidden=\"true\" class=\"fas fa-check\"><\/i>\t\t\t\t\t\t<\/span>\n\t\t\t\t\t\t\t\t\t\t<span class=\"elementor-icon-list-text\">Recogida y regreso a su alojamiento en Marrakech<\/span>\n\t\t\t\t\t\t\t\t\t<\/li>\n\t\t\t\t\t\t\t\t<li class=\"elementor-icon-list-item\">\n\t\t\t\t\t\t\t\t\t\t\t<span class=\"elementor-icon-list-icon\">\n\t\t\t\t\t\t\t<i aria-hidden=\"true\" class=\"fas fa-check\"><\/i>\t\t\t\t\t\t<\/span>\n\t\t\t\t\t\t\t\t\t\t<span class=\"elementor-icon-list-text\">Tiempo libre para explorar la ciudad<\/span>\n\t\t\t\t\t\t\t\t\t<\/li>\n\t\t\t\t\t\t<\/ul>\n\t\t\t\t\t\t<\/div>\n\t\t\t\t<\/div>\n\t\t\t\t<div class=\"elementor-element elementor-element-5dfdb2c1 elementor-widget elementor-widget-heading\" data-id=\"5dfdb2c1\" data-element_type=\"widget\" data-e-type=\"widget\" data-widget_type=\"heading.default\">\n\t\t\t\t<div class=\"elementor-widget-container\">\n\t\t\t\t\t<h4 class=\"elementor-heading-title elementor-size-default\">El viaje no incluye:<\/h4>\t\t\t\t<\/div>\n\t\t\t\t<\/div>\n\t\t\t\t<div class=\"elementor-element elementor-element-1f68e23b elementor-icon-list--layout-traditional elementor-list-item-link-full_width elementor-widget elementor-widget-icon-list\" data-id=\"1f68e23b\" data-element_type=\"widget\" data-e-type=\"widget\" data-widget_type=\"icon-list.default\">\n\t\t\t\t<div class=\"elementor-widget-container\">\n\t\t\t\t\t\t\t<ul class=\"elementor-icon-list-items\">\n\t\t\t\t\t\t\t<li class=\"elementor-icon-list-item\">\n\t\t\t\t\t\t\t\t\t\t\t<span class=\"elementor-icon-list-icon\">\n\t\t\t\t\t\t\t<i aria-hidden=\"true\" class=\"fas fa-times\"><\/i>\t\t\t\t\t\t<\/span>\n\t\t\t\t\t\t\t\t\t\t<span class=\"elementor-icon-list-text\">Almuerzo<\/span>\n\t\t\t\t\t\t\t\t\t<\/li>\n\t\t\t\t\t\t\t\t<li class=\"elementor-icon-list-item\">\n\t\t\t\t\t\t\t\t\t\t\t<span class=\"elementor-icon-list-icon\">\n\t\t\t\t\t\t\t<i aria-hidden=\"true\" class=\"fas fa-times\"><\/i>\t\t\t\t\t\t<\/span>\n\t\t\t\t\t\t\t\t\t\t<span class=\"elementor-icon-list-text\">Bebidas<\/span>\n\t\t\t\t\t\t\t\t\t<\/li>\n\t\t\t\t\t\t\t\t<li class=\"elementor-icon-list-item\">\n\t\t\t\t\t\t\t\t\t\t\t<span class=\"elementor-icon-list-icon\">\n\t\t\t\t\t\t\t<i aria-hidden=\"true\" class=\"fas fa-times\"><\/i>\t\t\t\t\t\t<\/span>\n\t\t\t\t\t\t\t\t\t\t<span class=\"elementor-icon-list-text\">Entradas a monumentos<\/span>\n\t\t\t\t\t\t\t\t\t<\/li>\n\t\t\t\t\t\t<\/ul>\n\t\t\t\t\t\t<\/div>\n\t\t\t\t<\/div>\n\t\t\t\t<div class=\"elementor-element elementor-element-4156e5b1 elementor-align-center elementor-widget elementor-widget-button\" data-id=\"4156e5b1\" data-element_type=\"widget\" data-e-type=\"widget\" data-widget_type=\"button.default\">\n\t\t\t\t<div class=\"elementor-widget-container\">\n\t\t\t\t\t\t\t\t\t<div class=\"elementor-button-wrapper\">\n\t\t\t\t\t<a class=\"elementor-button elementor-button-link elementor-size-sm\" href=\"https:\/\/moroccoeverydaytrip.com\/es\/contacto\">\n\t\t\t\t\t\t<span class=\"elementor-button-content-wrapper\">\n\t\t\t\t\t\t<span class=\"elementor-button-icon\">\n\t\t\t\t<i aria-hidden=\"true\" class=\"far fa-arrow-alt-circle-right\"><\/i>\t\t\t<\/span>\n\t\t\t\t\t\t\t\t\t<span class=\"elementor-button-text\">Cont\u00e1ctenos ahora<\/span>\n\t\t\t\t\t<\/span>\n\t\t\t\t\t<\/a>\n\t\t\t\t<\/div>\n\t\t\t\t\t\t\t\t<\/div>\n\t\t\t\t<\/div>\n\t\t\t\t\t<\/div>\n\t\t<\/div>\n\t\t\t\t\t<\/div>\n\t\t<\/section>\n\t\t\t\t<section class=\"elementor-section elementor-top-section elementor-element elementor-element-ef0ff63 elementor-section-boxed elementor-section-height-default elementor-section-height-default\" data-id=\"ef0ff63\" data-element_type=\"section\" data-e-type=\"section\">\n\t\t\t\t\t\t<div class=\"elementor-container elementor-column-gap-default\">\n\t\t\t\t\t<div class=\"elementor-column elementor-col-100 elementor-top-column elementor-element elementor-element-bcd5180\" data-id=\"bcd5180\" data-element_type=\"column\" data-e-type=\"column\">\n\t\t\t<div class=\"elementor-widget-wrap elementor-element-populated\">\n\t\t\t\t\t\t<div class=\"elementor-element elementor-element-35e3433 elementor-widget elementor-widget-toggle\" data-id=\"35e3433\" data-element_type=\"widget\" data-e-type=\"widget\" data-widget_type=\"toggle.default\">\n\t\t\t\t<div class=\"elementor-widget-container\">\n\t\t\t\t\t\t\t<div class=\"elementor-toggle\">\n\t\t\t\t\t\t\t<div class=\"elementor-toggle-item\">\n\t\t\t\t\t<div id=\"elementor-tab-title-5651\" class=\"elementor-tab-title\" data-tab=\"1\" role=\"button\" aria-controls=\"elementor-tab-content-5651\" aria-expanded=\"false\">\n\t\t\t\t\t\t\t\t\t\t\t\t<span class=\"elementor-toggle-icon elementor-toggle-icon-left\" aria-hidden=\"true\">\n\t\t\t\t\t\t\t\t\t\t\t\t\t\t\t<span class=\"elementor-toggle-icon-closed\"><i class=\"fas fa-caret-right\"><\/i><\/span>\n\t\t\t\t\t\t\t\t<span class=\"elementor-toggle-icon-opened\"><i class=\"elementor-toggle-icon-opened fas fa-caret-up\"><\/i><\/span>\n\t\t\t\t\t\t\t\t\t\t\t\t\t<\/span>\n\t\t\t\t\t\t\t\t\t\t\t\t<a class=\"elementor-toggle-title\" tabindex=\"0\">Excursi\u00f3n de un d\u00eda de Marrakech<\/a>\n\t\t\t\t\t<\/div>\n\n\t\t\t\t\t<div id=\"elementor-tab-content-5651\" class=\"elementor-tab-content elementor-clearfix\" data-tab=\"1\" role=\"region\" aria-labelledby=\"elementor-tab-title-5651\"><ul><li><a href=\"https:\/\/moroccoeverydaytrip.com\/es\/excursion-de-un-dia-de-marrakech-a-essaouira\/\">Excursi\u00f3n de un d\u00eda de Marrakech a Essaouira<\/a><\/li><li><a href=\"https:\/\/moroccoeverydaytrip.com\/es\/excursion-de-un-dia-a-la-kasbah-ait-ben-haddou-desde-marrakech\/\">Excursi\u00f3n de un d\u00eda desde Marrakech a Ben Haddou<\/a><\/li><li><a href=\"https:\/\/moroccoeverydaytrip.com\/es\/excursion-de-un-dia-de-marrakech-al-valle-de-ourika\/\">Excursi\u00f3n de un d\u00eda de Marrakech al Valle de Ourika<\/a><\/li><li><a href=\"https:\/\/moroccoeverydaytrip.com\/es\/visita-turistica-de-marrakech\/\">Visita tur\u00edstica de Marrakech<\/a><\/li><li><a href=\"https:\/\/moroccoeverydaytrip.com\/es\/excursion-de-un-dia-a-las-cascadas-de-ouzoud-desde-marrakech\/\">Excursi\u00f3n de un d\u00eda a las cascadas de Ouzoud desde Marrakech<\/a><\/li><\/ul><\/div>\n\t\t\t\t<\/div>\n\t\t\t\t\t\t\t<div class=\"elementor-toggle-item\">\n\t\t\t\t\t<div id=\"elementor-tab-title-5652\" class=\"elementor-tab-title\" data-tab=\"2\" role=\"button\" aria-controls=\"elementor-tab-content-5652\" aria-expanded=\"false\">\n\t\t\t\t\t\t\t\t\t\t\t\t<span class=\"elementor-toggle-icon elementor-toggle-icon-left\" aria-hidden=\"true\">\n\t\t\t\t\t\t\t\t\t\t\t\t\t\t\t<span class=\"elementor-toggle-icon-closed\"><i class=\"fas fa-caret-right\"><\/i><\/span>\n\t\t\t\t\t\t\t\t<span class=\"elementor-toggle-icon-opened\"><i class=\"elementor-toggle-icon-opened fas fa-caret-up\"><\/i><\/span>\n\t\t\t\t\t\t\t\t\t\t\t\t\t<\/span>\n\t\t\t\t\t\t\t\t\t\t\t\t<a class=\"elementor-toggle-title\" tabindex=\"0\">Excursi\u00f3n de un d\u00eda de Fez<\/a>\n\t\t\t\t\t<\/div>\n\n\t\t\t\t\t<div id=\"elementor-tab-content-5652\" class=\"elementor-tab-content elementor-clearfix\" data-tab=\"2\" role=\"region\" aria-labelledby=\"elementor-tab-title-5652\"><ul><li><a href=\"https:\/\/moroccoeverydaytrip.com\/es\/excursion-de-un-dia-de-fez-a-chefchaouen\/\">Excursi\u00f3n de un d\u00eda de Fez a Chefchaouen<\/a><\/li><li><a href=\"https:\/\/moroccoeverydaytrip.com\/es\/visita-turistica-de-un-dia-a-fez\/\">Visita tur\u00edstica de un d\u00eda a Fez<\/a><\/li><li><a href=\"https:\/\/moroccoeverydaytrip.com\/es\/excursion-de-un-dia-desde-fez-a-meknes-y-volubilis\/\">Excursi\u00f3n de un d\u00eda de Fez a Meknes y Volubilis<\/a><\/li><\/ul><\/div>\n\t\t\t\t<\/div>\n\t\t\t\t\t\t\t\t<\/div>\n\t\t\t\t\t\t<\/div>\n\t\t\t\t<\/div>\n\t\t\t\t\t<\/div>\n\t\t<\/div>\n\t\t\t\t\t<\/div>\n\t\t<\/section>\n\t\t\t\t<\/div>\n\t\t","protected":false},"excerpt":{"rendered":"<p>Excursi\u00f3n de un d\u00eda de Marrakech a Essaouira Excursi\u00f3n de un d\u00eda de Marrakech a Essaouira Su excursi\u00f3n de un d\u00eda de Marrakech a Essaouira.&hellip;<\/p>\n","protected":false},"author":1,"featured_media":3314,"parent":0,"menu_order":0,"comment_status":"closed","ping_status":"closed","template":"","meta":{"footnotes":""},"class_list":["post-5467","page","type-page","status-publish","has-post-thumbnail","hentry"],"yoast_head":"<!-- This site is optimized with the Yoast SEO plugin v27.3 - https:\/\/yoast.com\/product\/yoast-seo-wordpress\/ -->\n<title>Excursi\u00f3n de Un D\u00eda de Marrakech a Essaouira | Viajes por Marruecos<\/title>\n<meta name=\"description\" content=\"Disfruta de la costa y la encantadora Excursi\u00f3n de un d\u00eda de Marrakech a Essaouira , llena de historia y belleza marina.\" \/>\n<meta name=\"robots\" content=\"index, follow, max-snippet:-1, max-image-preview:large, max-video-preview:-1\" \/>\n<link rel=\"canonical\" href=\"https:\/\/moroccoeverydaytrip.com\/es\/excursion-de-un-dia-de-marrakech-a-essaouira\/\" \/>\n<meta property=\"og:locale\" content=\"en_US\" \/>\n<meta property=\"og:type\" content=\"article\" \/>\n<meta property=\"og:title\" content=\"Excursi\u00f3n de Un D\u00eda de Marrakech a Essaouira | Viajes por Marruecos\" \/>\n<meta property=\"og:description\" content=\"Disfruta de la costa y la encantadora Excursi\u00f3n de un d\u00eda de Marrakech a Essaouira , llena de historia y belleza marina.\" \/>\n<meta property=\"og:url\" content=\"https:\/\/moroccoeverydaytrip.com\/es\/excursion-de-un-dia-de-marrakech-a-essaouira\/\" \/>\n<meta property=\"og:site_name\" content=\"Viajes por Marruecos\" \/>\n<meta property=\"article:modified_time\" content=\"2024-11-20T13:53:13+00:00\" \/>\n<meta property=\"og:image\" content=\"https:\/\/moroccoeverydaytrip.com\/es\/wp-content\/uploads\/2023\/08\/essaouira-32.jpg\" \/>\n\t<meta property=\"og:image:width\" content=\"683\" \/>\n\t<meta property=\"og:image:height\" content=\"1024\" \/>\n\t<meta property=\"og:image:type\" content=\"image\/jpeg\" \/>\n<meta name=\"twitter:card\" content=\"summary_large_image\" \/>\n<meta name=\"twitter:label1\" content=\"Est. reading time\" \/>\n\t<meta name=\"twitter:data1\" content=\"2 minutes\" \/>\n<script type=\"application\/ld+json\" class=\"yoast-schema-graph\">{\"@context\":\"https:\\\/\\\/schema.org\",\"@graph\":[{\"@type\":\"WebPage\",\"@id\":\"https:\\\/\\\/moroccoeverydaytrip.com\\\/es\\\/excursion-de-un-dia-de-marrakech-a-essaouira\\\/\",\"url\":\"https:\\\/\\\/moroccoeverydaytrip.com\\\/es\\\/excursion-de-un-dia-de-marrakech-a-essaouira\\\/\",\"name\":\"Excursi\u00f3n de Un D\u00eda de Marrakech a Essaouira | Viajes por Marruecos\",\"isPartOf\":{\"@id\":\"https:\\\/\\\/moroccoeverydaytrip.com\\\/es\\\/#website\"},\"primaryImageOfPage\":{\"@id\":\"https:\\\/\\\/moroccoeverydaytrip.com\\\/es\\\/excursion-de-un-dia-de-marrakech-a-essaouira\\\/#primaryimage\"},\"image\":{\"@id\":\"https:\\\/\\\/moroccoeverydaytrip.com\\\/es\\\/excursion-de-un-dia-de-marrakech-a-essaouira\\\/#primaryimage\"},\"thumbnailUrl\":\"https:\\\/\\\/moroccoeverydaytrip.com\\\/es\\\/wp-content\\\/uploads\\\/2023\\\/08\\\/essaouira-32.jpg\",\"datePublished\":\"2023-09-11T11:55:17+00:00\",\"dateModified\":\"2024-11-20T13:53:13+00:00\",\"description\":\"Disfruta de la costa y la encantadora Excursi\u00f3n de un d\u00eda de Marrakech a Essaouira , llena de historia y belleza marina.\",\"breadcrumb\":{\"@id\":\"https:\\\/\\\/moroccoeverydaytrip.com\\\/es\\\/excursion-de-un-dia-de-marrakech-a-essaouira\\\/#breadcrumb\"},\"inLanguage\":\"en-US\",\"potentialAction\":[{\"@type\":\"ReadAction\",\"target\":[\"https:\\\/\\\/moroccoeverydaytrip.com\\\/es\\\/excursion-de-un-dia-de-marrakech-a-essaouira\\\/\"]}]},{\"@type\":\"ImageObject\",\"inLanguage\":\"en-US\",\"@id\":\"https:\\\/\\\/moroccoeverydaytrip.com\\\/es\\\/excursion-de-un-dia-de-marrakech-a-essaouira\\\/#primaryimage\",\"url\":\"https:\\\/\\\/moroccoeverydaytrip.com\\\/es\\\/wp-content\\\/uploads\\\/2023\\\/08\\\/essaouira-32.jpg\",\"contentUrl\":\"https:\\\/\\\/moroccoeverydaytrip.com\\\/es\\\/wp-content\\\/uploads\\\/2023\\\/08\\\/essaouira-32.jpg\",\"width\":683,\"height\":1024,\"caption\":\"Excursi\u00f3n de un d\u00eda de Marrakech a Essaouira\"},{\"@type\":\"BreadcrumbList\",\"@id\":\"https:\\\/\\\/moroccoeverydaytrip.com\\\/es\\\/excursion-de-un-dia-de-marrakech-a-essaouira\\\/#breadcrumb\",\"itemListElement\":[{\"@type\":\"ListItem\",\"position\":1,\"name\":\"Home\",\"item\":\"https:\\\/\\\/moroccoeverydaytrip.com\\\/es\\\/\"},{\"@type\":\"ListItem\",\"position\":2,\"name\":\"Excursi\u00f3n de Un D\u00eda de Marrakech a Essaouira\"}]},{\"@type\":\"WebSite\",\"@id\":\"https:\\\/\\\/moroccoeverydaytrip.com\\\/es\\\/#website\",\"url\":\"https:\\\/\\\/moroccoeverydaytrip.com\\\/es\\\/\",\"name\":\"Viajes por Marruecos\",\"description\":\"Viajes por Marruecos\",\"potentialAction\":[{\"@type\":\"SearchAction\",\"target\":{\"@type\":\"EntryPoint\",\"urlTemplate\":\"https:\\\/\\\/moroccoeverydaytrip.com\\\/es\\\/?s={search_term_string}\"},\"query-input\":{\"@type\":\"PropertyValueSpecification\",\"valueRequired\":true,\"valueName\":\"search_term_string\"}}],\"inLanguage\":\"en-US\"}]}<\/script>\n<!-- \/ Yoast SEO plugin. -->","yoast_head_json":{"title":"Excursi\u00f3n de Un D\u00eda de Marrakech a Essaouira | Viajes por Marruecos","description":"Disfruta de la costa y la encantadora Excursi\u00f3n de un d\u00eda de Marrakech a Essaouira , llena de historia y belleza marina.","robots":{"index":"index","follow":"follow","max-snippet":"max-snippet:-1","max-image-preview":"max-image-preview:large","max-video-preview":"max-video-preview:-1"},"canonical":"https:\/\/moroccoeverydaytrip.com\/es\/excursion-de-un-dia-de-marrakech-a-essaouira\/","og_locale":"en_US","og_type":"article","og_title":"Excursi\u00f3n de Un D\u00eda de Marrakech a Essaouira | Viajes por Marruecos","og_description":"Disfruta de la costa y la encantadora Excursi\u00f3n de un d\u00eda de Marrakech a Essaouira , llena de historia y belleza marina.","og_url":"https:\/\/moroccoeverydaytrip.com\/es\/excursion-de-un-dia-de-marrakech-a-essaouira\/","og_site_name":"Viajes por Marruecos","article_modified_time":"2024-11-20T13:53:13+00:00","og_image":[{"width":683,"height":1024,"url":"https:\/\/moroccoeverydaytrip.com\/es\/wp-content\/uploads\/2023\/08\/essaouira-32.jpg","type":"image\/jpeg"}],"twitter_card":"summary_large_image","twitter_misc":{"Est. reading time":"2 minutes"},"schema":{"@context":"https:\/\/schema.org","@graph":[{"@type":"WebPage","@id":"https:\/\/moroccoeverydaytrip.com\/es\/excursion-de-un-dia-de-marrakech-a-essaouira\/","url":"https:\/\/moroccoeverydaytrip.com\/es\/excursion-de-un-dia-de-marrakech-a-essaouira\/","name":"Excursi\u00f3n de Un D\u00eda de Marrakech a Essaouira | Viajes por Marruecos","isPartOf":{"@id":"https:\/\/moroccoeverydaytrip.com\/es\/#website"},"primaryImageOfPage":{"@id":"https:\/\/moroccoeverydaytrip.com\/es\/excursion-de-un-dia-de-marrakech-a-essaouira\/#primaryimage"},"image":{"@id":"https:\/\/moroccoeverydaytrip.com\/es\/excursion-de-un-dia-de-marrakech-a-essaouira\/#primaryimage"},"thumbnailUrl":"https:\/\/moroccoeverydaytrip.com\/es\/wp-content\/uploads\/2023\/08\/essaouira-32.jpg","datePublished":"2023-09-11T11:55:17+00:00","dateModified":"2024-11-20T13:53:13+00:00","description":"Disfruta de la costa y la encantadora Excursi\u00f3n de un d\u00eda de Marrakech a Essaouira , llena de historia y belleza marina.","breadcrumb":{"@id":"https:\/\/moroccoeverydaytrip.com\/es\/excursion-de-un-dia-de-marrakech-a-essaouira\/#breadcrumb"},"inLanguage":"en-US","potentialAction":[{"@type":"ReadAction","target":["https:\/\/moroccoeverydaytrip.com\/es\/excursion-de-un-dia-de-marrakech-a-essaouira\/"]}]},{"@type":"ImageObject","inLanguage":"en-US","@id":"https:\/\/moroccoeverydaytrip.com\/es\/excursion-de-un-dia-de-marrakech-a-essaouira\/#primaryimage","url":"https:\/\/moroccoeverydaytrip.com\/es\/wp-content\/uploads\/2023\/08\/essaouira-32.jpg","contentUrl":"https:\/\/moroccoeverydaytrip.com\/es\/wp-content\/uploads\/2023\/08\/essaouira-32.jpg","width":683,"height":1024,"caption":"Excursi\u00f3n de un d\u00eda de Marrakech a Essaouira"},{"@type":"BreadcrumbList","@id":"https:\/\/moroccoeverydaytrip.com\/es\/excursion-de-un-dia-de-marrakech-a-essaouira\/#breadcrumb","itemListElement":[{"@type":"ListItem","position":1,"name":"Home","item":"https:\/\/moroccoeverydaytrip.com\/es\/"},{"@type":"ListItem","position":2,"name":"Excursi\u00f3n de Un D\u00eda de Marrakech a Essaouira"}]},{"@type":"WebSite","@id":"https:\/\/moroccoeverydaytrip.com\/es\/#website","url":"https:\/\/moroccoeverydaytrip.com\/es\/","name":"Viajes por Marruecos","description":"Viajes por Marruecos","potentialAction":[{"@type":"SearchAction","target":{"@type":"EntryPoint","urlTemplate":"https:\/\/moroccoeverydaytrip.com\/es\/?s={search_term_string}"},"query-input":{"@type":"PropertyValueSpecification","valueRequired":true,"valueName":"search_term_string"}}],"inLanguage":"en-US"}]}},"_links":{"self":[{"href":"https:\/\/moroccoeverydaytrip.com\/es\/wp-json\/wp\/v2\/pages\/5467","targetHints":{"allow":["GET"]}}],"collection":[{"href":"https:\/\/moroccoeverydaytrip.com\/es\/wp-json\/wp\/v2\/pages"}],"about":[{"href":"https:\/\/moroccoeverydaytrip.com\/es\/wp-json\/wp\/v2\/types\/page"}],"author":[{"embeddable":true,"href":"https:\/\/moroccoeverydaytrip.com\/es\/wp-json\/wp\/v2\/users\/1"}],"replies":[{"embeddable":true,"href":"https:\/\/moroccoeverydaytrip.com\/es\/wp-json\/wp\/v2\/comments?post=5467"}],"version-history":[{"count":63,"href":"https:\/\/moroccoeverydaytrip.com\/es\/wp-json\/wp\/v2\/pages\/5467\/revisions"}],"predecessor-version":[{"id":7757,"href":"https:\/\/moroccoeverydaytrip.com\/es\/wp-json\/wp\/v2\/pages\/5467\/revisions\/7757"}],"wp:featuredmedia":[{"embeddable":true,"href":"https:\/\/moroccoeverydaytrip.com\/es\/wp-json\/wp\/v2\/media\/3314"}],"wp:attachment":[{"href":"https:\/\/moroccoeverydaytrip.com\/es\/wp-json\/wp\/v2\/media?parent=5467"}],"curies":[{"name":"wp","href":"https:\/\/api.w.org\/{rel}","templated":true}]}}