{"id":229,"date":"2022-05-28T11:41:33","date_gmt":"2022-05-28T11:41:33","guid":{"rendered":"https:\/\/moroccoeverydaytrip.com\/es\/?page_id=229"},"modified":"2024-09-28T15:25:35","modified_gmt":"2024-09-28T15:25:35","slug":"historia-de-marruecos","status":"publish","type":"page","link":"https:\/\/moroccoeverydaytrip.com\/es\/historia-de-marruecos\/","title":{"rendered":"Historia de Marruecos"},"content":{"rendered":"\t\t<div data-elementor-type=\"wp-page\" data-elementor-id=\"229\" class=\"elementor elementor-229\">\n\t\t\t\t\t\t<section class=\"elementor-section elementor-top-section elementor-element elementor-element-18b737e elementor-section-height-min-height elementor-section-boxed elementor-section-height-default elementor-section-items-middle\" data-id=\"18b737e\" data-element_type=\"section\" data-e-type=\"section\" data-settings=\"{&quot;background_background&quot;:&quot;classic&quot;}\">\n\t\t\t\t\t\t<div class=\"elementor-container elementor-column-gap-default\">\n\t\t\t\t\t<div class=\"elementor-column elementor-col-100 elementor-top-column elementor-element elementor-element-b1e0028\" data-id=\"b1e0028\" data-element_type=\"column\" data-e-type=\"column\">\n\t\t\t<div class=\"elementor-widget-wrap elementor-element-populated\">\n\t\t\t\t\t\t<div class=\"elementor-element elementor-element-0676715 elementor-widget elementor-widget-heading\" data-id=\"0676715\" data-element_type=\"widget\" data-e-type=\"widget\" data-widget_type=\"heading.default\">\n\t\t\t\t<div class=\"elementor-widget-container\">\n\t\t\t\t\t<h1 class=\"elementor-heading-title elementor-size-default\">Historia de Marruecos<\/h1>\t\t\t\t<\/div>\n\t\t\t\t<\/div>\n\t\t\t\t\t<\/div>\n\t\t<\/div>\n\t\t\t\t\t<\/div>\n\t\t<\/section>\n\t\t\t\t<section class=\"elementor-section elementor-top-section elementor-element elementor-element-664a11ff elementor-section-boxed elementor-section-height-default elementor-section-height-default\" data-id=\"664a11ff\" data-element_type=\"section\" data-e-type=\"section\">\n\t\t\t\t\t\t<div class=\"elementor-container elementor-column-gap-default\">\n\t\t\t\t\t<div class=\"elementor-column elementor-col-100 elementor-top-column elementor-element elementor-element-6e85c4d1\" data-id=\"6e85c4d1\" data-element_type=\"column\" data-e-type=\"column\">\n\t\t\t<div class=\"elementor-widget-wrap elementor-element-populated\">\n\t\t\t\t\t\t<div class=\"elementor-element elementor-element-75902642 elementor-widget elementor-widget-text-editor\" data-id=\"75902642\" data-element_type=\"widget\" data-e-type=\"widget\" data-widget_type=\"text-editor.default\">\n\t\t\t\t<div class=\"elementor-widget-container\">\n\t\t\t\t\t\t\t\t\t<p>La historia de Marruecos es una de las principales cosas que hay que admirar en el \u00e1mbito tur\u00edstico. As\u00ed, Marruecos es un pa\u00eds de la regi\u00f3n del Magreb, en el norte de \u00c1frica. Geogr\u00e1ficamente, <a href=\"https:\/\/es.wikipedia.org\/wiki\/Marruecos\">Marruecos<\/a> ofrece un interior monta\u00f1oso y accidentado y grandes porciones de desierto. Es uno de los tres \u00fanicos pa\u00edses (con Espa\u00f1a y Francia) que tiene costas tanto atl\u00e1nticas como mediterr\u00e1neas. El nombre \u00e1rabe al-Mamlakah al-Maghribiyah (\u00e1rabe: \u0627\u0644\u0645\u0645\u0644\u0643\u0629 \u0627\u0644\u0645\u063a\u0631\u0628\u064a\u0629, que significa &#8220;El Reino del Oeste&#8221;) y Al-Maghrib (\u00e1rabe: \u0627\u0644\u0645\u063a\u0631\u0628, que significa &#8220;El Oeste&#8221;) se utilizan habitualmente como nombres alternativos.<\/p><p>El Marruecos tiene m\u00e1s de 33,8 millones de habitantes y una superficie de 446.550 km2. Su capital pol\u00edtica es Rabat. La mayor ciudad es Casablanca. Otras ciudades importantes son <a href=\"https:\/\/moroccoeverydaytrip.com\/es\/excursion-de-9-dias-de-marrakech-a-merzouga\/\">Marrakech<\/a>, T\u00e1nger, Tetu\u00e1n, Sal\u00e9, Fez, Agadir, Meknes, Oujda, Kenitra y Nador. Marruecos, potencia regional hist\u00f3ricamente destacada, tiene una historia de independencia que no comparten sus vecinos. Su peculiar cultura es una mezcla de influencias \u00e1rabes, bereberes aut\u00f3ctonas, subsaharianas y europeas.<\/p><p>Marruecos reclama el territorio no aut\u00f3nomo del S\u00e1hara Occidental como sus Provincias del Sur. Marruecos se anexion\u00f3 el territorio en 1975, lo que provoc\u00f3 una guerra de guerrillas con las fuerzas ind\u00edgenas hasta el alto el fuego de 1991. Los procesos de paz no han logrado hasta ahora romper el estancamiento pol\u00edtico.<\/p><h4><b>En segundo lugar:<\/b><\/h4><p>El Marruecos es una <i>monarqu\u00eda <\/i>constitucional con un parlamento elegido. El rey de Marruecos tiene amplios poderes ejecutivos y legislativos, especialmente sobre el ej\u00e9rcito, la pol\u00edtica exterior y los asuntos religiosos. Gobierno ejerce el poder ejecutivo, mientras que el poder legislativo recae tanto en el gobierno como en las dos c\u00e1maras del parlamento, la Asamblea de Representantes y la Asamblea de Consejeros. El rey puede dictar decretos llamados Dahirs, que tienen fuerza de ley. Tambi\u00e9n puede disolver el parlamento tras consultar al Primer Ministro y al presidente del Tribunal Constitucional.<\/p><p>La religi\u00f3n predominante en Marruecos es el Islam, y las lenguas oficiales son el \u00e1rabe y el bereber. El \u00e1rabe marroqu\u00ed o darija y el franc\u00e9s son tambi\u00e9n muy utilizados. Marruecos es un miembro influyente de la Liga \u00c1rabe y forma parte de la Uni\u00f3n por el Mediterr\u00e1neo. Tiene la sexta econom\u00eda de \u00c1frica.<\/p>\t\t\t\t\t\t\t\t<\/div>\n\t\t\t\t<\/div>\n\t\t\t\t<div class=\"elementor-element elementor-element-7ca44d3b elementor-widget elementor-widget-spacer\" data-id=\"7ca44d3b\" data-element_type=\"widget\" data-e-type=\"widget\" data-widget_type=\"spacer.default\">\n\t\t\t\t<div class=\"elementor-widget-container\">\n\t\t\t\t\t\t\t<div class=\"elementor-spacer\">\n\t\t\t<div class=\"elementor-spacer-inner\"><\/div>\n\t\t<\/div>\n\t\t\t\t\t\t<\/div>\n\t\t\t\t<\/div>\n\t\t\t\t\t<\/div>\n\t\t<\/div>\n\t\t\t\t\t<\/div>\n\t\t<\/section>\n\t\t\t\t<\/div>\n\t\t","protected":false},"excerpt":{"rendered":"<p>Historia de Marruecos La historia de Marruecos es una de las principales cosas que hay que admirar en el \u00e1mbito tur\u00edstico. As\u00ed, Marruecos es un&hellip;<\/p>\n","protected":false},"author":1,"featured_media":4667,"parent":0,"menu_order":0,"comment_status":"closed","ping_status":"closed","template":"","meta":{"footnotes":""},"class_list":["post-229","page","type-page","status-publish","has-post-thumbnail","hentry"],"yoast_head":"<!-- This site is optimized with the Yoast SEO plugin v27.3 - https:\/\/yoast.com\/product\/yoast-seo-wordpress\/ -->\n<title>Historia de Marruecos | Viajes por Marruecos<\/title>\n<meta name=\"description\" content=\"HISTORIA DE MARRUECOS. desde hace m\u00e1s de un siglo. Su fundador fue Idriss I, famoso por hacer de Volubilis (Walili) su capital\" \/>\n<meta name=\"robots\" content=\"index, follow, max-snippet:-1, max-image-preview:large, max-video-preview:-1\" \/>\n<link rel=\"canonical\" href=\"https:\/\/moroccoeverydaytrip.com\/es\/historia-de-marruecos\/\" \/>\n<meta property=\"og:locale\" content=\"en_US\" \/>\n<meta property=\"og:type\" content=\"article\" \/>\n<meta property=\"og:title\" content=\"Historia de Marruecos | Viajes por Marruecos\" \/>\n<meta property=\"og:description\" content=\"HISTORIA DE MARRUECOS. desde hace m\u00e1s de un siglo. Su fundador fue Idriss I, famoso por hacer de Volubilis (Walili) su capital\" \/>\n<meta property=\"og:url\" content=\"https:\/\/moroccoeverydaytrip.com\/es\/historia-de-marruecos\/\" \/>\n<meta property=\"og:site_name\" content=\"Viajes por Marruecos\" \/>\n<meta property=\"article:modified_time\" content=\"2024-09-28T15:25:35+00:00\" \/>\n<meta property=\"og:image\" content=\"https:\/\/moroccoeverydaytrip.com\/es\/wp-content\/uploads\/2022\/12\/2-Nights-in-Desert-Camp.jpeg\" \/>\n\t<meta property=\"og:image:width\" content=\"1024\" \/>\n\t<meta property=\"og:image:height\" content=\"683\" \/>\n\t<meta property=\"og:image:type\" content=\"image\/jpeg\" \/>\n<meta name=\"twitter:card\" content=\"summary_large_image\" \/>\n<meta name=\"twitter:label1\" content=\"Est. reading time\" \/>\n\t<meta name=\"twitter:data1\" content=\"2 minutes\" \/>\n<script type=\"application\/ld+json\" class=\"yoast-schema-graph\">{\"@context\":\"https:\\\/\\\/schema.org\",\"@graph\":[{\"@type\":\"WebPage\",\"@id\":\"https:\\\/\\\/moroccoeverydaytrip.com\\\/es\\\/historia-de-marruecos\\\/\",\"url\":\"https:\\\/\\\/moroccoeverydaytrip.com\\\/es\\\/historia-de-marruecos\\\/\",\"name\":\"Historia de Marruecos | Viajes por Marruecos\",\"isPartOf\":{\"@id\":\"https:\\\/\\\/moroccoeverydaytrip.com\\\/es\\\/#website\"},\"primaryImageOfPage\":{\"@id\":\"https:\\\/\\\/moroccoeverydaytrip.com\\\/es\\\/historia-de-marruecos\\\/#primaryimage\"},\"image\":{\"@id\":\"https:\\\/\\\/moroccoeverydaytrip.com\\\/es\\\/historia-de-marruecos\\\/#primaryimage\"},\"thumbnailUrl\":\"https:\\\/\\\/moroccoeverydaytrip.com\\\/es\\\/wp-content\\\/uploads\\\/2022\\\/12\\\/2-Nights-in-Desert-Camp.jpeg\",\"datePublished\":\"2022-05-28T11:41:33+00:00\",\"dateModified\":\"2024-09-28T15:25:35+00:00\",\"description\":\"HISTORIA DE MARRUECOS. desde hace m\u00e1s de un siglo. Su fundador fue Idriss I, famoso por hacer de Volubilis (Walili) su capital\",\"breadcrumb\":{\"@id\":\"https:\\\/\\\/moroccoeverydaytrip.com\\\/es\\\/historia-de-marruecos\\\/#breadcrumb\"},\"inLanguage\":\"en-US\",\"potentialAction\":[{\"@type\":\"ReadAction\",\"target\":[\"https:\\\/\\\/moroccoeverydaytrip.com\\\/es\\\/historia-de-marruecos\\\/\"]}]},{\"@type\":\"ImageObject\",\"inLanguage\":\"en-US\",\"@id\":\"https:\\\/\\\/moroccoeverydaytrip.com\\\/es\\\/historia-de-marruecos\\\/#primaryimage\",\"url\":\"https:\\\/\\\/moroccoeverydaytrip.com\\\/es\\\/wp-content\\\/uploads\\\/2022\\\/12\\\/2-Nights-in-Desert-Camp.jpeg\",\"contentUrl\":\"https:\\\/\\\/moroccoeverydaytrip.com\\\/es\\\/wp-content\\\/uploads\\\/2022\\\/12\\\/2-Nights-in-Desert-Camp.jpeg\",\"width\":1024,\"height\":683,\"caption\":\"Historia de Marruecos\"},{\"@type\":\"BreadcrumbList\",\"@id\":\"https:\\\/\\\/moroccoeverydaytrip.com\\\/es\\\/historia-de-marruecos\\\/#breadcrumb\",\"itemListElement\":[{\"@type\":\"ListItem\",\"position\":1,\"name\":\"Home\",\"item\":\"https:\\\/\\\/moroccoeverydaytrip.com\\\/es\\\/\"},{\"@type\":\"ListItem\",\"position\":2,\"name\":\"Historia de Marruecos\"}]},{\"@type\":\"WebSite\",\"@id\":\"https:\\\/\\\/moroccoeverydaytrip.com\\\/es\\\/#website\",\"url\":\"https:\\\/\\\/moroccoeverydaytrip.com\\\/es\\\/\",\"name\":\"Viajes por Marruecos\",\"description\":\"Viajes por Marruecos\",\"potentialAction\":[{\"@type\":\"SearchAction\",\"target\":{\"@type\":\"EntryPoint\",\"urlTemplate\":\"https:\\\/\\\/moroccoeverydaytrip.com\\\/es\\\/?s={search_term_string}\"},\"query-input\":{\"@type\":\"PropertyValueSpecification\",\"valueRequired\":true,\"valueName\":\"search_term_string\"}}],\"inLanguage\":\"en-US\"}]}<\/script>\n<!-- \/ Yoast SEO plugin. -->","yoast_head_json":{"title":"Historia de Marruecos | Viajes por Marruecos","description":"HISTORIA DE MARRUECOS. desde hace m\u00e1s de un siglo. Su fundador fue Idriss I, famoso por hacer de Volubilis (Walili) su capital","robots":{"index":"index","follow":"follow","max-snippet":"max-snippet:-1","max-image-preview":"max-image-preview:large","max-video-preview":"max-video-preview:-1"},"canonical":"https:\/\/moroccoeverydaytrip.com\/es\/historia-de-marruecos\/","og_locale":"en_US","og_type":"article","og_title":"Historia de Marruecos | Viajes por Marruecos","og_description":"HISTORIA DE MARRUECOS. desde hace m\u00e1s de un siglo. Su fundador fue Idriss I, famoso por hacer de Volubilis (Walili) su capital","og_url":"https:\/\/moroccoeverydaytrip.com\/es\/historia-de-marruecos\/","og_site_name":"Viajes por Marruecos","article_modified_time":"2024-09-28T15:25:35+00:00","og_image":[{"width":1024,"height":683,"url":"https:\/\/moroccoeverydaytrip.com\/es\/wp-content\/uploads\/2022\/12\/2-Nights-in-Desert-Camp.jpeg","type":"image\/jpeg"}],"twitter_card":"summary_large_image","twitter_misc":{"Est. reading time":"2 minutes"},"schema":{"@context":"https:\/\/schema.org","@graph":[{"@type":"WebPage","@id":"https:\/\/moroccoeverydaytrip.com\/es\/historia-de-marruecos\/","url":"https:\/\/moroccoeverydaytrip.com\/es\/historia-de-marruecos\/","name":"Historia de Marruecos | Viajes por Marruecos","isPartOf":{"@id":"https:\/\/moroccoeverydaytrip.com\/es\/#website"},"primaryImageOfPage":{"@id":"https:\/\/moroccoeverydaytrip.com\/es\/historia-de-marruecos\/#primaryimage"},"image":{"@id":"https:\/\/moroccoeverydaytrip.com\/es\/historia-de-marruecos\/#primaryimage"},"thumbnailUrl":"https:\/\/moroccoeverydaytrip.com\/es\/wp-content\/uploads\/2022\/12\/2-Nights-in-Desert-Camp.jpeg","datePublished":"2022-05-28T11:41:33+00:00","dateModified":"2024-09-28T15:25:35+00:00","description":"HISTORIA DE MARRUECOS. desde hace m\u00e1s de un siglo. Su fundador fue Idriss I, famoso por hacer de Volubilis (Walili) su capital","breadcrumb":{"@id":"https:\/\/moroccoeverydaytrip.com\/es\/historia-de-marruecos\/#breadcrumb"},"inLanguage":"en-US","potentialAction":[{"@type":"ReadAction","target":["https:\/\/moroccoeverydaytrip.com\/es\/historia-de-marruecos\/"]}]},{"@type":"ImageObject","inLanguage":"en-US","@id":"https:\/\/moroccoeverydaytrip.com\/es\/historia-de-marruecos\/#primaryimage","url":"https:\/\/moroccoeverydaytrip.com\/es\/wp-content\/uploads\/2022\/12\/2-Nights-in-Desert-Camp.jpeg","contentUrl":"https:\/\/moroccoeverydaytrip.com\/es\/wp-content\/uploads\/2022\/12\/2-Nights-in-Desert-Camp.jpeg","width":1024,"height":683,"caption":"Historia de Marruecos"},{"@type":"BreadcrumbList","@id":"https:\/\/moroccoeverydaytrip.com\/es\/historia-de-marruecos\/#breadcrumb","itemListElement":[{"@type":"ListItem","position":1,"name":"Home","item":"https:\/\/moroccoeverydaytrip.com\/es\/"},{"@type":"ListItem","position":2,"name":"Historia de Marruecos"}]},{"@type":"WebSite","@id":"https:\/\/moroccoeverydaytrip.com\/es\/#website","url":"https:\/\/moroccoeverydaytrip.com\/es\/","name":"Viajes por Marruecos","description":"Viajes por Marruecos","potentialAction":[{"@type":"SearchAction","target":{"@type":"EntryPoint","urlTemplate":"https:\/\/moroccoeverydaytrip.com\/es\/?s={search_term_string}"},"query-input":{"@type":"PropertyValueSpecification","valueRequired":true,"valueName":"search_term_string"}}],"inLanguage":"en-US"}]}},"_links":{"self":[{"href":"https:\/\/moroccoeverydaytrip.com\/es\/wp-json\/wp\/v2\/pages\/229","targetHints":{"allow":["GET"]}}],"collection":[{"href":"https:\/\/moroccoeverydaytrip.com\/es\/wp-json\/wp\/v2\/pages"}],"about":[{"href":"https:\/\/moroccoeverydaytrip.com\/es\/wp-json\/wp\/v2\/types\/page"}],"author":[{"embeddable":true,"href":"https:\/\/moroccoeverydaytrip.com\/es\/wp-json\/wp\/v2\/users\/1"}],"replies":[{"embeddable":true,"href":"https:\/\/moroccoeverydaytrip.com\/es\/wp-json\/wp\/v2\/comments?post=229"}],"version-history":[{"count":29,"href":"https:\/\/moroccoeverydaytrip.com\/es\/wp-json\/wp\/v2\/pages\/229\/revisions"}],"predecessor-version":[{"id":7438,"href":"https:\/\/moroccoeverydaytrip.com\/es\/wp-json\/wp\/v2\/pages\/229\/revisions\/7438"}],"wp:featuredmedia":[{"embeddable":true,"href":"https:\/\/moroccoeverydaytrip.com\/es\/wp-json\/wp\/v2\/media\/4667"}],"wp:attachment":[{"href":"https:\/\/moroccoeverydaytrip.com\/es\/wp-json\/wp\/v2\/media?parent=229"}],"curies":[{"name":"wp","href":"https:\/\/api.w.org\/{rel}","templated":true}]}}