{"id":227,"date":"2022-05-28T11:40:57","date_gmt":"2022-05-28T11:40:57","guid":{"rendered":"https:\/\/moroccoeverydaytrip.com\/es\/?page_id=227"},"modified":"2024-06-25T20:30:03","modified_gmt":"2024-06-25T20:30:03","slug":"sobre-nosotros","status":"publish","type":"page","link":"https:\/\/moroccoeverydaytrip.com\/es\/sobre-nosotros\/","title":{"rendered":"Sobre Nosotros"},"content":{"rendered":"\t\t<div data-elementor-type=\"wp-page\" data-elementor-id=\"227\" class=\"elementor elementor-227\">\n\t\t\t\t\t\t<section class=\"elementor-section elementor-top-section elementor-element elementor-element-2b980847 elementor-section-height-min-height elementor-section-boxed elementor-section-height-default elementor-section-items-middle\" data-id=\"2b980847\" data-element_type=\"section\" data-e-type=\"section\" data-settings=\"{&quot;background_background&quot;:&quot;classic&quot;}\">\n\t\t\t\t\t\t<div class=\"elementor-container elementor-column-gap-default\">\n\t\t\t\t\t<div class=\"elementor-column elementor-col-100 elementor-top-column elementor-element elementor-element-7c8b40e7\" data-id=\"7c8b40e7\" data-element_type=\"column\" data-e-type=\"column\">\n\t\t\t<div class=\"elementor-widget-wrap elementor-element-populated\">\n\t\t\t\t\t\t<div class=\"elementor-element elementor-element-5ac2e780 elementor-widget elementor-widget-heading\" data-id=\"5ac2e780\" data-element_type=\"widget\" data-e-type=\"widget\" data-widget_type=\"heading.default\">\n\t\t\t\t<div class=\"elementor-widget-container\">\n\t\t\t\t\t<h1 class=\"elementor-heading-title elementor-size-default\">Sobre nosotros<\/h1>\t\t\t\t<\/div>\n\t\t\t\t<\/div>\n\t\t\t\t\t<\/div>\n\t\t<\/div>\n\t\t\t\t\t<\/div>\n\t\t<\/section>\n\t\t\t\t<section class=\"elementor-section elementor-top-section elementor-element elementor-element-6e74784c elementor-section-boxed elementor-section-height-default elementor-section-height-default\" data-id=\"6e74784c\" data-element_type=\"section\" data-e-type=\"section\">\n\t\t\t\t\t\t<div class=\"elementor-container elementor-column-gap-default\">\n\t\t\t\t\t<div class=\"elementor-column elementor-col-100 elementor-top-column elementor-element elementor-element-26c92319\" data-id=\"26c92319\" data-element_type=\"column\" data-e-type=\"column\">\n\t\t\t<div class=\"elementor-widget-wrap elementor-element-populated\">\n\t\t\t\t\t\t<div class=\"elementor-element elementor-element-7a33080 elementor-widget elementor-widget-heading\" data-id=\"7a33080\" data-element_type=\"widget\" data-e-type=\"widget\" data-widget_type=\"heading.default\">\n\t\t\t\t<div class=\"elementor-widget-container\">\n\t\t\t\t\t<h2 class=\"elementor-heading-title elementor-size-default\">Viajes al desierto de Marruecos<\/h2>\t\t\t\t<\/div>\n\t\t\t\t<\/div>\n\t\t\t\t<div class=\"elementor-element elementor-element-56b64409 elementor-widget elementor-widget-text-editor\" data-id=\"56b64409\" data-element_type=\"widget\" data-e-type=\"widget\" data-widget_type=\"text-editor.default\">\n\t\t\t\t<div class=\"elementor-widget-container\">\n\t\t\t\t\t\t\t\t\t<div class=\"elementor-element elementor-element-42f7fbb7 elementor-widget elementor-widget-text-editor\" data-id=\"42f7fbb7\" data-element_type=\"widget\" data-widget_type=\"text-editor.default\"><div class=\"elementor-widget-container\"><p>Bienvenido a la agencia de Viajes al desierto de Marruecos Somos una familia en el Sahara de Erg Chebbi. Gracias a los a\u00f1os de experiencia en turismo, hemos creado esta web de viajes a Marruecos para organizar viajes al desierto de <a href=\"https:\/\/es.wikipedia.org\/wiki\/Marruecos\">Marruecos<\/a>. Adem\u00e1s, estamos especializados en organizar viajes de un d\u00eda y excursiones por el desierto en el <a href=\"https:\/\/moroccoeverydaytrip.com\/es\/\">desierto de Merzouga<\/a>. Adem\u00e1s, ofrecemos viajes especiales para grupos, familias, parejas y viajeros en solitario. En general, le invitamos a Marruecos con diversas culturas y atracciones tur\u00edsticas para visitar. Es el pa\u00eds de los paisajes inesperados, de las costumbres, de la historia y de la hospitalidad de sus habitantes que le sorprender\u00e1. Por lo tanto, nuestro objetivo es hacerle explorar y experimentar el lado cultural de Marruecos.<\/p><p>Los viajeros de nuestro tour por el desierto de Marruecos tienen la gran oportunidad de descubrir las m\u00e1gicas dunas del desierto. Adem\u00e1s, experimentan la vida n\u00f3mada en nuestras excursiones en camello. Es decir, pasar las noches en el campamento del desierto y visitar a las familias n\u00f3madas est\u00e1 previsto en cualquier tour por el desierto de Marruecos que seleccione. Tambi\u00e9n presentamos a nuestros clientes a los mercados locales para explorar los art\u00edculos locales y tradicionales. Somos un organizador de <a href=\"https:\/\/moroccoeverydaytrip.com\/es\/contacto\/\">viajes a Marruecos<\/a> que se adapta a su presupuesto y necesidades. Sea uno de nuestros viajeros felices y reserve sus viajes al desierto de Marruecos con nosotros.<\/p><p>En Viajes al desierto de Marruecos, usted es capaz de figurar y admirar todos los destinos tur\u00edsticos que Marruecos tiene para ofrecer. Por ejemplo, le llevaremos a visitar las ciudades imperiales de Marruecos (Fez, Meknes, Marrakech y Rabat) y sus antiguas medinas. Adem\u00e1s, descubrir\u00e1 el Hollywood de \u00c1frica y la gran Kasbah de Ait Ben Haddou. A continuaci\u00f3n, vivir\u00e1s la mejor experiencia de las excursiones en camello por el S\u00e1hara de Erg Chebbi o el S\u00e1hara o Erg Chegaga.<\/p><p>Seleccione su tipo de viaje:<\/p><ul><li>Viajes a Marruecos en solitario<\/li><li>Viajes a Marruecos en Grupo<\/li><li>Viajes en Grupo Peque\u00f1o a Marruecos<\/li><li>Viajes a Marruecos en Grupo Compartido<\/li><li>Viajes a Marruecos en Familia<\/li><li>Viajes a Marruecos en pareja<\/li><\/ul><\/div><\/div><div class=\"elementor-element elementor-element-2625d427 elementor-widget elementor-widget-spacer\" data-id=\"2625d427\" data-element_type=\"widget\" data-widget_type=\"spacer.default\"><div class=\"elementor-widget-container\"><div class=\"elementor-spacer\">\u00a0<\/div><\/div><\/div>\t\t\t\t\t\t\t\t<\/div>\n\t\t\t\t<\/div>\n\t\t\t\t\t<\/div>\n\t\t<\/div>\n\t\t\t\t\t<\/div>\n\t\t<\/section>\n\t\t\t\t<\/div>\n\t\t","protected":false},"excerpt":{"rendered":"<p>Sobre nosotros Viajes al desierto de Marruecos Bienvenido a la agencia de Viajes al desierto de Marruecos Somos una familia en el Sahara de Erg&hellip;<\/p>\n","protected":false},"author":1,"featured_media":221,"parent":0,"menu_order":0,"comment_status":"closed","ping_status":"closed","template":"elementor_header_footer","meta":{"footnotes":""},"class_list":["post-227","page","type-page","status-publish","has-post-thumbnail","hentry"],"yoast_head":"<!-- This site is optimized with the Yoast SEO plugin v27.3 - https:\/\/yoast.com\/product\/yoast-seo-wordpress\/ -->\n<title>Sobre Nosotros | Viajes por Marruecos<\/title>\n<meta name=\"description\" content=\"Sobre Nosotros y los viajes al desierto desde Marrakech ofrecen experiencias inolvidables. Reserve sus vacaciones personalizadas...\" \/>\n<meta name=\"robots\" content=\"index, follow, max-snippet:-1, max-image-preview:large, max-video-preview:-1\" \/>\n<link rel=\"canonical\" href=\"https:\/\/moroccoeverydaytrip.com\/es\/sobre-nosotros\/\" \/>\n<meta property=\"og:locale\" content=\"en_US\" \/>\n<meta property=\"og:type\" content=\"article\" \/>\n<meta property=\"og:title\" content=\"Sobre Nosotros | Viajes por Marruecos\" \/>\n<meta property=\"og:description\" content=\"Sobre Nosotros y los viajes al desierto desde Marrakech ofrecen experiencias inolvidables. Reserve sus vacaciones personalizadas...\" \/>\n<meta property=\"og:url\" content=\"https:\/\/moroccoeverydaytrip.com\/es\/sobre-nosotros\/\" \/>\n<meta property=\"og:site_name\" content=\"Viajes por Marruecos\" \/>\n<meta property=\"article:modified_time\" content=\"2024-06-25T20:30:03+00:00\" \/>\n<meta property=\"og:image\" content=\"https:\/\/moroccoeverydaytrip.com\/es\/wp-content\/uploads\/2022\/04\/Morocco.jpg\" \/>\n\t<meta property=\"og:image:width\" content=\"1100\" \/>\n\t<meta property=\"og:image:height\" content=\"675\" \/>\n\t<meta property=\"og:image:type\" content=\"image\/jpeg\" \/>\n<meta name=\"twitter:card\" content=\"summary_large_image\" \/>\n<meta name=\"twitter:label1\" content=\"Est. reading time\" \/>\n\t<meta name=\"twitter:data1\" content=\"2 minutes\" \/>\n<script type=\"application\/ld+json\" class=\"yoast-schema-graph\">{\"@context\":\"https:\\\/\\\/schema.org\",\"@graph\":[{\"@type\":\"WebPage\",\"@id\":\"https:\\\/\\\/moroccoeverydaytrip.com\\\/es\\\/sobre-nosotros\\\/\",\"url\":\"https:\\\/\\\/moroccoeverydaytrip.com\\\/es\\\/sobre-nosotros\\\/\",\"name\":\"Sobre Nosotros | Viajes por Marruecos\",\"isPartOf\":{\"@id\":\"https:\\\/\\\/moroccoeverydaytrip.com\\\/es\\\/#website\"},\"primaryImageOfPage\":{\"@id\":\"https:\\\/\\\/moroccoeverydaytrip.com\\\/es\\\/sobre-nosotros\\\/#primaryimage\"},\"image\":{\"@id\":\"https:\\\/\\\/moroccoeverydaytrip.com\\\/es\\\/sobre-nosotros\\\/#primaryimage\"},\"thumbnailUrl\":\"https:\\\/\\\/moroccoeverydaytrip.com\\\/es\\\/wp-content\\\/uploads\\\/2022\\\/04\\\/Morocco.jpg\",\"datePublished\":\"2022-05-28T11:40:57+00:00\",\"dateModified\":\"2024-06-25T20:30:03+00:00\",\"description\":\"Sobre Nosotros y los viajes al desierto desde Marrakech ofrecen experiencias inolvidables. Reserve sus vacaciones personalizadas...\",\"breadcrumb\":{\"@id\":\"https:\\\/\\\/moroccoeverydaytrip.com\\\/es\\\/sobre-nosotros\\\/#breadcrumb\"},\"inLanguage\":\"en-US\",\"potentialAction\":[{\"@type\":\"ReadAction\",\"target\":[\"https:\\\/\\\/moroccoeverydaytrip.com\\\/es\\\/sobre-nosotros\\\/\"]}]},{\"@type\":\"ImageObject\",\"inLanguage\":\"en-US\",\"@id\":\"https:\\\/\\\/moroccoeverydaytrip.com\\\/es\\\/sobre-nosotros\\\/#primaryimage\",\"url\":\"https:\\\/\\\/moroccoeverydaytrip.com\\\/es\\\/wp-content\\\/uploads\\\/2022\\\/04\\\/Morocco.jpg\",\"contentUrl\":\"https:\\\/\\\/moroccoeverydaytrip.com\\\/es\\\/wp-content\\\/uploads\\\/2022\\\/04\\\/Morocco.jpg\",\"width\":1100,\"height\":675,\"caption\":\"Excursi\u00f3n de 5 d\u00edas desde Marrakech al desierto de Merzouga\"},{\"@type\":\"BreadcrumbList\",\"@id\":\"https:\\\/\\\/moroccoeverydaytrip.com\\\/es\\\/sobre-nosotros\\\/#breadcrumb\",\"itemListElement\":[{\"@type\":\"ListItem\",\"position\":1,\"name\":\"Home\",\"item\":\"https:\\\/\\\/moroccoeverydaytrip.com\\\/es\\\/\"},{\"@type\":\"ListItem\",\"position\":2,\"name\":\"Sobre Nosotros\"}]},{\"@type\":\"WebSite\",\"@id\":\"https:\\\/\\\/moroccoeverydaytrip.com\\\/es\\\/#website\",\"url\":\"https:\\\/\\\/moroccoeverydaytrip.com\\\/es\\\/\",\"name\":\"Viajes por Marruecos\",\"description\":\"Viajes por Marruecos\",\"potentialAction\":[{\"@type\":\"SearchAction\",\"target\":{\"@type\":\"EntryPoint\",\"urlTemplate\":\"https:\\\/\\\/moroccoeverydaytrip.com\\\/es\\\/?s={search_term_string}\"},\"query-input\":{\"@type\":\"PropertyValueSpecification\",\"valueRequired\":true,\"valueName\":\"search_term_string\"}}],\"inLanguage\":\"en-US\"}]}<\/script>\n<!-- \/ Yoast SEO plugin. -->","yoast_head_json":{"title":"Sobre Nosotros | Viajes por Marruecos","description":"Sobre Nosotros y los viajes al desierto desde Marrakech ofrecen experiencias inolvidables. Reserve sus vacaciones personalizadas...","robots":{"index":"index","follow":"follow","max-snippet":"max-snippet:-1","max-image-preview":"max-image-preview:large","max-video-preview":"max-video-preview:-1"},"canonical":"https:\/\/moroccoeverydaytrip.com\/es\/sobre-nosotros\/","og_locale":"en_US","og_type":"article","og_title":"Sobre Nosotros | Viajes por Marruecos","og_description":"Sobre Nosotros y los viajes al desierto desde Marrakech ofrecen experiencias inolvidables. Reserve sus vacaciones personalizadas...","og_url":"https:\/\/moroccoeverydaytrip.com\/es\/sobre-nosotros\/","og_site_name":"Viajes por Marruecos","article_modified_time":"2024-06-25T20:30:03+00:00","og_image":[{"width":1100,"height":675,"url":"https:\/\/moroccoeverydaytrip.com\/es\/wp-content\/uploads\/2022\/04\/Morocco.jpg","type":"image\/jpeg"}],"twitter_card":"summary_large_image","twitter_misc":{"Est. reading time":"2 minutes"},"schema":{"@context":"https:\/\/schema.org","@graph":[{"@type":"WebPage","@id":"https:\/\/moroccoeverydaytrip.com\/es\/sobre-nosotros\/","url":"https:\/\/moroccoeverydaytrip.com\/es\/sobre-nosotros\/","name":"Sobre Nosotros | Viajes por Marruecos","isPartOf":{"@id":"https:\/\/moroccoeverydaytrip.com\/es\/#website"},"primaryImageOfPage":{"@id":"https:\/\/moroccoeverydaytrip.com\/es\/sobre-nosotros\/#primaryimage"},"image":{"@id":"https:\/\/moroccoeverydaytrip.com\/es\/sobre-nosotros\/#primaryimage"},"thumbnailUrl":"https:\/\/moroccoeverydaytrip.com\/es\/wp-content\/uploads\/2022\/04\/Morocco.jpg","datePublished":"2022-05-28T11:40:57+00:00","dateModified":"2024-06-25T20:30:03+00:00","description":"Sobre Nosotros y los viajes al desierto desde Marrakech ofrecen experiencias inolvidables. Reserve sus vacaciones personalizadas...","breadcrumb":{"@id":"https:\/\/moroccoeverydaytrip.com\/es\/sobre-nosotros\/#breadcrumb"},"inLanguage":"en-US","potentialAction":[{"@type":"ReadAction","target":["https:\/\/moroccoeverydaytrip.com\/es\/sobre-nosotros\/"]}]},{"@type":"ImageObject","inLanguage":"en-US","@id":"https:\/\/moroccoeverydaytrip.com\/es\/sobre-nosotros\/#primaryimage","url":"https:\/\/moroccoeverydaytrip.com\/es\/wp-content\/uploads\/2022\/04\/Morocco.jpg","contentUrl":"https:\/\/moroccoeverydaytrip.com\/es\/wp-content\/uploads\/2022\/04\/Morocco.jpg","width":1100,"height":675,"caption":"Excursi\u00f3n de 5 d\u00edas desde Marrakech al desierto de Merzouga"},{"@type":"BreadcrumbList","@id":"https:\/\/moroccoeverydaytrip.com\/es\/sobre-nosotros\/#breadcrumb","itemListElement":[{"@type":"ListItem","position":1,"name":"Home","item":"https:\/\/moroccoeverydaytrip.com\/es\/"},{"@type":"ListItem","position":2,"name":"Sobre Nosotros"}]},{"@type":"WebSite","@id":"https:\/\/moroccoeverydaytrip.com\/es\/#website","url":"https:\/\/moroccoeverydaytrip.com\/es\/","name":"Viajes por Marruecos","description":"Viajes por Marruecos","potentialAction":[{"@type":"SearchAction","target":{"@type":"EntryPoint","urlTemplate":"https:\/\/moroccoeverydaytrip.com\/es\/?s={search_term_string}"},"query-input":{"@type":"PropertyValueSpecification","valueRequired":true,"valueName":"search_term_string"}}],"inLanguage":"en-US"}]}},"_links":{"self":[{"href":"https:\/\/moroccoeverydaytrip.com\/es\/wp-json\/wp\/v2\/pages\/227","targetHints":{"allow":["GET"]}}],"collection":[{"href":"https:\/\/moroccoeverydaytrip.com\/es\/wp-json\/wp\/v2\/pages"}],"about":[{"href":"https:\/\/moroccoeverydaytrip.com\/es\/wp-json\/wp\/v2\/types\/page"}],"author":[{"embeddable":true,"href":"https:\/\/moroccoeverydaytrip.com\/es\/wp-json\/wp\/v2\/users\/1"}],"replies":[{"embeddable":true,"href":"https:\/\/moroccoeverydaytrip.com\/es\/wp-json\/wp\/v2\/comments?post=227"}],"version-history":[{"count":11,"href":"https:\/\/moroccoeverydaytrip.com\/es\/wp-json\/wp\/v2\/pages\/227\/revisions"}],"predecessor-version":[{"id":7218,"href":"https:\/\/moroccoeverydaytrip.com\/es\/wp-json\/wp\/v2\/pages\/227\/revisions\/7218"}],"wp:featuredmedia":[{"embeddable":true,"href":"https:\/\/moroccoeverydaytrip.com\/es\/wp-json\/wp\/v2\/media\/221"}],"wp:attachment":[{"href":"https:\/\/moroccoeverydaytrip.com\/es\/wp-json\/wp\/v2\/media?parent=227"}],"curies":[{"name":"wp","href":"https:\/\/api.w.org\/{rel}","templated":true}]}}